{"id":21208,"date":"2023-07-28T13:47:07","date_gmt":"2023-07-28T13:47:07","guid":{"rendered":"https:\/\/www.customywear.com\/?post_type=product&#038;p=21208"},"modified":"2026-05-07T15:29:52","modified_gmt":"2026-05-07T15:29:52","slug":"personalizovane-tricko-indicky-chlapec","status":"publish","type":"product","link":"https:\/\/www.customywear.com\/cs\/custom-indian-boy-tee\/","title":{"rendered":"Personalized Indian Boy Tee &#8211; Travel to India T-shirt for boys"},"content":{"rendered":"<p>Pozvedn\u011bte sv\u016fj styl s na\u0161\u00edm jedine\u010dn\u00fdm personalizovan\u00fdm indick\u00fdm tri\u010dkem pro chlapce, kde se cenn\u00e9 vzpom\u00ednky setk\u00e1vaj\u00ed s trendy m\u00f3dou. Na\u0161i zku\u0161en\u00ed um\u011blci prom\u011bn\u00ed va\u0161i drahocennou fotografii v \u00fa\u017easn\u00fd vektorov\u00fd portr\u00e9t, kter\u00fd bezprobl\u00e9mov\u011b propojuje tradici a modernu. Zachy\u0165te podstatu bohat\u00e9 indick\u00e9 kultury, zat\u00edmco si va\u0161e d\u00edt\u011b obl\u00e9kne jedine\u010dn\u00e9 personalizovan\u00e9 um\u011bleck\u00e9 d\u00edlo. Na\u0161e tri\u010dka s DTG potiskem, vytvo\u0159en\u00e1 s odborn\u00fdmi znalostmi v programech Adobe Illustrator a Adobe Photoshop, zaru\u010duj\u00ed vysoce kvalitn\u00ed a z\u00e1\u0159iv\u00e9 designy, kter\u00e9 vydr\u017e\u00ed. Vyu\u017eijte v\u0161estrannost na\u0161\u00ed unisex kolekce, vhodn\u00e9 pro ka\u017edou v\u011bkovou skupinu, od dosp\u011bl\u00fdch p\u0159es ml\u00e1de\u017e, d\u011bti a\u017e po batolata. A\u0165 u\u017e se jedn\u00e1 o narozeniny, dovolenou nebo jakoukoli jinou p\u0159\u00edle\u017eitost, na\u0161e tri\u010dka na m\u00edru jsou promy\u0161len\u00fdmi a h\u0159ejiv\u00fdmi d\u00e1rky, kter\u00e9 vyniknou. Dop\u0159ejte si radost z personalizace, zat\u00edmco my vdechujeme \u017eivot va\u0161im n\u00e1pad\u016fm, a to nejen pro mlad\u00e9, ale i pro dosp\u011bl\u00e9, a zaji\u0161\u0165ujeme tak m\u00f3dn\u00ed prohl\u00e1\u0161en\u00ed pro celou rodinu. D\u00edky rozmanit\u00e9 nab\u00eddce dostupn\u00fdch design\u016f si najdete perfektn\u00ed volbu pro sv\u00e9 preference. Za\u017eijte kouzlo prom\u011bny vzpom\u00ednek v nositeln\u00e9 um\u011bn\u00ed a vytvo\u0159te trval\u00e9 okam\u017eiky s na\u0161imi jedine\u010dn\u011b personalizovan\u00fdmi tri\u010dky.<\/p>","protected":false},"excerpt":{"rendered":"<p>Oslavte kulturu s personalizovan\u00fdm tri\u010dkem Indian Boy. Vlastn\u00ed fotografie tri\u010dka prom\u011bn\u00ed jakoukoli fotografii v jedine\u010dn\u00e9, jedine\u010dn\u00e9 tri\u010dko.<\/p>","protected":false},"featured_media":142878,"comment_status":"open","ping_status":"closed","template":"","meta":{"_acf_changed":false},"product_brand":[],"product_cat":[6189,6264,6412,6428],"product_tag":[560,6433,6439,2309,2314,65,67,73],"class_list":{"0":"post-21208","1":"product","2":"type-product","3":"status-publish","4":"has-post-thumbnail","6":"product_cat-boys-t-shirts","7":"product_cat-custom-gifts-indian-culture","8":"product_cat-photo-to-tees","9":"product_cat-translate-products","10":"product_tag-adventure_shirt","11":"product_tag-ai-artwork","12":"product_tag-ai-kids-artwork","13":"product_tag-diwali_gift","14":"product_tag-indian_wedding","15":"product_tag-kid","16":"product_tag-kids_birthday_shirt","17":"product_tag-youth-boy","19":"first","20":"instock","21":"taxable","22":"shipping-taxable","23":"purchasable","24":"product-type-simple"},"acf":[],"wcpa_form_fields":null,"_links":{"self":[{"href":"https:\/\/www.customywear.com\/cs\/wp-json\/wp\/v2\/product\/21208","targetHints":{"allow":["GET"]}}],"collection":[{"href":"https:\/\/www.customywear.com\/cs\/wp-json\/wp\/v2\/product"}],"about":[{"href":"https:\/\/www.customywear.com\/cs\/wp-json\/wp\/v2\/types\/product"}],"replies":[{"embeddable":true,"href":"https:\/\/www.customywear.com\/cs\/wp-json\/wp\/v2\/comments?post=21208"}],"wp:featuredmedia":[{"embeddable":true,"href":"https:\/\/www.customywear.com\/cs\/wp-json\/wp\/v2\/media\/142878"}],"wp:attachment":[{"href":"https:\/\/www.customywear.com\/cs\/wp-json\/wp\/v2\/media?parent=21208"}],"wp:term":[{"taxonomy":"product_brand","embeddable":true,"href":"https:\/\/www.customywear.com\/cs\/wp-json\/wp\/v2\/product_brand?post=21208"},{"taxonomy":"product_cat","embeddable":true,"href":"https:\/\/www.customywear.com\/cs\/wp-json\/wp\/v2\/product_cat?post=21208"},{"taxonomy":"product_tag","embeddable":true,"href":"https:\/\/www.customywear.com\/cs\/wp-json\/wp\/v2\/product_tag?post=21208"}],"curies":[{"name":"wp","href":"https:\/\/api.w.org\/{rel}","templated":true}]}}