{"id":21214,"date":"2023-07-28T13:47:11","date_gmt":"2023-07-28T13:47:11","guid":{"rendered":"https:\/\/www.customywear.com\/?post_type=product&#038;p=21214"},"modified":"2026-05-07T15:29:52","modified_gmt":"2026-05-07T15:29:52","slug":"divci-tricko-s-karate-na-zakazku","status":"publish","type":"product","link":"https:\/\/www.customywear.com\/cs\/custom-karate-kid-girls-shirt\/","title":{"rendered":"Vlastn\u00ed Karate Kid D\u00edvky Tri\u010dko | Osobn\u00ed Bojov\u00fdch Um\u011bn\u00ed Youth Tee"},"content":{"rendered":"<p>Inspirujte sv\u00e9 mal\u00e9 sportovn\u00ed nad\u0161ence na\u0161\u00edm \u201eD\u00edv\u010d\u00edm tri\u010dkem s motivem karate na zak\u00e1zku\u201c, kde dovedn\u011b prom\u011bn\u00edme fotografii va\u0161eho d\u00edt\u011bte v poutav\u00fd vektorov\u00fd portr\u00e9t d\u00edt\u011bte, na kter\u00e9m p\u0159edv\u00e1d\u00ed sv\u00e9 karate pohyby. Toto personalizovan\u00e9 d\u011btsk\u00e9 tri\u010dko je perfektn\u00edm d\u00e1rkem pro mlad\u00e9 milovn\u00edky bojov\u00fdch um\u011bn\u00ed a povzbuzuje je, aby p\u0159ijali svou v\u00e1\u0161e\u0148 pro sport a bojov\u00e1 um\u011bn\u00ed. S vyu\u017eit\u00edm odborn\u00fdch znalost\u00ed program\u016f Adobe Illustrator a Adobe Photoshop zaji\u0161\u0165ujeme, aby ka\u017ed\u00fd detail fotografie va\u0161eho d\u00edt\u011bte byl p\u0159em\u011bn\u011bn na vysoce kvalitn\u00ed vektorovou grafiku, kter\u00e1 zachycuje podstatu jeho cesty bojov\u00fdmi um\u011bn\u00edmi. Toto kreativn\u00ed tri\u010dko, kter\u00e9 je k dispozici v d\u011btsk\u00e9 verzi s kr\u00e1tk\u00fdm i dlouh\u00fdm ruk\u00e1vem, je vhodn\u00e9 pro d\u00edvky v\u0161ech v\u011bkov\u00fdch kategori\u00ed, od batolat a\u017e po d\u011bti a ml\u00e1de\u017e. Design je poti\u0161t\u011bn technologi\u00ed DTG, kter\u00e1 zaji\u0161\u0165uje z\u00e1\u0159iv\u00e9 barvy a odolnost p\u0159i ka\u017ed\u00e9m pran\u00ed. Aby byl tri\u010dko je\u0161t\u011b v\u00fdjime\u010dn\u011bj\u0161\u00ed, nab\u00edz\u00edme mo\u017enost zahrnout do grafiky obli\u010dej va\u0161eho dom\u00e1c\u00edho mazl\u00ed\u010dka, co\u017e dod\u00e1 tri\u010dku dal\u0161\u00ed n\u00e1dech personalizace. Povzbu\u010fte sv\u00e9 mal\u00e9 nad\u0161ence do bojov\u00fdch um\u011bn\u00ed, aby hrd\u011b nosilo svou v\u00e1\u0161e\u0148, s t\u00edmto jedine\u010dn\u00fdm d\u00edv\u010d\u00edm tri\u010dkem s motivem karate na zak\u00e1zku, kter\u00e9 bude promy\u0161len\u00fdm a posiluj\u00edc\u00edm dopl\u0148kem jej\u00edho \u0161atn\u00edku.<\/p>","protected":false},"excerpt":{"rendered":"<p>Mistr bojov\u00fdch um\u011bn\u00ed s vlastn\u00ed ko\u0161il\u00ed Karate Kid Girls. Personalizovan\u00e1 tri\u010dka pro ml\u00e1de\u017e bojov\u00fdch um\u011bn\u00ed prom\u011bn\u00ed jakoukoli fotografii v jedine\u010dn\u00e9, jedine\u010dn\u00e9 tri\u010dko.<\/p>","protected":false},"featured_media":142941,"comment_status":"open","ping_status":"closed","template":"","meta":{"_acf_changed":false},"product_brand":[],"product_cat":[6193,2406,6412,6428],"product_tag":[6433,6439,934,2408,1301,1302,65,67,326,156],"class_list":{"0":"post-21214","1":"product","2":"type-product","3":"status-publish","4":"has-post-thumbnail","6":"product_cat-girls-t-shirts","7":"product_cat-custom-gifts-karate","8":"product_cat-photo-to-tees","9":"product_cat-translate-products","10":"product_tag-ai-artwork","11":"product_tag-ai-kids-artwork","12":"product_tag-birthday_shirt","13":"product_tag-custom-arts-karate","14":"product_tag-jiu_jitsu_shirt","15":"product_tag-karate_gift","16":"product_tag-kid","17":"product_tag-kids_birthday_shirt","18":"product_tag-sports","19":"product_tag-youth-girl","21":"first","22":"instock","23":"taxable","24":"shipping-taxable","25":"purchasable","26":"product-type-simple"},"acf":[],"wcpa_form_fields":null,"_links":{"self":[{"href":"https:\/\/www.customywear.com\/cs\/wp-json\/wp\/v2\/product\/21214","targetHints":{"allow":["GET"]}}],"collection":[{"href":"https:\/\/www.customywear.com\/cs\/wp-json\/wp\/v2\/product"}],"about":[{"href":"https:\/\/www.customywear.com\/cs\/wp-json\/wp\/v2\/types\/product"}],"replies":[{"embeddable":true,"href":"https:\/\/www.customywear.com\/cs\/wp-json\/wp\/v2\/comments?post=21214"}],"wp:featuredmedia":[{"embeddable":true,"href":"https:\/\/www.customywear.com\/cs\/wp-json\/wp\/v2\/media\/142941"}],"wp:attachment":[{"href":"https:\/\/www.customywear.com\/cs\/wp-json\/wp\/v2\/media?parent=21214"}],"wp:term":[{"taxonomy":"product_brand","embeddable":true,"href":"https:\/\/www.customywear.com\/cs\/wp-json\/wp\/v2\/product_brand?post=21214"},{"taxonomy":"product_cat","embeddable":true,"href":"https:\/\/www.customywear.com\/cs\/wp-json\/wp\/v2\/product_cat?post=21214"},{"taxonomy":"product_tag","embeddable":true,"href":"https:\/\/www.customywear.com\/cs\/wp-json\/wp\/v2\/product_tag?post=21214"}],"curies":[{"name":"wp","href":"https:\/\/api.w.org\/{rel}","templated":true}]}}