{"id":21220,"date":"2023-07-28T13:47:15","date_gmt":"2023-07-28T13:47:15","guid":{"rendered":"https:\/\/www.customywear.com\/?post_type=product&#038;p=21220"},"modified":"2026-05-05T20:24:09","modified_gmt":"2026-05-05T20:24:09","slug":"korejske-panske-tricko-na-miru","status":"publish","type":"product","link":"https:\/\/www.customywear.com\/cs\/custom-korean-man-shirt\/","title":{"rendered":"Korejsk\u00e9 p\u00e1nsk\u00e9 tri\u010dko na m\u00edru | Personalizovan\u00e9 tradi\u010dn\u00ed cestovn\u00ed tri\u010dko"},"content":{"rendered":"<p>Vydejte se na cestu do okouzluj\u00edc\u00edho sv\u011bta korejsk\u00e9 kultury s na\u0161\u00edm \u201eko\u0161ilem na m\u00edru pro korejsk\u00e9 mu\u017ee\u201c, kde va\u0161i fotografii dovedn\u011b prom\u011bn\u00edme v poutav\u00fd vektorov\u00fd portr\u00e9t, kter\u00fd bude vypadat, jako byste byli oble\u010deni v tradi\u010dn\u00edm korejsk\u00e9m od\u011bvu. Toto tri\u010dko na m\u00edru oslavuje kouzlo cestov\u00e1n\u00ed a kulturn\u00edho objevov\u00e1n\u00ed a je smyslupln\u00fdm a jedine\u010dn\u00fdm d\u00e1rkem pro ty, kte\u0159\u00ed oce\u0148uj\u00ed bohatstv\u00ed korejsk\u00e9ho d\u011bdictv\u00ed. Na\u0161e unisex tri\u010dka s kr\u00e1tk\u00fdm i dlouh\u00fdm ruk\u00e1vem na m\u00edru pro dosp\u011bl\u00e9 zaji\u0161\u0165uj\u00ed pohodln\u00e9 a stylov\u00e9 no\u0161en\u00ed pro ka\u017ed\u00e9ho a d\u00edky pou\u017eit\u00ed program\u016f Adobe Illustrator a Adobe Photoshop garantujeme vysoce kvalitn\u00ed vektorovou grafiku, kter\u00e1 kr\u00e1sn\u011b zachycuje podstatu korejsk\u00e9 tradice. A\u0165 u\u017e chcete p\u0159ipomenout speci\u00e1ln\u00ed cestu do Ji\u017en\u00ed Koreje, nebo jen projevit svou l\u00e1sku ke korejsk\u00e9 kultu\u0159e, toto personalizovan\u00e9 tri\u010dko je perfektn\u00ed volbou. Nav\u00edc m\u00e1te mo\u017enost do portr\u00e9tu zahrnout obli\u010dej sv\u00e9ho milovan\u00e9ho mazl\u00ed\u010dka, co\u017e d\u00e1rku dod\u00e1 dal\u0161\u00ed n\u00e1dech personalizace. Vkro\u010dte do sv\u011bta korejsk\u00e9 kultury a obejm\u011bte kr\u00e1su tradic s na\u0161\u00edm tri\u010dkem na m\u00edru pro korejsk\u00e9 mu\u017ee, kter\u00e9 je pozoruhodnou poctou nad\u010dasov\u00e9mu kouzlu kulturn\u00ed rozmanitosti.<\/p>","protected":false},"excerpt":{"rendered":"<p>P\u0159ijm\u011bte tradici s vlastn\u00ed korejskou ko\u0161il\u00ed. Personalizovan\u00e1 tri\u010dka tradi\u010dn\u00edch \u0161at\u016f prom\u011bn\u00ed jakoukoli fotografii v jedine\u010dn\u00e9 kulturn\u00ed tri\u010dko.<\/p>","protected":false},"featured_media":142948,"comment_status":"open","ping_status":"closed","template":"","meta":{"_acf_changed":false},"product_brand":[],"product_cat":[6195,6157,6156,2421,186,6345,6412,6428],"product_tag":[6433,193,2422,503,2345,102,6216,209],"class_list":{"0":"post-21220","1":"product","2":"type-product","3":"status-publish","4":"has-post-thumbnail","6":"product_cat-t-shirts-men","7":"product_cat-country","8":"product_cat-culture","9":"product_cat-custom-gifts-korean-culture","10":"product_cat-men","11":"product_cat-mens-country-culture-t-shirts","12":"product_cat-photo-to-tees","13":"product_cat-translate-products","14":"product_tag-ai-artwork","15":"product_tag-boyfriend_gift","16":"product_tag-custom-arts-korean","17":"product_tag-girlfriend_gift","18":"product_tag-kpop_shirt","19":"product_tag-long_distance_gift","20":"product_tag-mens-custom-t-shirts","21":"product_tag-travel_lover_gift","23":"first","24":"instock","25":"taxable","26":"shipping-taxable","27":"purchasable","28":"product-type-simple"},"acf":[],"wcpa_form_fields":null,"_links":{"self":[{"href":"https:\/\/www.customywear.com\/cs\/wp-json\/wp\/v2\/product\/21220","targetHints":{"allow":["GET"]}}],"collection":[{"href":"https:\/\/www.customywear.com\/cs\/wp-json\/wp\/v2\/product"}],"about":[{"href":"https:\/\/www.customywear.com\/cs\/wp-json\/wp\/v2\/types\/product"}],"replies":[{"embeddable":true,"href":"https:\/\/www.customywear.com\/cs\/wp-json\/wp\/v2\/comments?post=21220"}],"wp:featuredmedia":[{"embeddable":true,"href":"https:\/\/www.customywear.com\/cs\/wp-json\/wp\/v2\/media\/142948"}],"wp:attachment":[{"href":"https:\/\/www.customywear.com\/cs\/wp-json\/wp\/v2\/media?parent=21220"}],"wp:term":[{"taxonomy":"product_brand","embeddable":true,"href":"https:\/\/www.customywear.com\/cs\/wp-json\/wp\/v2\/product_brand?post=21220"},{"taxonomy":"product_cat","embeddable":true,"href":"https:\/\/www.customywear.com\/cs\/wp-json\/wp\/v2\/product_cat?post=21220"},{"taxonomy":"product_tag","embeddable":true,"href":"https:\/\/www.customywear.com\/cs\/wp-json\/wp\/v2\/product_tag?post=21220"}],"curies":[{"name":"wp","href":"https:\/\/api.w.org\/{rel}","templated":true}]}}