{"id":21221,"date":"2023-07-28T13:47:16","date_gmt":"2023-07-28T13:47:16","guid":{"rendered":"https:\/\/www.customywear.com\/?post_type=product&#038;p=21221"},"modified":"2026-05-05T20:23:30","modified_gmt":"2026-05-05T20:23:30","slug":"zakazkova-kosile-s-korejskym-vzorem-pro-zeny","status":"publish","type":"product","link":"https:\/\/www.customywear.com\/cs\/custom-korean-women-culture-shirt\/","title":{"rendered":"D\u00e1msk\u00e9 korejsk\u00e9 tri\u010dko s kulturou na zak\u00e1zku | Personalizovan\u00e9 tradi\u010dn\u00ed tri\u010dko"},"content":{"rendered":"<p>Pono\u0159te se do kr\u00e1sy korejsk\u00e9 kultury s na\u0161\u00edm \u201eTri\u010dkem s korejskou kulturou na m\u00edru\u201c, kde va\u0161i fotografii dovedn\u011b prom\u011bn\u00edme v podmaniv\u00fd vektorov\u00fd portr\u00e9t, kter\u00fd bude vypadat, jako byste byli elegantn\u011b oble\u010deni v tradi\u010dn\u00edm korejsk\u00e9m od\u011bvu. Toto tri\u010dko na m\u00edru p\u0159edstavuje bohatstv\u00ed a d\u011bdictv\u00ed korejsk\u00e9 kultury a je tak smyslupln\u00fdm a jedine\u010dn\u00fdm d\u00e1rkem pro ty, kte\u0159\u00ed oce\u0148uj\u00ed kouzlo cestov\u00e1n\u00ed a kulturn\u00edho pozn\u00e1v\u00e1n\u00ed. N\u00e1\u0161 unisex design tri\u010dek s kr\u00e1tk\u00fdm i dlouh\u00fdm ruk\u00e1vem pro dosp\u011bl\u00e9 na m\u00edru zaji\u0161\u0165uje pohodln\u00e9 a stylov\u00e9 no\u0161en\u00ed pro ka\u017ed\u00e9ho a d\u00edky pou\u017eit\u00ed program\u016f Adobe Illustrator a Adobe Photoshop garantujeme vysoce kvalitn\u00ed vektorovou grafiku, kter\u00e1 kr\u00e1sn\u011b zachycuje podstatu korejsk\u00e9 tradice. A\u0165 u\u017e chcete p\u0159ipomenout speci\u00e1ln\u00ed cestu do Ji\u017en\u00ed Koreje, nebo jednodu\u0161e oslavit kouzlo korejsk\u00e9ho d\u011bdictv\u00ed, toto personalizovan\u00e9 tri\u010dko je perfektn\u00ed volbou. Nav\u00edc m\u00e1te mo\u017enost do portr\u00e9tu zahrnout obli\u010dej sv\u00e9ho milovan\u00e9ho mazl\u00ed\u010dka, co\u017e d\u00e1rku dod\u00e1 dal\u0161\u00ed n\u00e1dech personalizace. Vkro\u010dte do sv\u011bta korejsk\u00e9 kultury a projevte svou l\u00e1sku k cestov\u00e1n\u00ed s na\u0161\u00edm tri\u010dkem s korejskou kulturou na m\u00edru, kter\u00e9 je pozoruhodnou poctou nad\u010dasov\u00e9mu kouzlu tradice a historie.<\/p>","protected":false},"excerpt":{"rendered":"<p>Oslavte kulturu vlastn\u00ed ko\u0161ilkou korejsk\u00e9 kultury \u017een. Personalizovan\u00e1 tri\u010dka s tradi\u010dn\u00edm oble\u010den\u00edm prom\u011bn\u00ed jakoukoli fotografii v jedine\u010dn\u00e9 tri\u010dko sv\u00e9ho druhu.<\/p>","protected":false},"featured_media":142955,"comment_status":"open","ping_status":"closed","template":"","meta":{"_acf_changed":false},"product_brand":[],"product_cat":[6191,2421,6412,6428,6355],"product_tag":[6433,2422,503,2345,102,209,112],"class_list":{"0":"post-21221","1":"product","2":"type-product","3":"status-publish","4":"has-post-thumbnail","6":"product_cat-t-shirts-women","7":"product_cat-custom-gifts-korean-culture","8":"product_cat-photo-to-tees","9":"product_cat-translate-products","10":"product_cat-womens-culture-country-t-shirts","11":"product_tag-ai-artwork","12":"product_tag-custom-arts-korean","13":"product_tag-girlfriend_gift","14":"product_tag-kpop_shirt","15":"product_tag-long_distance_gift","16":"product_tag-travel_lover_gift","17":"product_tag-women","19":"first","20":"instock","21":"taxable","22":"shipping-taxable","23":"purchasable","24":"product-type-simple"},"acf":[],"wcpa_form_fields":null,"_links":{"self":[{"href":"https:\/\/www.customywear.com\/cs\/wp-json\/wp\/v2\/product\/21221","targetHints":{"allow":["GET"]}}],"collection":[{"href":"https:\/\/www.customywear.com\/cs\/wp-json\/wp\/v2\/product"}],"about":[{"href":"https:\/\/www.customywear.com\/cs\/wp-json\/wp\/v2\/types\/product"}],"replies":[{"embeddable":true,"href":"https:\/\/www.customywear.com\/cs\/wp-json\/wp\/v2\/comments?post=21221"}],"wp:featuredmedia":[{"embeddable":true,"href":"https:\/\/www.customywear.com\/cs\/wp-json\/wp\/v2\/media\/142955"}],"wp:attachment":[{"href":"https:\/\/www.customywear.com\/cs\/wp-json\/wp\/v2\/media?parent=21221"}],"wp:term":[{"taxonomy":"product_brand","embeddable":true,"href":"https:\/\/www.customywear.com\/cs\/wp-json\/wp\/v2\/product_brand?post=21221"},{"taxonomy":"product_cat","embeddable":true,"href":"https:\/\/www.customywear.com\/cs\/wp-json\/wp\/v2\/product_cat?post=21221"},{"taxonomy":"product_tag","embeddable":true,"href":"https:\/\/www.customywear.com\/cs\/wp-json\/wp\/v2\/product_tag?post=21221"}],"curies":[{"name":"wp","href":"https:\/\/api.w.org\/{rel}","templated":true}]}}