{"id":21227,"date":"2023-07-28T13:47:20","date_gmt":"2023-07-28T13:47:20","guid":{"rendered":"https:\/\/www.customywear.com\/?post_type=product&#038;p=21227"},"modified":"2026-05-05T20:23:30","modified_gmt":"2026-05-05T20:23:30","slug":"zakazkova-damska-kosile-pravnika","status":"publish","type":"product","link":"https:\/\/www.customywear.com\/cs\/custom-female-lawyer-shirt\/","title":{"rendered":"Tri\u010dko na m\u00edru pro pr\u00e1vni\u010dky | Personalizovan\u00fd d\u00e1rek pro pr\u00e1vni\u010dky pro \u017eeny"},"content":{"rendered":"<p>Oslavte v\u00fdjime\u010dn\u00e9 \u017eeny v pr\u00e1vnick\u00e9 profesi s na\u0161\u00edm \u201eTri\u010dkem pro pr\u00e1vni\u010dky na m\u00edru\u201c, kde va\u0161i fotografii dovedn\u011b prom\u011bn\u00edme v poutav\u00fd vektorov\u00fd portr\u00e9t, d\u00edky kter\u00e9mu budete vypadat jako sebev\u011bdom\u00e1 a zku\u0161en\u00e1 pr\u00e1vni\u010dka. Toto personalizovan\u00e9 tri\u010dko nen\u00ed jen promy\u0161len\u00fdm d\u00e1rkem, ale tak\u00e9 skv\u011bl\u00fdm zp\u016fsobem, jak uct\u00edt pr\u00e1vni\u010dky, a\u0165 u\u017e jde o oslavu odchodu do d\u016fchodu, miln\u00edk nebo jednodu\u0161e o vyj\u00e1d\u0159en\u00ed uzn\u00e1n\u00ed za jejich oddanost spravedlnosti a pr\u00e1vu. Na\u0161e unisex tri\u010dka s kr\u00e1tk\u00fdm i dlouh\u00fdm ruk\u00e1vem na m\u00edru pro dosp\u011bl\u00e9 zaji\u0161\u0165uj\u00ed vysoce kvalitn\u00ed a pohodln\u00e9 no\u0161en\u00ed pro v\u0161echny, co\u017e z nich \u010din\u00ed ide\u00e1ln\u00ed d\u00e1rek pro pr\u00e1vni\u010dky v\u0161ech v\u011bkov\u00fdch kategori\u00ed. S vyu\u017eit\u00edm odborn\u00fdch znalost\u00ed program\u016f Adobe Illustrator a Adobe Photoshop pe\u010dliv\u011b vytv\u00e1\u0159\u00edme jedine\u010dn\u00fd a poutav\u00fd design, kter\u00fd odr\u00e1\u017e\u00ed va\u0161i profesion\u00e1ln\u00ed zdatnost a v\u00e1\u0161e\u0148 pro pr\u00e1vn\u00ed oblast. Nav\u00edc m\u00e1te mo\u017enost do portr\u00e9tu zahrnout obli\u010dej sv\u00e9ho milovan\u00e9ho mazl\u00ed\u010dka, co\u017e d\u00e1rku dod\u00e1 dal\u0161\u00ed n\u00e1dech personalizace. Uct\u011bte neuv\u011b\u0159iteln\u00e9 \u017eeny v pr\u00e1vnick\u00e9m sv\u011bt\u011b s na\u0161\u00edm tri\u010dkem pro pr\u00e1vni\u010dky na m\u00edru, smyslupln\u00fdm a nezapomenuteln\u00fdm d\u00e1rkem, kter\u00fd oslavuje jejich \u00fasp\u011bchy a p\u0159\u00ednos pro spole\u010dnost.<\/p>","protected":false},"excerpt":{"rendered":"<p>Ct\u011bte z\u00e1kon a styl s vlastn\u00ed ko\u0161il\u00ed pr\u00e1vni\u010dky. Personalizovan\u00e9 d\u00e1rky pro \u017eeny prom\u011b\u0148uj\u00ed jakoukoli fotografii v jedine\u010dn\u00e9 tri\u010dko inspirovan\u00e9 profesion\u00e1lem.<\/p>","protected":false},"featured_media":142983,"comment_status":"open","ping_status":"closed","template":"","meta":{"_acf_changed":false},"product_brand":[],"product_cat":[6191,2436,6412,6428],"product_tag":[6433,6222,1039],"class_list":{"0":"post-21227","1":"product","2":"type-product","3":"status-publish","4":"has-post-thumbnail","6":"product_cat-t-shirts-women","7":"product_cat-custom-gifts-lawyer","8":"product_cat-photo-to-tees","9":"product_cat-translate-products","10":"product_tag-ai-artwork","11":"product_tag-custom-lawyer-t-shirts","12":"product_tag-retirement_gift","14":"first","15":"instock","16":"taxable","17":"shipping-taxable","18":"purchasable","19":"product-type-simple"},"acf":[],"wcpa_form_fields":null,"_links":{"self":[{"href":"https:\/\/www.customywear.com\/cs\/wp-json\/wp\/v2\/product\/21227","targetHints":{"allow":["GET"]}}],"collection":[{"href":"https:\/\/www.customywear.com\/cs\/wp-json\/wp\/v2\/product"}],"about":[{"href":"https:\/\/www.customywear.com\/cs\/wp-json\/wp\/v2\/types\/product"}],"replies":[{"embeddable":true,"href":"https:\/\/www.customywear.com\/cs\/wp-json\/wp\/v2\/comments?post=21227"}],"wp:featuredmedia":[{"embeddable":true,"href":"https:\/\/www.customywear.com\/cs\/wp-json\/wp\/v2\/media\/142983"}],"wp:attachment":[{"href":"https:\/\/www.customywear.com\/cs\/wp-json\/wp\/v2\/media?parent=21227"}],"wp:term":[{"taxonomy":"product_brand","embeddable":true,"href":"https:\/\/www.customywear.com\/cs\/wp-json\/wp\/v2\/product_brand?post=21227"},{"taxonomy":"product_cat","embeddable":true,"href":"https:\/\/www.customywear.com\/cs\/wp-json\/wp\/v2\/product_cat?post=21227"},{"taxonomy":"product_tag","embeddable":true,"href":"https:\/\/www.customywear.com\/cs\/wp-json\/wp\/v2\/product_tag?post=21227"}],"curies":[{"name":"wp","href":"https:\/\/api.w.org\/{rel}","templated":true}]}}