{"id":21258,"date":"2023-07-28T13:47:43","date_gmt":"2023-07-28T13:47:43","guid":{"rendered":"https:\/\/www.customywear.com\/?post_type=product&#038;p=21258"},"modified":"2026-05-07T15:29:51","modified_gmt":"2026-05-07T15:29:51","slug":"personalizovana-divci-kosile-morske-panny","status":"publish","type":"product","link":"https:\/\/www.customywear.com\/cs\/personalized-mermaid-girl-youth-shirt\/","title":{"rendered":"Personalizovan\u00e9 tri\u010dko s mo\u0159skou pannou pro d\u00edvky | Tri\u010dko s motivem podvodn\u00edho dobrodru\u017estv\u00ed na zak\u00e1zku"},"content":{"rendered":"<p>Pono\u0159te se do sv\u011bta fantazie s na\u0161\u00edm \u201ePersonalizovan\u00fdm d\u011btsk\u00e9m tri\u010dkem s mo\u0159skou pannou\u201c, kde se fotografie va\u0161eho d\u00edt\u011bte prom\u011bn\u00ed v poutavou vektorovou ilustraci pomoc\u00ed Adobe Illustratoru. Sledujte, jak se va\u0161e ratolest na tomto tri\u010dku na m\u00edru prom\u011bn\u00ed v p\u016fvabnou mo\u0159skou pannu, kter\u00e1 prozkoum\u00e1v\u00e1 hlubiny oce\u00e1nu. Tento okouzluj\u00edc\u00ed design slou\u017e\u00ed jako perfektn\u00ed inspirativn\u00ed d\u00e1rek pro mlad\u00e9, n\u00e1padit\u00e9 mysli, kter\u00e9 okouzluje mystick\u00fd sv\u011bt mo\u0159sk\u00fdch panen. Na\u0161i zku\u0161en\u00ed design\u00e9\u0159i pou\u017e\u00edvaj\u00ed sv\u00e1 kouzla v Adobe Illustratoru a Adobe Photoshopu k vytvo\u0159en\u00ed vysoce kvalitn\u00ed vektorov\u00e9 grafiky, kter\u00e1 o\u017eivuje fantazii o mo\u0159sk\u00fdch pann\u00e1ch z\u00e1\u0159iv\u00fdmi barvami a propracovan\u00fdmi detaily. Technika tisku DTG zaji\u0161\u0165uje, \u017ee design z\u016fstane \u017eiv\u00fd a odoln\u00fd i po nes\u010detn\u00fdch dobrodru\u017estv\u00edch. Toto unisex tri\u010dko je k dispozici pro v\u0161echny v\u011bkov\u00e9 skupiny, v\u010detn\u011b dosp\u011bl\u00fdch, ml\u00e1de\u017ee, d\u011bt\u00ed a batolat, co\u017e z n\u011bj \u010din\u00ed p\u0159\u00edjemn\u00e9 p\u0159ekvapen\u00ed pro celou rodinu. Nab\u00edz\u00edme tak\u00e9 mo\u017enost personalizace designu s libovolnou lidskou nebo zv\u00ed\u0159ec\u00ed tv\u00e1\u0159\u00ed, co\u017e tomuto rozko\u0161n\u00e9mu tri\u010dku s motivem mo\u0159sk\u00e9 panny dod\u00e1 dal\u0161\u00ed n\u00e1dech magie a jedine\u010dnosti.<\/p>","protected":false},"excerpt":{"rendered":"<p>Prozkoumejte mo\u0159e s personalizovan\u00fdm tri\u010dkem Mermaid Girl Youth. Custom Underwater Adventure Tees prom\u011bn\u00ed jakoukoli fotografii v hrav\u00e9, jedine\u010dn\u00e9 tri\u010dko.<\/p>","protected":false},"featured_media":143011,"comment_status":"open","ping_status":"closed","template":"","meta":{"_acf_changed":false},"product_brand":[],"product_cat":[6193,1615,6412,6428],"product_tag":[6433,6439,6331,1616,65,1617,1618,2457,156],"class_list":{"0":"post-21258","1":"product","2":"type-product","3":"status-publish","4":"has-post-thumbnail","6":"product_cat-girls-t-shirts","7":"product_cat-custom-gifts-mermaid","8":"product_cat-photo-to-tees","9":"product_cat-translate-products","10":"product_tag-ai-artwork","11":"product_tag-ai-kids-artwork","12":"product_tag-custom-picture-t-shirt-for-girls","13":"product_tag-custom-arts-mermaid","14":"product_tag-kid","15":"product_tag-mermaid_gifts","16":"product_tag-mermaid_shirt","17":"product_tag-ocean_shirt","18":"product_tag-youth-girl","20":"first","21":"instock","22":"taxable","23":"shipping-taxable","24":"purchasable","25":"product-type-simple"},"acf":[],"wcpa_form_fields":null,"_links":{"self":[{"href":"https:\/\/www.customywear.com\/cs\/wp-json\/wp\/v2\/product\/21258","targetHints":{"allow":["GET"]}}],"collection":[{"href":"https:\/\/www.customywear.com\/cs\/wp-json\/wp\/v2\/product"}],"about":[{"href":"https:\/\/www.customywear.com\/cs\/wp-json\/wp\/v2\/types\/product"}],"replies":[{"embeddable":true,"href":"https:\/\/www.customywear.com\/cs\/wp-json\/wp\/v2\/comments?post=21258"}],"wp:featuredmedia":[{"embeddable":true,"href":"https:\/\/www.customywear.com\/cs\/wp-json\/wp\/v2\/media\/143011"}],"wp:attachment":[{"href":"https:\/\/www.customywear.com\/cs\/wp-json\/wp\/v2\/media?parent=21258"}],"wp:term":[{"taxonomy":"product_brand","embeddable":true,"href":"https:\/\/www.customywear.com\/cs\/wp-json\/wp\/v2\/product_brand?post=21258"},{"taxonomy":"product_cat","embeddable":true,"href":"https:\/\/www.customywear.com\/cs\/wp-json\/wp\/v2\/product_cat?post=21258"},{"taxonomy":"product_tag","embeddable":true,"href":"https:\/\/www.customywear.com\/cs\/wp-json\/wp\/v2\/product_tag?post=21258"}],"curies":[{"name":"wp","href":"https:\/\/api.w.org\/{rel}","templated":true}]}}