{"id":21272,"date":"2023-07-28T13:47:59","date_gmt":"2023-07-28T13:47:59","guid":{"rendered":"https:\/\/www.customywear.com\/?post_type=product&#038;p=21272"},"modified":"2026-05-07T15:29:51","modified_gmt":"2026-05-07T15:29:51","slug":"vlastni-jeptiska-mlada-divka-kosile","status":"publish","type":"product","link":"https:\/\/www.customywear.com\/cs\/custom-nun-young-girl-shirt\/","title":{"rendered":"Tri\u010dko pro mlad\u00e9 jepti\u0161ky na zak\u00e1zku | Personalizovan\u00e9 n\u00e1bo\u017eensk\u00e9 tri\u010dko"},"content":{"rendered":"<p>Za\u017eehn\u011bte ducha oddanosti a inspirace s na\u0161\u00edm exkluzivn\u00edm d\u00edv\u010d\u00edm tri\u010dkem s motivem jepti\u0161ky, personalizovanou \u00f3dou na v\u00edru a hodnoty. Na\u0161i zku\u0161en\u00ed \u0159emesln\u00edci prom\u011bn\u00ed fotografii va\u0161eho d\u00edt\u011bte v podmaniv\u00fd vektorov\u00fd portr\u00e9t, kter\u00fd um\u011blecky zobraz\u00ed va\u0161e d\u00edt\u011b v jepti\u0161k\u00e1ch. Toto d\u011btsk\u00e9 tri\u010dko na m\u00edru slou\u017e\u00ed jako h\u0159ejiv\u00fd a smyslupln\u00fd d\u00e1rek, ide\u00e1ln\u00ed pro v\u0161t\u00edpen\u00ed \u00facty a spojen\u00ed s n\u00e1bo\u017eensk\u00fdm u\u010den\u00edm.<\/p>\n<p>Vyu\u017e\u00edv\u00e1me tv\u016fr\u010d\u00ed s\u00edlu program\u016f Adobe Illustrator a Adobe Photoshop a vdechujeme va\u0161im viz\u00edm \u017eivot prost\u0159ednictv\u00edm DTG tisku, \u010d\u00edm\u017e zaji\u0161\u0165ujeme \u017eiv\u00e9 a trval\u00e9 designy, kter\u00e9 symbolizuj\u00ed hloubku v\u00edry. Prozkoumejte v\u0161estrannost na\u0161\u00ed kolekce, kter\u00e1 je ur\u010dena pro r\u016fzn\u00e9 v\u011bkov\u00e9 skupiny \u2013 od batolat a d\u011bt\u00ed a\u017e po ml\u00e1de\u017e a dosp\u011bl\u00e9. A\u0165 u\u017e chcete podpo\u0159it duchovn\u00ed cestu mlad\u00e9 du\u0161e, nebo jednodu\u0161e oslavovat kr\u00e1su n\u00e1bo\u017eensk\u00e9ho od\u011bvu, na\u0161e personalizovan\u00e1 tri\u010dka zt\u011bles\u0148uj\u00ed l\u00e1sku, oddanost a smysl \u017eivota.<\/p>\n<p>Popus\u0165te s\u00edlu personalizace a postava va\u0161eho d\u00edt\u011bte se v tomto promy\u0161len\u00e9m designu stane \u00fast\u0159edn\u00edm bodem a podpo\u0159\u00ed spojen\u00ed s v\u00edrou a sd\u00edlen\u00fdmi hodnotami. Objevte \u0159adu mo\u017enost\u00ed, ka\u017ed\u00e9 tri\u010dko je pl\u00e1tnem, kter\u00e9 zachycuje podstatu jedine\u010dn\u00e9 identity va\u0161eho d\u00edt\u011bte. Za\u017eijte radost z darov\u00e1n\u00ed jedine\u010dn\u00e9 vzpom\u00ednky, zapouzd\u0159en\u00e9 ve vysoce kvalitn\u00edm, personalizovan\u00e9m tri\u010dku, kter\u00e9 \u017eiv\u00ed ducha a ukazuje kr\u00e1su n\u00e1bo\u017eensk\u00fdch tradic. Tato tri\u010dka nab\u00edzej\u00ed stylov\u00fd a smyslupln\u00fd zp\u016fsob, jak uct\u00edt v\u00edru a z\u00e1rove\u0148 rozv\u00edjet smysl \u017eivota v mlad\u00e9m srdci.<\/p>","protected":false},"excerpt":{"rendered":"<p>Oslavte v\u00edru vlastn\u00ed ko\u0161il\u00ed pro mladou jepti\u0161ku. Personalizovan\u00e1 n\u00e1bo\u017eensk\u00e1 tri\u010dka prom\u011bn\u00ed jakoukoli fotografii ve smyslupln\u00e9 a inspirativn\u00ed oble\u010den\u00ed.<\/p>","protected":false},"featured_media":101181,"comment_status":"open","ping_status":"closed","template":"","meta":{"_acf_changed":false},"product_brand":[],"product_cat":[6193,6412,6428,6436],"product_tag":[6439,65,156],"class_list":{"0":"post-21272","1":"product","2":"type-product","3":"status-publish","4":"has-post-thumbnail","6":"product_cat-girls-t-shirts","7":"product_cat-photo-to-tees","8":"product_cat-translate-products","9":"product_cat-v2-boy-girl","10":"product_tag-ai-kids-artwork","11":"product_tag-kid","12":"product_tag-youth-girl","13":"wcpa_has_options","15":"first","16":"instock","17":"taxable","18":"shipping-taxable","19":"purchasable","20":"product-type-simple"},"acf":[],"wcpa_form_fields":{"wcpaData":{"product":{"product_price":24.99,"price_html":"<span class=\"wmc-wc-price\" ><span class=\"woocommerce-Price-amount amount\"><bdi><span class=\"woocommerce-Price-currencySymbol\">&euro;<\/span>24,99<\/bdi><\/span><span data-wmc_price_cache=\"{&quot;USD&quot;:&quot;&lt;span class=\\&quot;woocommerce-Price-amount amount\\&quot;&gt;&lt;bdi&gt;&lt;span class=\\&quot;woocommerce-Price-currencySymbol\\&quot;&gt;&amp;#36;&lt;\\\/span&gt;29,24&lt;\\\/bdi&gt;&lt;\\\/span&gt;&quot;,&quot;EUR&quot;:&quot;&lt;span class=\\&quot;woocommerce-Price-amount amount\\&quot;&gt;&lt;bdi&gt;&lt;span class=\\&quot;woocommerce-Price-currencySymbol\\&quot;&gt;&amp;euro;&lt;\\\/span&gt;24,99&lt;\\\/bdi&gt;&lt;\\\/span&gt;&quot;,&quot;CAD&quot;:&quot;&lt;span class=\\&quot;woocommerce-Price-amount amount\\&quot;&gt;&lt;bdi&gt;&lt;span class=\\&quot;woocommerce-Price-currencySymbol\\&quot;&gt;CAD$ &lt;\\\/span&gt;39,98&lt;\\\/bdi&gt;&lt;\\\/span&gt;&quot;,&quot;GBP&quot;:&quot;&lt;span class=\\&quot;woocommerce-Price-amount amount\\&quot;&gt;&lt;bdi&gt;&lt;span class=\\&quot;woocommerce-Price-currencySymbol\\&quot;&gt;&amp;pound;&lt;\\\/span&gt;21,74&lt;\\\/bdi&gt;&lt;\\\/span&gt;&quot;,&quot;PLN&quot;:&quot;&lt;span class=\\&quot;woocommerce-Price-amount amount\\&quot;&gt;&lt;bdi&gt;&lt;span class=\\&quot;woocommerce-Price-currencySymbol\\&quot;&gt;z\\u0142 &lt;\\\/span&gt;105,96&lt;\\\/bdi&gt;&lt;\\\/span&gt;&quot;,&quot;SEK&quot;:&quot;&lt;span class=\\&quot;woocommerce-Price-amount amount\\&quot;&gt;&lt;bdi&gt;&lt;span class=\\&quot;woocommerce-Price-currencySymbol\\&quot;&gt;kr &lt;\\\/span&gt;272,64&lt;\\\/bdi&gt;&lt;\\\/span&gt;&quot;,&quot;AUD&quot;:&quot;&lt;span class=\\&quot;woocommerce-Price-amount amount\\&quot;&gt;&lt;bdi&gt;&lt;span class=\\&quot;woocommerce-Price-currencySymbol\\&quot;&gt;AUD$ &lt;\\\/span&gt;40,23&lt;\\\/bdi&gt;&lt;\\\/span&gt;&quot;,&quot;JPY&quot;:&quot;&lt;span class=\\&quot;woocommerce-Price-amount amount\\&quot;&gt;&lt;bdi&gt;&lt;span class=\\&quot;woocommerce-Price-currencySymbol\\&quot;&gt;&amp;yen;&lt;\\\/span&gt;4.620,90&lt;\\\/bdi&gt;&lt;\\\/span&gt;&quot;,&quot;CZK&quot;:&quot;&lt;span class=\\&quot;woocommerce-Price-amount amount\\&quot;&gt;&lt;bdi&gt;&lt;span class=\\&quot;woocommerce-Price-currencySymbol\\&quot;&gt;K\\u010d &lt;\\\/span&gt;607,76&lt;\\\/bdi&gt;&lt;\\\/span&gt;&quot;,&quot;NZD&quot;:&quot;&lt;span class=\\&quot;woocommerce-Price-amount amount\\&quot;&gt;&lt;bdi&gt;&lt;span class=\\&quot;woocommerce-Price-currencySymbol\\&quot;&gt;NZD$ &lt;\\\/span&gt;49,23&lt;\\\/bdi&gt;&lt;\\\/span&gt;&quot;,&quot;CHF&quot;:&quot;&lt;span class=\\&quot;woocommerce-Price-amount amount\\&quot;&gt;&lt;bdi&gt;&lt;span class=\\&quot;woocommerce-Price-currencySymbol\\&quot;&gt;CHF &lt;\\\/span&gt;22,99&lt;\\\/bdi&gt;&lt;\\\/span&gt;&quot;}\" style=\"display: none;\" class=\"wmc-price-cache-list\"><\/span><\/span>","original_product_price":24.99,"price_including_tax":24.99,"price_excluding_tax":20.825,"product_id":{"parent":21272,"variation":false},"is_variable":false,"stock_status":"instock","stock_quantity":null,"parent_sku":"custom-tees-529","product_attributes":{"pa_style":{"is_variation":false,"values":["girls-t-shirt"]},"pa_customization":{"is_variation":false,"values":["add-your-photo","add-your-text-or-name","add-your-logo"]},"pa_material":{"is_variation":false,"values":["100-cotton"]},"pa_key-details":{"is_variation":false,"values":["unisex","regular-fit","premium-quality","digital-art"]},"pa_brand":{"is_variation":false,"values":["customywear"]},"pa_age-group":{"is_variation":false,"values":["kids"]},"pa_gender":{"is_variation":false,"values":["girl"]},"pa_color":{"is_variation":false,"values":["black","white","navy","red"]},"pa_print-type":{"is_variation":false,"values":["dtg-print-direct-to-garment"]},"pa_size":{"is_variation":false,"values":["s","m","l","xl"]}},"custom_fields":[],"is_taxable":true,"product_name":"Custom Nun Young Girl Shirt | Personalized Religious Tee"},"fields":{"sec_168d3aad5dc660":{"extra":{"key":"sec_168d3aad5dc660","section_id":"sec_168d3aad5dc660","name":"T-shirt size and color","status":1,"cl_rule":"show","enableCl":false,"relations":[],"toggle":true,"title_tag":"h4","show_title":false,"showPrice":"default","form_id":137342,"form_rules":{"exclude_from_discount":false,"fee_label":"Frais","disp_hide_options_price":false,"disp_show_section_price":false,"disp_show_field_price":true,"layout_option":"standard","pric_use_as_fee":false,"process_fee_as":"woo_fee"},"layout_option":"standard"},"fields":[[{"active":true,"col":6,"relations":false,"cl_rule":"show","enableCl":false,"price":"","enablePrice":false,"className":"","label_position":"default","desc_position":"default","type":"color-group","required":false,"elementId":"color_group_7023184051","label":"Color","name":"color_group_7023184051","disp_type":"circle","values":[{"label":"Black","value":"Black","selected":false,"color":"#000000","tempId":"aco_219","gt_translate_keys":["label"]},{"label":"White","value":"White","selected":false,"color":"#f6f6f6","tempId":"aco_220","gt_translate_keys":["label"]},{"label":"Navy","value":"Navy","selected":false,"color":"#213a92","tempId":"aco_569","gt_translate_keys":["label"]},{"label":"Red","value":"Red","selected":false,"color":"#d0021b","tempId":"aco_580","gt_translate_keys":["label"]}],"layOut":"inline","error":false,"tooltip":"Pick your preferred T-shirt color","selection_type":"tick-border","show_selected_option":true,"adjust_width":true,"cart_display_type":"text","gt_translate_keys":["label","tooltip"],"price_dependency":false,"cl_dependency":false,"value":""}],[{"active":true,"col":6,"relations":false,"cl_rule":"show","enableCl":false,"price":"","enablePrice":false,"className":"","label_position":"default","desc_position":"default","type":"radio-group","required":false,"elementId":"radio-group_468d3aad5dc68e","label":"Size ","name":"radio-group_468d3aad5dc68e","values":[{"label":"S","value":"S","selected":false,"tempId":"aco_263","gt_translate_keys":["label"]},{"label":"M","value":"M","selected":false,"tempId":"aco_264","gt_translate_keys":["label"]},{"label":"L","value":"L","selected":false,"tempId":"aco_265","gt_translate_keys":["label"]},{"label":"XL","value":"XL","selected":false,"tempId":"aco_409","gt_translate_keys":["label"]}],"layOut":"inline","error":false,"checkUi":"button","show_selected_option":true,"tooltip":"Choose the T-shirt size for kids. Suitable for both boys and girls.","gt_translate_keys":["label","tooltip"],"price_dependency":false,"cl_dependency":false,"value":""}],[{"active":true,"col":6,"relations":[],"cl_rule":"hide","enableCl":false,"price":"","enablePrice":false,"className":"","label_position":"default","desc_position":"default","type":"file","required":false,"elementId":"file_668d3aad5dc69f","name":"file_668d3aad5dc69f","label":"Upload your kid's photo(s)","upload_type":"droppable","uploadSize":"50","file_types":["images","docs","design"],"exts_supported":["jpg","jpeg","png","gif","webp","pdf","PSD"],"error":false,"hideImageIn_email":true,"multiple_upload":true,"max_file_count":"25","tooltip":"Please provide clear photos of the person or pet looking directly at the camera.","cartLabel":"Photo(s)","allowedFileTypes":".jpg,.jpeg,.png,.gif,.webp,.pdf,.PSD,image\/*,.doc,.docx,.xml,.dot,.docm,.dotm,.dotx,.htm,.html,.odt,.rtf,.txt,.wps,.xps,application\/msword,application\/vnd,.psd,.eps,.ai,.indd,.raw","gt_translate_keys":["label","tooltip"],"price_dependency":false,"cl_dependency":false,"value":""}],[{"active":true,"col":6,"relations":false,"cl_rule":"show","enableCl":false,"price":"","enablePrice":false,"className":"","label_position":"default","desc_position":"default","type":"checkbox","required":false,"elementId":"checkbox_568d3aad5dc6ad","label":"View more options","name":"checkbox_568d3aad5dc6ad","value":"","check_value":"More options","checkUi":"","error":false,"hideFieldIn_cart":true,"hideFieldIn_order":true,"tooltip":"Click to explore additional free customization features","gt_translate_keys":["label","value","tooltip","check_value"],"price_dependency":false,"cl_dependency":["text_468d3aad5dc6b8","radio-group_668d3aad5dc6c6","radio-group_768d3aad5dc6d3"]}],[{"active":true,"col":6,"relations":[{"operator":false,"rules":[{"operator":"AND","rules":{"cl_field":"checkbox_568d3aad5dc6ad","cl_relation":"is","cl_val":true}}]}],"cl_rule":"show","enableCl":true,"price":"","enablePrice":false,"className":"","label_position":"default","desc_position":"default","type":"text","subtype":"text","required":false,"elementId":"text_468d3aad5dc6b8","label":"Add text to your T-shirt design (optional)","name":"text_468d3aad5dc6b8","value":"","error":false,"tooltip":"Your text will be added to the top or bottom of the T-shirt design.","placeholder":"eg: \"Noah: My Sunshine\"","cartLabel":"Text","gt_translate_keys":["label","placeholder","value","tooltip"],"price_dependency":false,"cl_dependency":false}],[{"active":true,"col":6,"relations":[{"operator":false,"rules":[{"operator":"AND","rules":{"cl_field":"checkbox_568d3aad5dc6ad","cl_relation":"is","cl_val":true}}]}],"cl_rule":"show","enableCl":true,"price":"","enablePrice":false,"className":"","label_position":"default","desc_position":"default","type":"radio-group","required":true,"elementId":"radio-group_668d3aad5dc6c6","label":"Select t-shirt print location","name":"radio-group_668d3aad5dc6c6","values":[{"label":"Front Side","value":"Front Side","selected":true,"tempId":"aco_5504","gt_translate_keys":["label"]},{"label":"Back Side","value":"Back Side","selected":false,"tempId":"aco_5505","gt_translate_keys":["label"]}],"layOut":"inline","error":false,"checkUi":"","cartLabel":"Print location","gt_translate_keys":["label"],"price_dependency":false,"cl_dependency":false,"value":""}],[{"active":true,"col":6,"relations":[{"operator":false,"rules":[{"operator":"AND","rules":{"cl_field":"checkbox_568d3aad5dc6ad","cl_relation":"is","cl_val":true}}]}],"cl_rule":"show","enableCl":true,"price":"","enablePrice":false,"className":"","label_position":"default","desc_position":"default","type":"radio-group","required":false,"elementId":"radio-group_768d3aad5dc6d3","label":"Would you like to review the design before printing?","name":"radio-group_768d3aad5dc6d3","values":[{"label":"No","value":"No","selected":true,"tempId":"aco_6274","gt_translate_keys":["label"]},{"label":"Yes","value":"Yes","selected":false,"tempId":"aco_6275","price":"","gt_translate_keys":["label"]}],"layOut":"inline","error":false,"checkUi":"","priceOptions":"different_for_all","pricingType":"fixed","use_as_fee":false,"fee_label":"Preview Image","tooltip":"If yes, we\u2019ll email you a preview of the design before printing. This may add 1-2 days to delivery time.*","hideFieldIn_cart":true,"hideFieldIn_order":true,"cartLabel":"Preview Image","gt_translate_keys":["label","tooltip"],"price_dependency":false,"cl_dependency":["content_468d3aad5dc6e0"],"value":""}],[{"active":true,"col":6,"relations":[{"operator":false,"rules":[{"operator":"AND","rules":{"cl_field":"radio-group_768d3aad5dc6d3","cl_relation":"is","cl_val":"Yes"}}]}],"cl_rule":"show","enableCl":true,"price":"","enablePrice":false,"className":"","label_position":"default","desc_position":"default","type":"content","required":false,"elementId":"content_468d3aad5dc6e0","label":"","name":"content_468d3aad5dc6e0","contentType":"plain","value":"Please check your inbox, including Spam or other folders, within 1-2 business days for the preview image","error":false,"subtype":"p","hideFieldIn_cart":true,"hideFieldIn_order":true,"gt_translate_keys":["label","value"],"price_dependency":false,"cl_dependency":false}]]}},"config":{"price_override":"","enable_recaptcha":false,"bind_quantity":false,"quantity_bind_formula":false,"disp_summ_show_option_price":false,"disp_summ_show_product_price":false,"disp_summ_show_total_price":false,"disp_summ_show_fee":false,"disp_summ_show_discount":false,"summary_title":"","options_total_label":"Prix des options","total_label":"Total","options_product_label":"Prix du produit","fee_label":"Frais","discount_label":"Discount","has_price":true,"has_quantity_formula":false},"mc_unit":1,"tax_rate":1,"tax_rate_real":0,"discount":{"percentage":0,"fixed":0},"design":{"conf":{"LabelPosition":"above","DescPosition":"above","UploadField":"default","QuantityFieldStyle":"default"},"css":{"LeftLabelWidth":"120px"}},"formulas":[],"clones":false,"cartKey":false}},"_links":{"self":[{"href":"https:\/\/www.customywear.com\/cs\/wp-json\/wp\/v2\/product\/21272","targetHints":{"allow":["GET"]}}],"collection":[{"href":"https:\/\/www.customywear.com\/cs\/wp-json\/wp\/v2\/product"}],"about":[{"href":"https:\/\/www.customywear.com\/cs\/wp-json\/wp\/v2\/types\/product"}],"replies":[{"embeddable":true,"href":"https:\/\/www.customywear.com\/cs\/wp-json\/wp\/v2\/comments?post=21272"}],"wp:featuredmedia":[{"embeddable":true,"href":"https:\/\/www.customywear.com\/cs\/wp-json\/wp\/v2\/media\/101181"}],"wp:attachment":[{"href":"https:\/\/www.customywear.com\/cs\/wp-json\/wp\/v2\/media?parent=21272"}],"wp:term":[{"taxonomy":"product_brand","embeddable":true,"href":"https:\/\/www.customywear.com\/cs\/wp-json\/wp\/v2\/product_brand?post=21272"},{"taxonomy":"product_cat","embeddable":true,"href":"https:\/\/www.customywear.com\/cs\/wp-json\/wp\/v2\/product_cat?post=21272"},{"taxonomy":"product_tag","embeddable":true,"href":"https:\/\/www.customywear.com\/cs\/wp-json\/wp\/v2\/product_tag?post=21272"}],"curies":[{"name":"wp","href":"https:\/\/api.w.org\/{rel}","templated":true}]}}