{"id":21302,"date":"2023-07-28T13:48:37","date_gmt":"2023-07-28T13:48:37","guid":{"rendered":"https:\/\/www.customywear.com\/?post_type=product&#038;p=21302"},"modified":"2026-05-07T15:29:49","modified_gmt":"2026-05-07T15:29:49","slug":"kosile-kralovny-kralovske-straze","status":"publish","type":"product","link":"https:\/\/www.customywear.com\/cs\/queens-royal-guard-shirt\/","title":{"rendered":"Postavte se s kr\u00e1lovnami: D\u00edv\u010d\u00ed tri\u010dko kr\u00e1lovsk\u00e9 gardy na zak\u00e1zku \u2013 personalizovan\u00e9 d\u011btsk\u00e9 tri\u010dko"},"content":{"rendered":"<p>Dop\u0159ejte sv\u00e9mu d\u00edt\u011bti kreativn\u00ed design tri\u010dka s kr\u00e1tk\u00fdm a dlouh\u00fdm ruk\u00e1vem pro ml\u00e1de\u017e. S fotografi\u00ed va\u0161eho d\u00edt\u011bte odborn\u011b vytvo\u0159\u00edme v Adobe Illustratoru poutavou vektorovou grafiku a prom\u011bn\u00edme ho v hrd\u00e9ho a vzne\u0161en\u00e9ho \u010dlena kr\u00e1lovsk\u00e9 gardy. Toto personalizovan\u00e9 tri\u010dko na m\u00edru je perfektn\u00edm d\u00e1rkem pro mlad\u00e9 lidi, kter\u00fd do jejich \u0161atn\u00edku dod\u00e1 n\u00e1dech humoru a vzru\u0161en\u00ed. N\u00e1\u0161 DTG tisk zaji\u0161\u0165uje vysoce kvalitn\u00ed vektorovou grafiku, tak\u017ee tri\u010dko je vhodn\u00e9 pro dosp\u011bl\u00e9 i d\u011bti. Toto unisex tri\u010dko je k dispozici v r\u016fzn\u00fdch velikostech pro ml\u00e1de\u017e, batolata i dosp\u011bl\u00e9 a lze jej d\u00e1le personalizovat za\u010dlen\u011bn\u00edm lidsk\u00fdch a zv\u00ed\u0159ec\u00edch obli\u010dej\u016f, \u010d\u00edm\u017e vznikne skute\u010dn\u011b jedine\u010dn\u00fd kousek. Postavte se vzp\u0159\u00edmen\u011b a p\u0159ipojte se ke kr\u00e1lovsk\u00fdm \u0159ad\u00e1m s na\u0161\u00edm d\u00edv\u010d\u00edm tri\u010dkem Queens Royal Guard, kter\u00e9 v sob\u011b zahrnuje kreativitu a podporuje pocit hrdosti a hravosti. S pe\u010dlivou pozornost\u00ed k detailu se zav\u00e1zali dod\u00e1vat produkt, kter\u00fd vyvol\u00e1v\u00e1 radost a vz\u00e1cn\u00e9 vzpom\u00ednky. M\u00e1te-li jak\u00e9koli dotazy nebo pot\u0159ebujete-li pomoc, nev\u00e1hejte n\u00e1s kontaktovat. Jsme tu, abychom vytvo\u0159ili personalizovan\u00e9 tri\u010dko, d\u00edky kter\u00e9mu se va\u0161e d\u00edt\u011b bude c\u00edtit jako opravdov\u00fd \u010dlen kr\u00e1lovsk\u00e9 rodiny!<\/p>","protected":false},"excerpt":{"rendered":"<p>Postavte se vzp\u0159\u00edmen\u011b s kr\u00e1lovnami v vlastn\u00ed ko\u0161ili Royal Guard Girl. Personalizovan\u00e1 tri\u010dka pro ml\u00e1de\u017e prom\u011bn\u00ed jakoukoli fotografii v odv\u00e1\u017en\u00e9, jedine\u010dn\u00e9 tri\u010dko.<\/p>","protected":false},"featured_media":143053,"comment_status":"open","ping_status":"closed","template":"","meta":{"_acf_changed":false},"product_brand":[],"product_cat":[6193,2999,6412,6428],"product_tag":[6433,6439,64,65,3051,70,156],"class_list":{"0":"post-21302","1":"product","2":"type-product","3":"status-publish","4":"has-post-thumbnail","6":"product_cat-girls-t-shirts","7":"product_cat-custom-gifts-royal-guard","8":"product_cat-photo-to-tees","9":"product_cat-translate-products","10":"product_tag-ai-artwork","11":"product_tag-ai-kids-artwork","12":"product_tag-country_shirts","13":"product_tag-kid","14":"product_tag-london_shirt","15":"product_tag-travel_gift","16":"product_tag-youth-girl","18":"first","19":"instock","20":"taxable","21":"shipping-taxable","22":"purchasable","23":"product-type-simple"},"acf":[],"wcpa_form_fields":null,"_links":{"self":[{"href":"https:\/\/www.customywear.com\/cs\/wp-json\/wp\/v2\/product\/21302","targetHints":{"allow":["GET"]}}],"collection":[{"href":"https:\/\/www.customywear.com\/cs\/wp-json\/wp\/v2\/product"}],"about":[{"href":"https:\/\/www.customywear.com\/cs\/wp-json\/wp\/v2\/types\/product"}],"replies":[{"embeddable":true,"href":"https:\/\/www.customywear.com\/cs\/wp-json\/wp\/v2\/comments?post=21302"}],"wp:featuredmedia":[{"embeddable":true,"href":"https:\/\/www.customywear.com\/cs\/wp-json\/wp\/v2\/media\/143053"}],"wp:attachment":[{"href":"https:\/\/www.customywear.com\/cs\/wp-json\/wp\/v2\/media?parent=21302"}],"wp:term":[{"taxonomy":"product_brand","embeddable":true,"href":"https:\/\/www.customywear.com\/cs\/wp-json\/wp\/v2\/product_brand?post=21302"},{"taxonomy":"product_cat","embeddable":true,"href":"https:\/\/www.customywear.com\/cs\/wp-json\/wp\/v2\/product_cat?post=21302"},{"taxonomy":"product_tag","embeddable":true,"href":"https:\/\/www.customywear.com\/cs\/wp-json\/wp\/v2\/product_tag?post=21302"}],"curies":[{"name":"wp","href":"https:\/\/api.w.org\/{rel}","templated":true}]}}