{"id":21307,"date":"2023-07-28T13:48:40","date_gmt":"2023-07-28T13:48:40","guid":{"rendered":"https:\/\/www.customywear.com\/?post_type=product&#038;p=21307"},"modified":"2026-05-07T15:29:49","modified_gmt":"2026-05-07T15:29:49","slug":"chlapecke-tricko-kralovske-gardy-v-londyne","status":"publish","type":"product","link":"https:\/\/www.customywear.com\/cs\/royal-guard-boys-shirt-london-tee\/","title":{"rendered":"Kr\u00e1l\u016fv mal\u00fd str\u00e1\u017ece: Chlapeck\u00e9 tri\u010dko Kr\u00e1lovsk\u00e9 gardy na zak\u00e1zku \u2013 personalizovan\u00e9 lond\u00fdnsk\u00e9 tri\u010dko"},"content":{"rendered":"<p>P\u0159edstavujeme na\u0161e kreativn\u00ed tri\u010dka s kr\u00e1tk\u00fdm a dlouh\u00fdm ruk\u00e1vem pro ml\u00e1de\u017e, kde se va\u0161e ratolest s trochou magie prom\u011bn\u00ed v kr\u00e1lovskou gardu. Na\u0161i zku\u0161en\u00ed um\u011blci s vyu\u017eit\u00edm fotografie va\u0161eho d\u00edt\u011bte vytvo\u0159\u00ed poutavou vektorovou grafiku, kter\u00e1 ho prom\u011bn\u00ed v hrd\u00e9ho a state\u010dn\u00e9ho \u010dlena Kr\u00e1lovsk\u00e9 c\u00edsa\u0159sk\u00e9 gardy. Toto chlapeck\u00e9 tri\u010dko na m\u00edru slou\u017e\u00ed jako p\u0159\u00edjemn\u00fd a vtipn\u00fd d\u00e1rek pro mlad\u00e9, kter\u00e9 fascinuje ikonick\u00e1 Kr\u00e1lovsk\u00e1 garda a majest\u00e1tn\u00ed m\u011bsto Lond\u00fdn. N\u00e1\u0161 DTG potisk zaji\u0161\u0165uje, \u017ee tri\u010dka jsou vysoce kvalitn\u00ed, unisex a vhodn\u00e1 pro dosp\u011bl\u00e9, ml\u00e1de\u017e, d\u011bti i batolata, tak\u017ee se perfektn\u011b hod\u00ed pro v\u0161echny v\u011bkov\u00e9 kategorie. Pou\u017e\u00edv\u00e1me standardn\u00ed software, jako je Adobe Illustrator a Adobe Photoshop, k kreslen\u00ed n\u00e1dhern\u00fdch design\u016f, kter\u00e9 jsou jedine\u010dn\u00e9 a p\u0159izp\u016fsoben\u00e9 jedine\u010dnosti va\u0161eho d\u00edt\u011bte. Toto tri\u010dko s lond\u00fdnskou t\u00e9matikou lze tak\u00e9 personalizovat lidsk\u00fdmi a zv\u00ed\u0159ec\u00edmi obli\u010deji, co\u017e z n\u011bj \u010din\u00ed cenn\u00fd suven\u00fdr pro va\u0161eho mal\u00e9ho str\u00e1\u017ece a jeho chlupat\u00e9 kamar\u00e1dy. Nechte se okouzlit na\u0161\u00edm chlapeck\u00fdm tri\u010dkem Kr\u00e1lovsk\u00e9 gardy, kter\u00e9 je poctou nad\u010dasov\u00fdm tradic\u00edm Lond\u00fdna a nezapomenuteln\u00fdm d\u00e1rkem pro mlad\u00e9 dobrodruhy ve va\u0161em \u017eivot\u011b. Pokud m\u00e1te jak\u00e9koli dotazy nebo pot\u0159ebujete dal\u0161\u00ed pomoc, nev\u00e1hejte se na n\u00e1s obr\u00e1tit a my v\u00e1m r\u00e1di poskytneme personalizovan\u00fd z\u00e1\u017eitek, kter\u00fd p\u0159ed\u010d\u00ed va\u0161e o\u010dek\u00e1v\u00e1n\u00ed.<\/p>","protected":false},"excerpt":{"rendered":"<p>Str\u00e1\u017en\u00fd s hrdost\u00ed v zak\u00e1zkov\u00e9 ko\u0161ili Royal Guard Boys. Personalizovan\u00e1 lond\u00fdnsk\u00e1 tri\u010dka prom\u011bn\u00ed jakoukoli fotografii v odv\u00e1\u017en\u00e9, jedine\u010dn\u00e9 tri\u010dko.<\/p>","protected":false},"featured_media":143046,"comment_status":"open","ping_status":"closed","template":"","meta":{"_acf_changed":false},"product_brand":[],"product_cat":[6189,2999,6412,6428],"product_tag":[6433,6439,64,65,3051,70,73],"class_list":{"0":"post-21307","1":"product","2":"type-product","3":"status-publish","4":"has-post-thumbnail","6":"product_cat-boys-t-shirts","7":"product_cat-custom-gifts-royal-guard","8":"product_cat-photo-to-tees","9":"product_cat-translate-products","10":"product_tag-ai-artwork","11":"product_tag-ai-kids-artwork","12":"product_tag-country_shirts","13":"product_tag-kid","14":"product_tag-london_shirt","15":"product_tag-travel_gift","16":"product_tag-youth-boy","18":"first","19":"instock","20":"taxable","21":"shipping-taxable","22":"purchasable","23":"product-type-simple"},"acf":[],"wcpa_form_fields":null,"_links":{"self":[{"href":"https:\/\/www.customywear.com\/cs\/wp-json\/wp\/v2\/product\/21307","targetHints":{"allow":["GET"]}}],"collection":[{"href":"https:\/\/www.customywear.com\/cs\/wp-json\/wp\/v2\/product"}],"about":[{"href":"https:\/\/www.customywear.com\/cs\/wp-json\/wp\/v2\/types\/product"}],"replies":[{"embeddable":true,"href":"https:\/\/www.customywear.com\/cs\/wp-json\/wp\/v2\/comments?post=21307"}],"wp:featuredmedia":[{"embeddable":true,"href":"https:\/\/www.customywear.com\/cs\/wp-json\/wp\/v2\/media\/143046"}],"wp:attachment":[{"href":"https:\/\/www.customywear.com\/cs\/wp-json\/wp\/v2\/media?parent=21307"}],"wp:term":[{"taxonomy":"product_brand","embeddable":true,"href":"https:\/\/www.customywear.com\/cs\/wp-json\/wp\/v2\/product_brand?post=21307"},{"taxonomy":"product_cat","embeddable":true,"href":"https:\/\/www.customywear.com\/cs\/wp-json\/wp\/v2\/product_cat?post=21307"},{"taxonomy":"product_tag","embeddable":true,"href":"https:\/\/www.customywear.com\/cs\/wp-json\/wp\/v2\/product_tag?post=21307"}],"curies":[{"name":"wp","href":"https:\/\/api.w.org\/{rel}","templated":true}]}}