{"id":21312,"date":"2023-07-28T13:48:42","date_gmt":"2023-07-28T13:48:42","guid":{"rendered":"https:\/\/www.customywear.com\/?post_type=product&#038;p=21312"},"modified":"2026-05-07T15:29:49","modified_gmt":"2026-05-07T15:29:49","slug":"bezecka-chlapecka-kosile","status":"publish","type":"product","link":"https:\/\/www.customywear.com\/cs\/runner-boy-shirt\/","title":{"rendered":"Probu\u010fte v\u00e1\u0161e\u0148 sv\u00e9ho mlad\u00e9ho \u0161ampiona s na\u0161\u00edm tri\u010dkem Runner Boy"},"content":{"rendered":"<p>Za\u017eehn\u011bte jiskru atletiky ve sv\u00e9m mlad\u00e9m \u0161ampionovi s na\u0161\u00edm personalizovan\u00fdm tri\u010dkem pro chlapce Runner Boy! Na\u0161e d\u011btsk\u00e9 tri\u010dka s kr\u00e1tk\u00fdm i dlouh\u00fdm ruk\u00e1vem, vyroben\u00e1 s kreativitou a p\u00e9\u010d\u00ed, obsahuj\u00ed personalizovanou vektorovou grafiku, kter\u00e1 prom\u011bn\u00ed fotografii va\u0161eho d\u00edt\u011bte v energickou ilustraci b\u011bhaj\u00edc\u00edho venku. Toto jedine\u010dn\u00e9 tri\u010dko na m\u00edru slou\u017e\u00ed jako perfektn\u00ed inspirativn\u00ed d\u00e1rek pro aktivn\u00ed mlad\u00e9 lidi, podn\u00edt\u00ed jejich v\u00e1\u0161e\u0148 pro fitness a povzbud\u00ed je k aktivn\u00edmu \u017eivotn\u00edmu stylu. S potiskem DTG a vysoce kvalitn\u00ed vektorovou grafikou na\u0161e tri\u010dko pro chlapce Runner Boy p\u0159in\u00e1\u0161\u00ed z\u00e1\u0159iv\u00e9 barvy a jemn\u00e9 detaily, d\u00edky nim\u017e b\u011b\u017eeck\u00e1 dobrodru\u017estv\u00ed va\u0161eho d\u00edt\u011bte o\u017e\u00edvaj\u00ed na l\u00e1tce. Na\u0161e unisex tri\u010dka jsou k dispozici v r\u016fzn\u00fdch velikostech pro ml\u00e1de\u017e, d\u011bti i batolata a jsou ur\u010dena pro mlad\u00e9 sportovce r\u016fzn\u00e9ho v\u011bku. A\u0165 u\u017e se v\u011bnuj\u00ed b\u011bh\u00e1n\u00ed, z\u00e1vod\u011bn\u00ed nebo prost\u011b miluj\u00ed vzru\u0161en\u00ed z b\u011bh\u00e1n\u00ed venku, na\u0161e tri\u010dko pro chlapce Runner Boy na m\u00edru je skv\u011bl\u00fdm zp\u016fsobem, jak pos\u00edlit jejich sebev\u011bdom\u00ed a oslavit jejich aktivn\u00ed aktivity. Vychutnejte si radost z pohledu na sv\u00e9ho mlad\u00e9ho b\u011b\u017ece, jak hrd\u011b z\u00e1\u0159\u00ed, kdy\u017e nos\u00ed tri\u010dko, kter\u00e9 je personalizov\u00e1no jen pro n\u011bj a odr\u00e1\u017e\u00ed jeho nad\u0161en\u00ed pro aktivn\u00ed pobyt a u\u017e\u00edv\u00e1n\u00ed si p\u0159\u00edrody.<\/p>","protected":false},"excerpt":{"rendered":"<p>Podpo\u0159te v\u00e1\u0161e\u0148 sv\u00e9ho mlad\u00e9ho \u0161ampiona ko\u0161il\u00ed b\u011b\u017ece. Personalizovan\u00e1 b\u011b\u017eeck\u00e1 tri\u010dka prom\u011bn\u00ed jakoukoli fotografii ve sportovn\u00ed, jedine\u010dn\u00e9 tri\u010dko.<\/p>","protected":false},"featured_media":143074,"comment_status":"open","ping_status":"closed","template":"","meta":{"_acf_changed":false},"product_brand":[],"product_cat":[6189,3004,6412,6428],"product_tag":[6433,6439,3005,546,65,298,105,1827,73],"class_list":{"0":"post-21312","1":"product","2":"type-product","3":"status-publish","4":"has-post-thumbnail","6":"product_cat-boys-t-shirts","7":"product_cat-custom-gifts-running-and-jogging","8":"product_cat-photo-to-tees","9":"product_cat-translate-products","10":"product_tag-ai-artwork","11":"product_tag-ai-kids-artwork","12":"product_tag-custom-arts-running-jogging","13":"product_tag-gym","14":"product_tag-kid","15":"product_tag-outdoor_shirt","16":"product_tag-summer_shirt","17":"product_tag-workout_shirt","18":"product_tag-youth-boy","20":"first","21":"instock","22":"taxable","23":"shipping-taxable","24":"purchasable","25":"product-type-simple"},"acf":[],"wcpa_form_fields":null,"_links":{"self":[{"href":"https:\/\/www.customywear.com\/cs\/wp-json\/wp\/v2\/product\/21312","targetHints":{"allow":["GET"]}}],"collection":[{"href":"https:\/\/www.customywear.com\/cs\/wp-json\/wp\/v2\/product"}],"about":[{"href":"https:\/\/www.customywear.com\/cs\/wp-json\/wp\/v2\/types\/product"}],"replies":[{"embeddable":true,"href":"https:\/\/www.customywear.com\/cs\/wp-json\/wp\/v2\/comments?post=21312"}],"wp:featuredmedia":[{"embeddable":true,"href":"https:\/\/www.customywear.com\/cs\/wp-json\/wp\/v2\/media\/143074"}],"wp:attachment":[{"href":"https:\/\/www.customywear.com\/cs\/wp-json\/wp\/v2\/media?parent=21312"}],"wp:term":[{"taxonomy":"product_brand","embeddable":true,"href":"https:\/\/www.customywear.com\/cs\/wp-json\/wp\/v2\/product_brand?post=21312"},{"taxonomy":"product_cat","embeddable":true,"href":"https:\/\/www.customywear.com\/cs\/wp-json\/wp\/v2\/product_cat?post=21312"},{"taxonomy":"product_tag","embeddable":true,"href":"https:\/\/www.customywear.com\/cs\/wp-json\/wp\/v2\/product_tag?post=21312"}],"curies":[{"name":"wp","href":"https:\/\/api.w.org\/{rel}","templated":true}]}}