{"id":21319,"date":"2023-07-28T13:48:48","date_gmt":"2023-07-28T13:48:48","guid":{"rendered":"https:\/\/www.customywear.com\/?post_type=product&#038;p=21319"},"modified":"2026-05-07T15:29:49","modified_gmt":"2026-05-07T15:29:49","slug":"skotske-chlapecke-tricko-na-miru","status":"publish","type":"product","link":"https:\/\/www.customywear.com\/cs\/custom-scottish-boy-shirt\/","title":{"rendered":"P\u0159ijm\u011bte skotsk\u00e9 d\u011bdictv\u00ed s na\u0161\u00ed skotskou chlapeckou ko\u0161il\u00ed na m\u00edru"},"content":{"rendered":"<p>Pono\u0159te sv\u00e9 d\u00edt\u011b do okouzluj\u00edc\u00edho sv\u011bta Skotska s na\u0161\u00edm skotsk\u00fdm chlapeck\u00fdm tri\u010dkem na m\u00edru! Pomoc\u00ed DTG tisku a vysoce kvalitn\u00ed vektorov\u00e9 grafiky dovedn\u011b prom\u011bn\u00edme fotografii va\u0161eho d\u00edt\u011bte v poutavou ilustraci, kter\u00e1 bude vypadat, jako by m\u011blo na sob\u011b tradi\u010dn\u00ed skotsk\u00fd od\u011bv. Toto kreativn\u00ed a personalizovan\u00e9 d\u011btsk\u00e9 tri\u010dko s kr\u00e1tk\u00fdm i dlouh\u00fdm ruk\u00e1vem je dokonal\u00fdm d\u00e1rkem pro mlad\u00e9 nad\u0161ence cestov\u00e1n\u00ed, kte\u0159\u00ed hluboce oce\u0148uj\u00ed r\u016fzn\u00e9 kultury a okouzluje je kouzlo Skotska. Oslavte l\u00e1sku sv\u00e9ho d\u00edt\u011bte ke skotsk\u00e9mu d\u011bdictv\u00ed nebo jeho fascinaci bohat\u00fdmi tradicemi a zvyky t\u00e9to evropsk\u00e9 zem\u011b. Na\u0161e unisex tri\u010dko je k dispozici pro chlapce i d\u00edvky, co\u017e zajist\u00ed, \u017ee va\u0161e d\u00edt\u011b bude moci hrd\u011b p\u0159edv\u00e9st sv\u016fj jedine\u010dn\u00fd styl a z\u00e1jmy. A\u0165 u\u017e m\u00e1 skotsk\u00e9 ko\u0159eny, nebo prost\u011b zbo\u017e\u0148uje kulturn\u00ed bohatstv\u00ed Skotska, na\u0161e skotsk\u00e9 chlapeck\u00e9 tri\u010dko bude cen\u011bn\u00fdm dopl\u0148kem jeho \u0161atn\u00edku a hmatateln\u00fdm ztv\u00e1rn\u011bn\u00edm jeho individuality. Objevte kouzlo Skotska s t\u00edmto v\u00fdjime\u010dn\u00fdm tri\u010dkem na m\u00edru a nechte fantazii sv\u00e9ho d\u00edt\u011bte prob\u011bhnout naplno!<\/p>","protected":false},"excerpt":{"rendered":"<p>Oslavte d\u011bdictv\u00ed vlastn\u00ed ko\u0161il\u00ed skotsk\u00e9ho chlapce. Personalizovan\u00e1 tri\u010dka prom\u011bn\u00ed jakoukoli fotografii v jedine\u010dn\u00e9 tri\u010dko inspirovan\u00e9 tradic\u00ed.<\/p>","protected":false},"featured_media":143102,"comment_status":"open","ping_status":"closed","template":"","meta":{"_acf_changed":false},"product_brand":[],"product_cat":[6189,3018,6412,6428],"product_tag":[6433,6439,64,65,67,3021,73],"class_list":{"0":"post-21319","1":"product","2":"type-product","3":"status-publish","4":"has-post-thumbnail","6":"product_cat-boys-t-shirts","7":"product_cat-custom-gifts-scottish-culture","8":"product_cat-photo-to-tees","9":"product_cat-translate-products","10":"product_tag-ai-artwork","11":"product_tag-ai-kids-artwork","12":"product_tag-country_shirts","13":"product_tag-kid","14":"product_tag-kids_birthday_shirt","15":"product_tag-scottish-art","16":"product_tag-youth-boy","18":"first","19":"instock","20":"taxable","21":"shipping-taxable","22":"purchasable","23":"product-type-simple"},"acf":[],"wcpa_form_fields":null,"_links":{"self":[{"href":"https:\/\/www.customywear.com\/cs\/wp-json\/wp\/v2\/product\/21319","targetHints":{"allow":["GET"]}}],"collection":[{"href":"https:\/\/www.customywear.com\/cs\/wp-json\/wp\/v2\/product"}],"about":[{"href":"https:\/\/www.customywear.com\/cs\/wp-json\/wp\/v2\/types\/product"}],"replies":[{"embeddable":true,"href":"https:\/\/www.customywear.com\/cs\/wp-json\/wp\/v2\/comments?post=21319"}],"wp:featuredmedia":[{"embeddable":true,"href":"https:\/\/www.customywear.com\/cs\/wp-json\/wp\/v2\/media\/143102"}],"wp:attachment":[{"href":"https:\/\/www.customywear.com\/cs\/wp-json\/wp\/v2\/media?parent=21319"}],"wp:term":[{"taxonomy":"product_brand","embeddable":true,"href":"https:\/\/www.customywear.com\/cs\/wp-json\/wp\/v2\/product_brand?post=21319"},{"taxonomy":"product_cat","embeddable":true,"href":"https:\/\/www.customywear.com\/cs\/wp-json\/wp\/v2\/product_cat?post=21319"},{"taxonomy":"product_tag","embeddable":true,"href":"https:\/\/www.customywear.com\/cs\/wp-json\/wp\/v2\/product_tag?post=21319"}],"curies":[{"name":"wp","href":"https:\/\/api.w.org\/{rel}","templated":true}]}}