{"id":21361,"date":"2023-07-28T13:49:31","date_gmt":"2023-07-28T13:49:31","guid":{"rendered":"https:\/\/www.customywear.com\/?post_type=product&#038;p=21361"},"modified":"2026-05-07T15:29:48","modified_gmt":"2026-05-07T15:29:48","slug":"vlastni-surfovaci-divci-tricko-pro-mladez","status":"publish","type":"product","link":"https:\/\/www.customywear.com\/cs\/custom-surfing-girl-youth-tee\/","title":{"rendered":"D\u00edv\u010d\u00ed tri\u010dko na surfov\u00e1n\u00ed Custom Surfing"},"content":{"rendered":"<p>Probu\u010fte dobrodru\u017en\u00e9ho ducha sv\u00e9ho mal\u00e9ho surfa\u0159e s na\u0161\u00edm d\u00edv\u010d\u00edm tri\u010dkem na m\u00edru pro surfov\u00e1n\u00ed. Na\u0161e d\u011btsk\u00e9 tri\u010dko s kr\u00e1tk\u00fdm i dlouh\u00fdm ruk\u00e1vem, vyroben\u00e9 s p\u00e9\u010d\u00ed, se vyzna\u010duje prvot\u0159\u00eddn\u00edm DTG potiskem a vysoce kvalitn\u00ed vektorovou grafikou. Pou\u017eijeme fotografii va\u0161eho d\u00edt\u011bte k vytvo\u0159en\u00ed podmaniv\u00e9ho portr\u00e9tu, kter\u00fd ho zachycuje neboj\u00e1cn\u011b na velk\u00e9 vln\u011b v oce\u00e1nu. Toto personalizovan\u00e9 tri\u010dko slou\u017e\u00ed jako perfektn\u00ed letn\u00ed d\u00e1rek, kter\u00fd inspiruje a motivuje mal\u00e9 d\u011bti k tomu, aby p\u0159ijaly svou l\u00e1sku k surfov\u00e1n\u00ed a mo\u0159i. Na\u0161e d\u00edv\u010d\u00ed tri\u010dko na m\u00edru pro surfov\u00e1n\u00ed je navr\u017eeno jako unisex, tak\u017ee je ide\u00e1ln\u00ed pro d\u00edvky i chlapce, kte\u0159\u00ed s v\u00e1\u0161n\u00ed miluj\u00ed surfov\u00e1n\u00ed na vln\u00e1ch. A\u0165 u\u017e je va\u0161e mal\u00e1 surfa\u0159ka ost\u0159\u00edlen\u00e1 profesion\u00e1lka, nebo s n\u00ed teprve za\u010d\u00edn\u00e1, toto tri\u010dko na m\u00edru bude cenn\u00fdm suven\u00fdrem, kter\u00fd zachycuje radost ze surfov\u00e1n\u00ed a vzru\u0161en\u00ed z letn\u00edch dobrodru\u017estv\u00ed. P\u0159ekvapte sv\u00e9ho mal\u00e9ho milovn\u00edka vody t\u00edmto jedine\u010dn\u00fdm a nezapomenuteln\u00fdm tri\u010dkem, oslavuj\u00edc\u00edm jeho l\u00e1sku k oce\u00e1nu a vzru\u0161uj\u00edc\u00ed z\u00e1\u017eitek z chyt\u00e1n\u00ed dokonal\u00e9 vlny.<\/p>","protected":false},"excerpt":{"rendered":"<p>Chy\u0165te surf s vlastn\u00edm tri\u010dkem pro surfa\u0159skou d\u00edvku. Personalizovan\u00e1 tri\u010dka prom\u011bn\u00ed jakoukoli fotografii v hrav\u00e9, jedine\u010dn\u00e9 tri\u010dko.<\/p>","protected":false},"featured_media":143165,"comment_status":"open","ping_status":"closed","template":"","meta":{"_acf_changed":false},"product_brand":[],"product_cat":[6193,1189,6412,6428],"product_tag":[6433,6439,67,326,105,355,1191],"class_list":{"0":"post-21361","1":"product","2":"type-product","3":"status-publish","4":"has-post-thumbnail","6":"product_cat-girls-t-shirts","7":"product_cat-custom-gifts-surfing","8":"product_cat-photo-to-tees","9":"product_cat-translate-products","10":"product_tag-ai-artwork","11":"product_tag-ai-kids-artwork","12":"product_tag-kids_birthday_shirt","13":"product_tag-sports","14":"product_tag-summer_shirt","15":"product_tag-surf_shirt","16":"product_tag-surfing_shirt","18":"first","19":"instock","20":"taxable","21":"shipping-taxable","22":"purchasable","23":"product-type-simple"},"acf":[],"wcpa_form_fields":null,"_links":{"self":[{"href":"https:\/\/www.customywear.com\/cs\/wp-json\/wp\/v2\/product\/21361","targetHints":{"allow":["GET"]}}],"collection":[{"href":"https:\/\/www.customywear.com\/cs\/wp-json\/wp\/v2\/product"}],"about":[{"href":"https:\/\/www.customywear.com\/cs\/wp-json\/wp\/v2\/types\/product"}],"replies":[{"embeddable":true,"href":"https:\/\/www.customywear.com\/cs\/wp-json\/wp\/v2\/comments?post=21361"}],"wp:featuredmedia":[{"embeddable":true,"href":"https:\/\/www.customywear.com\/cs\/wp-json\/wp\/v2\/media\/143165"}],"wp:attachment":[{"href":"https:\/\/www.customywear.com\/cs\/wp-json\/wp\/v2\/media?parent=21361"}],"wp:term":[{"taxonomy":"product_brand","embeddable":true,"href":"https:\/\/www.customywear.com\/cs\/wp-json\/wp\/v2\/product_brand?post=21361"},{"taxonomy":"product_cat","embeddable":true,"href":"https:\/\/www.customywear.com\/cs\/wp-json\/wp\/v2\/product_cat?post=21361"},{"taxonomy":"product_tag","embeddable":true,"href":"https:\/\/www.customywear.com\/cs\/wp-json\/wp\/v2\/product_tag?post=21361"}],"curies":[{"name":"wp","href":"https:\/\/api.w.org\/{rel}","templated":true}]}}