{"id":21414,"date":"2023-07-28T13:49:59","date_gmt":"2023-07-28T13:49:59","guid":{"rendered":"https:\/\/www.customywear.com\/?post_type=product&#038;p=21414"},"modified":"2026-05-05T20:23:29","modified_gmt":"2026-05-05T20:23:29","slug":"personalizovane-damske-bbq-tricko","status":"publish","type":"product","link":"https:\/\/www.customywear.com\/cs\/personalized-womens-bbq-shirt\/","title":{"rendered":"Personalized Women&#8217;s BBQ Shirt &#8211; Custom BBQ Lover Tees for mom, wife, girlfriend"},"content":{"rendered":"<p>Rozpalte gril a vychutnejte si chu\u0165 s na\u0161\u00edm personalizovan\u00fdm d\u00e1msk\u00fdm BBQ tri\u010dkem, tri\u010dkem na m\u00edru ur\u010den\u00fdm pro milovn\u00edky grilov\u00e1n\u00ed v\u0161ech v\u011bkov\u00fdch kategori\u00ed, v\u010detn\u011b dosp\u011bl\u00fdch, ml\u00e1de\u017ee, d\u011bt\u00ed a batolat! S vyu\u017eit\u00edm va\u0161\u00ed fotografie odborn\u011b vytvo\u0159\u00edme poutav\u00fd vektorov\u00fd portr\u00e9t, d\u00edky kter\u00e9mu budete vypadat, jako byste byli dokonal\u00fdm mistrem grilov\u00e1n\u00ed, pono\u0159en\u00fdm do grilov\u00e1n\u00ed. Toto unisexov\u00e9 tri\u010dko pro dosp\u011bl\u00e9 s kr\u00e1tk\u00fdm i dlouh\u00fdm ruk\u00e1vem na m\u00edru p\u0159edv\u00e1d\u00ed na\u0161i pr\u00e9miovou kresbu, a je tak perfektn\u00edm d\u00e1rkem pro ka\u017ed\u00e9ho, kdo m\u00e1 r\u00e1d um\u011bn\u00ed grilov\u00e1n\u00ed. Na\u0161e tri\u010dko je vyrobeno s preciznost\u00ed pomoc\u00ed technologie tisku DTG, zaru\u010duje vynikaj\u00edc\u00ed kvalitu a z\u00e1\u0159iv\u00e9 barvy a poskytuje pohodln\u00e9 no\u0161en\u00ed pro ka\u017ed\u00e9ho. Tato tri\u010dka lze nav\u00edc d\u00e1le personalizovat s libovoln\u00fdm lidsk\u00fdm nebo zv\u00ed\u0159ec\u00edm obli\u010dejem, \u010d\u00edm\u017e vznikne skute\u010dn\u011b jedine\u010dn\u00fd suven\u00fdr pro milovn\u00edky grilov\u00e1n\u00ed. Vychutnejte si chu\u0165 grilov\u00e1n\u00ed a ud\u011blejte si ka\u017ed\u00e9 grilov\u00e1n\u00ed nezapomenuteln\u00fdm s va\u0161\u00edm personalizovan\u00fdm d\u00e1msk\u00fdm BBQ tri\u010dkem! Za\u017eehn\u011bte svou v\u00e1\u0161e\u0148 pro grilov\u00e1n\u00ed s na\u0161\u00edm personalizovan\u00fdm d\u00e1msk\u00fdm BBQ tri\u010dkem, tri\u010dkem na m\u00edru ur\u010den\u00fdm pro milovn\u00edky grilov\u00e1n\u00ed v\u0161ech v\u011bkov\u00fdch kategori\u00ed, v\u010detn\u011b dosp\u011bl\u00fdch, ml\u00e1de\u017ee, d\u011bt\u00ed a batolat! S vyu\u017eit\u00edm va\u0161\u00ed fotografie odborn\u011b vytvo\u0159\u00edme poutav\u00fd vektorov\u00fd portr\u00e9t, d\u00edky kter\u00e9mu budete vypadat, jako byste byli dokonal\u00fdm mistrem grilov\u00e1n\u00ed, pono\u0159en\u00fdm do grilov\u00e1n\u00ed. Toto unisexov\u00e9 tri\u010dko s kr\u00e1tk\u00fdm i dlouh\u00fdm ruk\u00e1vem pro dosp\u011bl\u00e9 na m\u00edru ztv\u00e1r\u0148uje na\u0161i pr\u00e9miovou kresbu, a je tak perfektn\u00edm d\u00e1rkem pro ka\u017ed\u00e9ho, kdo m\u00e1 r\u00e1d um\u011bn\u00ed grilov\u00e1n\u00ed. Na\u0161e tri\u010dko je vyrobeno s preciznost\u00ed pomoc\u00ed technologie tisku DTG, zaru\u010duje vynikaj\u00edc\u00ed kvalitu a z\u00e1\u0159iv\u00e9 barvy a poskytuje pohodln\u00e9 no\u0161en\u00ed pro ka\u017ed\u00e9ho. Tato tri\u010dka lze nav\u00edc d\u00e1le personalizovat s jakoukoli lidskou nebo zv\u00ed\u0159ec\u00ed tv\u00e1\u0159\u00ed, \u010d\u00edm\u017e se vytvo\u0159\u00ed skute\u010dn\u011b jedine\u010dn\u00fd suven\u00fdr pro milovn\u00edky grilov\u00e1n\u00ed. Vychutnejte si chut\u011b grilov\u00e1n\u00ed a ud\u011blejte ka\u017ed\u00e9 grilov\u00e1n\u00ed nezapomenuteln\u00fdm s va\u0161\u00edm d\u00e1msk\u00fdm tri\u010dkem s grilov\u00e1n\u00edm na m\u00edru!<\/p>","protected":false},"excerpt":{"rendered":"<p>Grill in style with a Personalized Women&#8217;s BBQ Shirt. Custom BBQ Lover Tees turn any photo into a playful, unique t-shirt.<\/p>","protected":false},"featured_media":142552,"comment_status":"open","ping_status":"closed","template":"","meta":{"_acf_changed":false},"product_brand":[],"product_cat":[6191,291,6412,307,6428,6356],"product_tag":[6433,293,561,298,112],"class_list":{"0":"post-21414","1":"product","2":"type-product","3":"status-publish","4":"has-post-thumbnail","6":"product_cat-t-shirts-women","7":"product_cat-custom-gifts-bbq","8":"product_cat-photo-to-tees","9":"product_cat-summer","10":"product_cat-translate-products","11":"product_cat-womens-summer-t-shirts","12":"product_tag-ai-artwork","13":"product_tag-bbq-tees","14":"product_tag-camping_shirt","15":"product_tag-outdoor_shirt","16":"product_tag-women","18":"first","19":"instock","20":"taxable","21":"shipping-taxable","22":"purchasable","23":"product-type-simple"},"acf":[],"wcpa_form_fields":null,"_links":{"self":[{"href":"https:\/\/www.customywear.com\/cs\/wp-json\/wp\/v2\/product\/21414","targetHints":{"allow":["GET"]}}],"collection":[{"href":"https:\/\/www.customywear.com\/cs\/wp-json\/wp\/v2\/product"}],"about":[{"href":"https:\/\/www.customywear.com\/cs\/wp-json\/wp\/v2\/types\/product"}],"replies":[{"embeddable":true,"href":"https:\/\/www.customywear.com\/cs\/wp-json\/wp\/v2\/comments?post=21414"}],"wp:featuredmedia":[{"embeddable":true,"href":"https:\/\/www.customywear.com\/cs\/wp-json\/wp\/v2\/media\/142552"}],"wp:attachment":[{"href":"https:\/\/www.customywear.com\/cs\/wp-json\/wp\/v2\/media?parent=21414"}],"wp:term":[{"taxonomy":"product_brand","embeddable":true,"href":"https:\/\/www.customywear.com\/cs\/wp-json\/wp\/v2\/product_brand?post=21414"},{"taxonomy":"product_cat","embeddable":true,"href":"https:\/\/www.customywear.com\/cs\/wp-json\/wp\/v2\/product_cat?post=21414"},{"taxonomy":"product_tag","embeddable":true,"href":"https:\/\/www.customywear.com\/cs\/wp-json\/wp\/v2\/product_tag?post=21414"}],"curies":[{"name":"wp","href":"https:\/\/api.w.org\/{rel}","templated":true}]}}