{"id":21415,"date":"2023-07-28T13:50:00","date_gmt":"2023-07-28T13:50:00","guid":{"rendered":"https:\/\/www.customywear.com\/?post_type=product&#038;p=21415"},"modified":"2026-05-05T20:23:29","modified_gmt":"2026-05-05T20:23:29","slug":"personalizovane-damske-tricko-na-plazovou-jogu","status":"publish","type":"product","link":"https:\/\/www.customywear.com\/cs\/personalized-womens-beach-yoga-shirt\/","title":{"rendered":"D\u00e1msk\u00e9 pl\u00e1\u017eov\u00e9 tri\u010dko na j\u00f3gu na m\u00edru | Tri\u010dko na j\u00f3gu na m\u00edru"},"content":{"rendered":"<p>Dop\u0159ejte si klid j\u00f3gy na pl\u00e1\u017ei s na\u0161\u00edm personalizovan\u00fdm d\u00e1msk\u00fdm pl\u00e1\u017eov\u00fdm tri\u010dkem na j\u00f3gu, tri\u010dkem na m\u00edru navr\u017een\u00fdm pro \u017eeny v\u0161ech v\u011bkov\u00fdch kategori\u00ed, v\u010detn\u011b dosp\u011bl\u00fdch, ml\u00e1de\u017ee, d\u011bt\u00ed i batolat! S vyu\u017eit\u00edm va\u0161\u00ed fotografie mistrn\u011b vytvo\u0159\u00edme okouzluj\u00edc\u00ed ilustraci, d\u00edky kter\u00e9 budete vypadat, jako byste cvi\u010dila j\u00f3gu na kr\u00e1sn\u00e9 pl\u00e1\u017ei. Toto tri\u010dko na m\u00edru oslavuje va\u0161i v\u00e1\u0161e\u0148 pro j\u00f3gu i p\u0159\u00edrodu, vyza\u0159uje pozitivitu a stane se va\u0161\u00edm nejlep\u0161\u00edm personalizovan\u00fdm tri\u010dkem. Na\u0161e unisex tri\u010dko, vyroben\u00e9 s preciznost\u00ed pomoc\u00ed technologie tisku DTG, nab\u00edz\u00ed v\u00fdjime\u010dnou kvalitu a z\u00e1\u0159iv\u00e9 barvy, co\u017e zaji\u0161\u0165uje pohodln\u00e9 no\u0161en\u00ed pro ka\u017ed\u00e9ho. Tato tri\u010dka lze nav\u00edc d\u00e1le personalizovat s jakoukoli lidskou nebo zv\u00ed\u0159ec\u00ed tv\u00e1\u0159\u00ed, tak\u017ee ka\u017ed\u00fd design je jedine\u010dn\u00fdm a cenn\u00fdm suven\u00fdrem. Dop\u0159ejte si harmonick\u00e9 spojen\u00ed j\u00f3gy a p\u0159\u00edrody \u2013 objednejte si nyn\u00ed sv\u00e9 personalizovan\u00e9 d\u00e1msk\u00e9 tri\u010dko na pl\u00e1\u017eovou j\u00f3gu a nechte sv\u016fj vnit\u0159n\u00ed klid zaz\u00e1\u0159it personalizovan\u00fdm n\u00e1dechem!<\/p>\n<p>Odpo\u010di\u0148te si p\u0159i klidn\u00e9 praxi j\u00f3gy na pl\u00e1\u017ei s na\u0161\u00edm personalizovan\u00fdm d\u00e1msk\u00fdm pl\u00e1\u017eov\u00fdm tri\u010dkem na j\u00f3gu, tri\u010dkem na m\u00edru navr\u017een\u00fdm pro \u017eeny v\u0161ech v\u011bkov\u00fdch kategori\u00ed, v\u010detn\u011b dosp\u011bl\u00fdch, ml\u00e1de\u017ee, d\u011bt\u00ed i batolat! S vyu\u017eit\u00edm va\u0161\u00ed fotografie mistrn\u011b vytvo\u0159\u00edme okouzluj\u00edc\u00ed ilustraci, d\u00edky kter\u00e9 budete vypadat, jako byste cvi\u010dila j\u00f3gu na kr\u00e1sn\u00e9 pl\u00e1\u017ei. Toto tri\u010dko na m\u00edru oslavuje va\u0161i v\u00e1\u0161e\u0148 pro j\u00f3gu i p\u0159\u00edrodu, vyza\u0159uje pozitivitu a stane se va\u0161\u00edm nejlep\u0161\u00edm personalizovan\u00fdm tri\u010dkem. Na\u0161e unisex tri\u010dko, vyroben\u00e9 s preciznost\u00ed pomoc\u00ed technologie DTG, nab\u00edz\u00ed v\u00fdjime\u010dnou kvalitu a z\u00e1\u0159iv\u00e9 barvy, co\u017e zaji\u0161\u0165uje pohodln\u00e9 no\u0161en\u00ed pro ka\u017ed\u00e9ho. Tato tri\u010dka lze nav\u00edc d\u00e1le personalizovat s jakoukoli lidskou nebo zv\u00ed\u0159ec\u00ed tv\u00e1\u0159\u00ed, tak\u017ee ka\u017ed\u00fd design je jedine\u010dn\u00fdm a cenn\u00fdm suven\u00fdrem. Vychutnejte si harmonick\u00e9 spojen\u00ed j\u00f3gy a p\u0159\u00edrody \u2013 objednejte si nyn\u00ed sv\u00e9 personalizovan\u00e9 d\u00e1msk\u00e9 pl\u00e1\u017eov\u00e9 tri\u010dko na j\u00f3gu a nechte sv\u016fj vnit\u0159n\u00ed klid zaz\u00e1\u0159it personalizovan\u00fdm n\u00e1dechem!<\/p>","protected":false},"excerpt":{"rendered":"<p>Stretch in style with a Personalized Women&#8217;s Beach Yoga Shirt. Custom tees turn photos into serene, yoga-inspired designs.<\/p>","protected":false},"featured_media":143219,"comment_status":"open","ping_status":"closed","template":"","meta":{"_acf_changed":false},"product_brand":[],"product_cat":[6191,6412,6428,6362,6248],"product_tag":[6433,6217,576,326,112,594],"class_list":{"0":"post-21415","1":"product","2":"type-product","3":"status-publish","4":"has-post-thumbnail","6":"product_cat-t-shirts-women","7":"product_cat-photo-to-tees","8":"product_cat-translate-products","9":"product_cat-womens-yoga-t-shirts","10":"product_cat-yoga-gifts","11":"product_tag-ai-artwork","12":"product_tag-custom-t-shirt","13":"product_tag-cute-yoga-shirts","14":"product_tag-sports","15":"product_tag-women","16":"product_tag-yoga_tee_shirt","18":"first","19":"instock","20":"taxable","21":"shipping-taxable","22":"purchasable","23":"product-type-simple"},"acf":[],"wcpa_form_fields":null,"_links":{"self":[{"href":"https:\/\/www.customywear.com\/cs\/wp-json\/wp\/v2\/product\/21415","targetHints":{"allow":["GET"]}}],"collection":[{"href":"https:\/\/www.customywear.com\/cs\/wp-json\/wp\/v2\/product"}],"about":[{"href":"https:\/\/www.customywear.com\/cs\/wp-json\/wp\/v2\/types\/product"}],"replies":[{"embeddable":true,"href":"https:\/\/www.customywear.com\/cs\/wp-json\/wp\/v2\/comments?post=21415"}],"wp:featuredmedia":[{"embeddable":true,"href":"https:\/\/www.customywear.com\/cs\/wp-json\/wp\/v2\/media\/143219"}],"wp:attachment":[{"href":"https:\/\/www.customywear.com\/cs\/wp-json\/wp\/v2\/media?parent=21415"}],"wp:term":[{"taxonomy":"product_brand","embeddable":true,"href":"https:\/\/www.customywear.com\/cs\/wp-json\/wp\/v2\/product_brand?post=21415"},{"taxonomy":"product_cat","embeddable":true,"href":"https:\/\/www.customywear.com\/cs\/wp-json\/wp\/v2\/product_cat?post=21415"},{"taxonomy":"product_tag","embeddable":true,"href":"https:\/\/www.customywear.com\/cs\/wp-json\/wp\/v2\/product_tag?post=21415"}],"curies":[{"name":"wp","href":"https:\/\/api.w.org\/{rel}","templated":true}]}}