{"id":21423,"date":"2023-07-28T13:50:22","date_gmt":"2023-07-28T13:50:22","guid":{"rendered":"https:\/\/www.customywear.com\/?post_type=product&#038;p=21423"},"modified":"2026-05-05T20:24:07","modified_gmt":"2026-05-05T20:24:07","slug":"wrestler-muz-zapaseni-tricko","status":"publish","type":"product","link":"https:\/\/www.customywear.com\/cs\/wrestler-man-wrestling-shirt\/","title":{"rendered":"Z\u00e1pasnick\u00e9 tri\u010dko"},"content":{"rendered":"<p>Prom\u011b\u0148te se v nezastavitelnou z\u00e1pasnickou s\u00edlu s na\u0161\u00edm wrestlingov\u00fdm tri\u010dkem na m\u00edru. N\u00e1\u0161 talentovan\u00fd t\u00fdm um\u011blc\u016f v\u00e1s vyfot\u00ed a dovedn\u011b vytvo\u0159\u00ed postavu z\u00e1pasn\u00edka nad\u017eivotn\u00ed velikosti, d\u00edky kter\u00e9 budete vypadat jako opravdov\u00fd \u0161ampion. S d\u016frazem na detail a preciznost zachycujeme podstatu s\u00edly a v\u00fdkonu v ka\u017ed\u00e9m n\u00e1vrhu.<\/p>\n<p>Na\u0161e tri\u010dka jsou vyrobena z vysoce kvalitn\u00edch materi\u00e1l\u016f, jsou pohodln\u00e1 a odoln\u00e1 a ide\u00e1ln\u00ed pro p\u0159edveden\u00ed va\u0161eho wrestlersk\u00e9ho alter ega na akc\u00edch nebo pro ka\u017edodenn\u00ed no\u0161en\u00ed. Probu\u010fte sv\u00e9ho vnit\u0159n\u00edho bojovn\u00edka a ud\u011blejte si prohl\u00e1\u0161en\u00ed s na\u0161\u00edm wrestlersk\u00fdm tri\u010dkem na m\u00edru, kter\u00e9 ohrom\u00ed v\u0161echny va\u0161\u00ed impozantn\u00ed p\u0159\u00edtomnost\u00ed.<\/p>","protected":false},"excerpt":{"rendered":"<p>z\u00e1pasit ve velk\u00e9m stylu se z\u00e1pasnick\u00fdm ko\u0161il\u00ed Wrestler. Vlastn\u00ed tri\u010dka prom\u011bn\u00ed fotografie do odv\u00e1\u017en\u00fdch, atletick\u00fdch design\u016f.<\/p>","protected":false},"featured_media":143261,"comment_status":"open","ping_status":"closed","template":"","meta":{"_acf_changed":false},"product_brand":[],"product_cat":[6195,526,186,6339,6412,6428],"product_tag":[6433,6217,6165,546,6216],"class_list":{"0":"post-21423","1":"product","2":"type-product","3":"status-publish","4":"has-post-thumbnail","6":"product_cat-t-shirts-men","7":"product_cat-gym-shirts","8":"product_cat-men","9":"product_cat-mens-sports-t-shirts","10":"product_cat-photo-to-tees","11":"product_cat-translate-products","12":"product_tag-ai-artwork","13":"product_tag-custom-t-shirt","14":"product_tag-custom-gym-tees","15":"product_tag-gym","16":"product_tag-mens-custom-t-shirts","18":"first","19":"instock","20":"taxable","21":"shipping-taxable","22":"purchasable","23":"product-type-simple"},"acf":[],"wcpa_form_fields":null,"_links":{"self":[{"href":"https:\/\/www.customywear.com\/cs\/wp-json\/wp\/v2\/product\/21423","targetHints":{"allow":["GET"]}}],"collection":[{"href":"https:\/\/www.customywear.com\/cs\/wp-json\/wp\/v2\/product"}],"about":[{"href":"https:\/\/www.customywear.com\/cs\/wp-json\/wp\/v2\/types\/product"}],"replies":[{"embeddable":true,"href":"https:\/\/www.customywear.com\/cs\/wp-json\/wp\/v2\/comments?post=21423"}],"wp:featuredmedia":[{"embeddable":true,"href":"https:\/\/www.customywear.com\/cs\/wp-json\/wp\/v2\/media\/143261"}],"wp:attachment":[{"href":"https:\/\/www.customywear.com\/cs\/wp-json\/wp\/v2\/media?parent=21423"}],"wp:term":[{"taxonomy":"product_brand","embeddable":true,"href":"https:\/\/www.customywear.com\/cs\/wp-json\/wp\/v2\/product_brand?post=21423"},{"taxonomy":"product_cat","embeddable":true,"href":"https:\/\/www.customywear.com\/cs\/wp-json\/wp\/v2\/product_cat?post=21423"},{"taxonomy":"product_tag","embeddable":true,"href":"https:\/\/www.customywear.com\/cs\/wp-json\/wp\/v2\/product_tag?post=21423"}],"curies":[{"name":"wp","href":"https:\/\/api.w.org\/{rel}","templated":true}]}}