{"id":23281,"date":"2023-09-06T15:06:50","date_gmt":"2023-09-06T15:06:50","guid":{"rendered":"https:\/\/www.customywear.com\/?post_type=product&#038;p=23281"},"modified":"2026-05-05T20:00:26","modified_gmt":"2026-05-05T20:00:26","slug":"personalizovane-halloweenske-tricko-pro-pary","status":"publish","type":"product","link":"https:\/\/www.customywear.com\/cs\/personalized-halloween-couples-tee\/","title":{"rendered":"Personalizovan\u00e9 halloweensk\u00e9 tri\u010dko pro p\u00e1ry: Vyd\u011bste sv\u00e9 p\u0159\u00e1tele tri\u010dky na m\u00edru"},"content":{"rendered":"<h2>P\u0159ipravte se na rozjasn\u011bn\u00ed Halloweenu s na\u0161\u00edm personalizovan\u00fdm halloweensk\u00fdm tri\u010dkem pro p\u00e1ry!<\/h2>\n<p>U\u017e v\u00e1s nebav\u00ed ka\u017ed\u00fd rok nosit stejn\u00e9 oby\u010dejn\u00e9 halloweensk\u00e9 kost\u00fdmy? Chcete vyniknout z davu a po\u0159\u00e1dn\u011b vyd\u011bsit sv\u00e9 p\u0159\u00e1tele? U\u017e nehledejte! Na\u0161e tri\u010dka s logem jsou perfektn\u00edm \u0159e\u0161en\u00edm pro ka\u017ed\u00e9ho, kdo si chce u\u017e\u00edt halloweensk\u00e9ho ducha jedine\u010dn\u00fdm a personalizovan\u00fdm zp\u016fsobem. S na\u0161imi tri\u010dky se m\u016f\u017eete prom\u011bnit v postavu z va\u0161eho obl\u00edben\u00e9ho hororu nebo si prost\u011b jen p\u0159izp\u016fsobit vzhled stra\u0161ideln\u00e9 d\u00fdn\u011b. A co je nejlep\u0161\u00ed? Nakresl\u00edme v\u00e1m fotky a vytvo\u0159\u00edme z v\u00e1s stra\u0161ideln\u00e9 halloweensk\u00e9 kost\u00fdmy. P\u0159edstavte si v\u00fdraz ve tv\u00e1\u0159\u00edch va\u0161ich p\u0159\u00e1tel, a\u017e v\u00e1s uvid\u00ed prom\u011bn\u011bn\u00e9ho v krve\u017e\u00edzniv\u00e9ho up\u00edra nebo zlou \u010darod\u011bjnici!<\/p>\n<h3>Vysoce kvalitn\u00ed design a tisk<\/h3>\n<p>V na\u0161em studiu pou\u017e\u00edv\u00e1me Adobe Illustrator a Adobe Photoshop k tvorb\u011b \u00fa\u017easn\u00fdch vektorov\u00fdch obr\u00e1zk\u016f z va\u0161ich fotografi\u00ed. Na\u0161i zku\u0161en\u00ed design\u00e9\u0159i dbaj\u00ed na ka\u017ed\u00fd detail a zaji\u0161\u0165uj\u00ed, aby va\u0161e personalizovan\u00e9 halloweensk\u00e9 tri\u010dko bylo skute\u010dn\u00fdm um\u011bleck\u00fdm d\u00edlem. Pot\u00e9 vyu\u017e\u00edv\u00e1me nejmodern\u011bj\u0161\u00ed technologii tisku DTG, abychom v\u00e1\u0161 n\u00e1vrh vdechli \u017eivotu na vysoce kvalitn\u00edm tri\u010dku. Na\u0161e tri\u010dka jsou nejen vizu\u00e1ln\u011b p\u016fsobiv\u00e1, ale tak\u00e9 neuv\u011b\u0159iteln\u011b pohodln\u00e1 na no\u0161en\u00ed. Jsou vyrobena z prvot\u0159\u00eddn\u00edch materi\u00e1l\u016f, jsou m\u011bkk\u00e1, prody\u0161n\u00e1 a odoln\u00e1. A\u0165 u\u017e se \u00fa\u010dastn\u00edte halloweensk\u00e9 p\u00e1rty, jdete koledovat nebo jen tak leno\u0161\u00edte doma, na\u0161e tri\u010dka v\u00e1m zajist\u00ed stylov\u00fd a stra\u0161ideln\u00fd vzhled po celou noc.<\/p>\n<h3>K dispozici pro celou rodinu<\/h3>\n<p>Na\u0161e personalizovan\u00e1 halloweensk\u00e1 tri\u010dka nejsou jen pro dosp\u011bl\u00e9. Nab\u00edz\u00edme velikosti pro ml\u00e1de\u017e, d\u011bti i batolata, tak\u017ee se k z\u00e1bav\u011b m\u016f\u017ee p\u0159ipojit cel\u00e1 rodina. P\u0159edstavte si rozko\u0161n\u00fd pohled na va\u0161e ratolesti oble\u010den\u00e9 jako mini p\u0159\u00ed\u0161erky nebo drobn\u00e9 d\u00fdn\u011b! S na\u0161imi tri\u010dky se Halloween stane rodinnou z\u00e1le\u017eitost\u00ed, kterou si m\u016f\u017ee u\u017e\u00edt ka\u017ed\u00fd.<\/p>\n<h3>Nekone\u010dn\u00e9 mo\u017enosti personalizace<\/h3>\n<p>Jednou z nejzaj\u00edmav\u011bj\u0161\u00edch vlastnost\u00ed na\u0161ich tri\u010dek je mo\u017enost si je personalizovat pomoc\u00ed vlastn\u00edch fotografi\u00ed. Nejen\u017ee si m\u016f\u017eete nechat prom\u011bnit sv\u016fj obli\u010dej ve stra\u0161idelnou postavi\u010dku, ale m\u016f\u017eete na n\u011b zahrnout i sv\u00e9ho milovan\u00e9ho mazl\u00ed\u010dka. P\u0159edstavte si tu veselou z\u00e1bavu, kdy\u017e si v\u00e1\u0161 pes nebo ko\u010dka obl\u00e9kne up\u00ed\u0159\u00ed pl\u00e1\u0161\u0165 nebo \u010darod\u011bjnick\u00fd klobouk! Ale t\u00edm personalizace nekon\u010d\u00ed. Nab\u00edz\u00edme \u0161irokou \u0161k\u00e1lu design\u016f, ze kter\u00fdch si m\u016f\u017eete vybrat, v\u010detn\u011b hororov\u00fdch motiv\u016f, d\u00fd\u0148ov\u00fdch motiv\u016f a dokonce i halloweensk\u00e9ho tri\u010dka s Charliem Brownem pro v\u0161echny fanou\u0161ky seri\u00e1lu Peanuts. A\u0165 u\u017e je v\u00e1\u0161 styl nebo preference jak\u00fdkoli, m\u00e1me design, kter\u00fd bude vyhovovat va\u0161emu vkusu.<\/p>\n<h3>Z\u00edskejte sv\u00e9 personalizovan\u00e9 halloweensk\u00e9 tri\u010dko je\u0161t\u011b dnes!<\/h3>\n<p>Nespokojte se letos s oby\u010dejn\u00fdmi halloweensk\u00fdmi kost\u00fdmy. Vynikn\u011bte z davu a vyd\u011bste sv\u00e9 p\u0159\u00e1tele s na\u0161\u00edm personalizovan\u00fdm halloweensk\u00fdm tri\u010dkem. D\u00edky vysoce kvalitn\u00edmu designu, pohodln\u00e9mu st\u0159ihu a nekone\u010dn\u00fdm mo\u017enostem personalizace jsou na\u0161e tri\u010dka perfektn\u00ed volbou pro ka\u017ed\u00e9ho, kdo chce letos na Halloween n\u011bco vyj\u00e1d\u0159it. Objednejte si sv\u00e9 personalizovan\u00e9 halloweensk\u00e9 tri\u010dko je\u0161t\u011b dnes a p\u0159ipravte se na d\u011bsiv\u00e9, ohromuj\u00edc\u00ed a stra\u0161ideln\u00e9 chv\u00edle! <\/p>","protected":false},"excerpt":{"rendered":"<p>Bu\u010fte stra\u0161ideln\u00ed spolu s personalizovan\u00fdm tri\u010dkem Halloween pro p\u00e1r. Vlastn\u00ed tri\u010dka p\u0159em\u011b\u0148uj\u00ed fotografie na odpov\u00eddaj\u00edc\u00ed d\u011bsiv\u00e9 n\u00e1vrhy.<\/p>","protected":false},"featured_media":97492,"comment_status":"open","ping_status":"closed","template":"","meta":{"_acf_changed":false},"product_brand":[],"product_cat":[6197,2229,186,6412,6428],"product_tag":[1322,1325,2233,2239,2243,2245],"class_list":{"0":"post-23281","1":"product","2":"type-product","3":"status-publish","4":"has-post-thumbnail","6":"product_cat-t-shirts-couple","7":"product_cat-custom-gifts-halloween","8":"product_cat-men","9":"product_cat-photo-to-tees","10":"product_cat-translate-products","11":"product_tag-custom-bride-gift","12":"product_tag-custom-shirt-maker","13":"product_tag-halloween-shirt","14":"product_tag-pumpkin-shirt","15":"product_tag-skeleton-t-shirt","16":"product_tag-spirit-halloween-shirts","17":"wcpa_has_options","19":"first","20":"instock","21":"taxable","22":"shipping-taxable","23":"purchasable","24":"product-type-simple"},"acf":[],"wcpa_form_fields":{"wcpaData":{"product":{"product_price":24.99,"price_html":"<span class=\"wmc-wc-price\" ><span class=\"woocommerce-Price-amount amount\"><bdi><span class=\"woocommerce-Price-currencySymbol\">&euro;<\/span>24,99<\/bdi><\/span><span data-wmc_price_cache=\"{&quot;USD&quot;:&quot;&lt;span class=\\&quot;woocommerce-Price-amount amount\\&quot;&gt;&lt;bdi&gt;&lt;span class=\\&quot;woocommerce-Price-currencySymbol\\&quot;&gt;&amp;#36;&lt;\\\/span&gt;29,49&lt;\\\/bdi&gt;&lt;\\\/span&gt;&quot;,&quot;EUR&quot;:&quot;&lt;span class=\\&quot;woocommerce-Price-amount amount\\&quot;&gt;&lt;bdi&gt;&lt;span class=\\&quot;woocommerce-Price-currencySymbol\\&quot;&gt;&amp;euro;&lt;\\\/span&gt;24,99&lt;\\\/bdi&gt;&lt;\\\/span&gt;&quot;,&quot;CAD&quot;:&quot;&lt;span class=\\&quot;woocommerce-Price-amount amount\\&quot;&gt;&lt;bdi&gt;&lt;span class=\\&quot;woocommerce-Price-currencySymbol\\&quot;&gt;CAD$ &lt;\\\/span&gt;40,23&lt;\\\/bdi&gt;&lt;\\\/span&gt;&quot;,&quot;GBP&quot;:&quot;&lt;span class=\\&quot;woocommerce-Price-amount amount\\&quot;&gt;&lt;bdi&gt;&lt;span class=\\&quot;woocommerce-Price-currencySymbol\\&quot;&gt;&amp;pound;&lt;\\\/span&gt;21,49&lt;\\\/bdi&gt;&lt;\\\/span&gt;&quot;,&quot;PLN&quot;:&quot;&lt;span class=\\&quot;woocommerce-Price-amount amount\\&quot;&gt;&lt;bdi&gt;&lt;span class=\\&quot;woocommerce-Price-currencySymbol\\&quot;&gt;z\\u0142 &lt;\\\/span&gt;105,96&lt;\\\/bdi&gt;&lt;\\\/span&gt;&quot;,&quot;SEK&quot;:&quot;&lt;span class=\\&quot;woocommerce-Price-amount amount\\&quot;&gt;&lt;bdi&gt;&lt;span class=\\&quot;woocommerce-Price-currencySymbol\\&quot;&gt;kr &lt;\\\/span&gt;271,14&lt;\\\/bdi&gt;&lt;\\\/span&gt;&quot;,&quot;AUD&quot;:&quot;&lt;span class=\\&quot;woocommerce-Price-amount amount\\&quot;&gt;&lt;bdi&gt;&lt;span class=\\&quot;woocommerce-Price-currencySymbol\\&quot;&gt;AUD$ &lt;\\\/span&gt;40,48&lt;\\\/bdi&gt;&lt;\\\/span&gt;&quot;,&quot;JPY&quot;:&quot;&lt;span class=\\&quot;woocommerce-Price-amount amount\\&quot;&gt;&lt;bdi&gt;&lt;span class=\\&quot;woocommerce-Price-currencySymbol\\&quot;&gt;&amp;yen;&lt;\\\/span&gt;4.625,15&lt;\\\/bdi&gt;&lt;\\\/span&gt;&quot;,&quot;CZK&quot;:&quot;&lt;span class=\\&quot;woocommerce-Price-amount amount\\&quot;&gt;&lt;bdi&gt;&lt;span class=\\&quot;woocommerce-Price-currencySymbol\\&quot;&gt;K\\u010d &lt;\\\/span&gt;608,01&lt;\\\/bdi&gt;&lt;\\\/span&gt;&quot;,&quot;NZD&quot;:&quot;&lt;span class=\\&quot;woocommerce-Price-amount amount\\&quot;&gt;&lt;bdi&gt;&lt;span class=\\&quot;woocommerce-Price-currencySymbol\\&quot;&gt;NZD$ &lt;\\\/span&gt;49,23&lt;\\\/bdi&gt;&lt;\\\/span&gt;&quot;,&quot;CHF&quot;:&quot;&lt;span class=\\&quot;woocommerce-Price-amount amount\\&quot;&gt;&lt;bdi&gt;&lt;span class=\\&quot;woocommerce-Price-currencySymbol\\&quot;&gt;CHF &lt;\\\/span&gt;22,99&lt;\\\/bdi&gt;&lt;\\\/span&gt;&quot;}\" style=\"display: none;\" class=\"wmc-price-cache-list\"><\/span><\/span>","original_product_price":24.99,"price_including_tax":24.99,"price_excluding_tax":20.825,"product_id":{"parent":23281,"variation":false},"is_variable":false,"stock_status":"instock","stock_quantity":null,"parent_sku":"cw1122333","product_attributes":{"pa_color":{"is_variation":false,"values":["black","white","navy","red"]},"pa_style":{"is_variation":false,"values":["couple-t-shirt"]},"pa_customization":{"is_variation":false,"values":["add-your-photo","add-your-text-or-name","add-your-logo"]},"pa_material":{"is_variation":false,"values":["100-cotton"]},"pa_key-details":{"is_variation":false,"values":["unisex","regular-fit","premium-quality","digital-art"]},"pa_brand":{"is_variation":false,"values":["customywear"]},"pa_age-group":{"is_variation":false,"values":["adult"]},"pa_size":{"is_variation":false,"values":["xs","s","m","l","xl","2xl","3xl"]},"pa_print-type":{"is_variation":false,"values":["dtg-print-direct-to-garment"]},"pa_gender":{"is_variation":false,"values":["unisex"]}},"custom_fields":[],"is_taxable":true,"product_name":"Personalized Halloween couple T-Shirt: Scare Your Friends with Customized tees"},"fields":{"sec_668d392cdb359a":{"extra":{"key":"sec_668d392cdb359a","section_id":"sec_668d392cdb359a","name":"T-shirt size and color","status":1,"cl_rule":"show","enableCl":false,"relations":[],"toggle":true,"title_tag":"h4","show_title":false,"showPrice":"default","form_id":137337,"form_rules":{"exclude_from_discount":false,"fee_label":"Fee","disp_hide_options_price":false,"disp_show_section_price":false,"disp_show_field_price":true,"layout_option":"standard","pric_use_as_fee":false,"process_fee_as":"woo_fee"},"layout_option":"standard"},"fields":[[{"active":true,"col":6,"relations":false,"cl_rule":"show","enableCl":false,"price":"","enablePrice":false,"className":"","label_position":"default","desc_position":"default","type":"color-group","required":false,"elementId":"color_group_6231271873","label":"Color","name":"color_group_6231271873","disp_type":"circle","values":[{"label":"Black","value":"Black","selected":false,"color":"#000000","tempId":"aco_909","gt_translate_keys":["label"]},{"label":"White","value":"White","selected":false,"color":"#ffffff","tempId":"aco_910","gt_translate_keys":["label"]},{"label":"Navy","value":"Navy","selected":false,"color":"#213a92","tempId":"aco_911","gt_translate_keys":["label"]},{"label":"Red","value":"Red","selected":false,"color":"#d0021b","tempId":"aco_1102","gt_translate_keys":["label"]}],"layOut":"inline","error":false,"tooltip":"Pick your preferred T-shirt color","selection_type":"tick-border","show_selected_option":true,"adjust_width":true,"show_label_inside":false,"cart_display_type":"text","gt_translate_keys":["label","tooltip"],"price_dependency":false,"cl_dependency":false,"value":""}],[{"active":true,"col":6,"relations":false,"cl_rule":"show","enableCl":false,"price":"","enablePrice":false,"className":"","label_position":"default","desc_position":"default","type":"radio-group","required":false,"elementId":"radio-group_068d392cdb35d9","label":"Size ","name":"radio-group_068d392cdb35d9","values":[{"label":"XS","value":"XS","selected":false,"tempId":"aco_128","gt_translate_keys":["label"]},{"label":"S","value":"S","selected":false,"tempId":"aco_129","gt_translate_keys":["label"]},{"label":"M","value":"M","selected":false,"tempId":"aco_130","gt_translate_keys":["label"]},{"label":"L","value":"L","selected":false,"tempId":"aco_212","gt_translate_keys":["label"]},{"label":"XL","value":"XL","selected":false,"tempId":"aco_222","gt_translate_keys":["label"]},{"label":"2XL","value":"2XL","selected":false,"tempId":"aco_286","gt_translate_keys":["label"]},{"label":"3XL","value":"3XL","selected":false,"tempId":"aco_350","gt_translate_keys":["label"]}],"layOut":"inline","error":false,"checkUi":"button","tooltip":"Choose your T-shirt size \u2013 suitable for both men and women.","show_selected_option":true,"gt_translate_keys":["label","tooltip"],"price_dependency":false,"cl_dependency":false,"value":""}],[{"active":true,"col":6,"relations":[{"operator":false,"rules":[{"operator":"AND","rules":{"cl_field":"select_1672e1bffc57b9","cl_relation":"is_empty","cl_val":true}}]}],"cl_rule":"hide","enableCl":false,"price":"","enablePrice":false,"className":"","label_position":"default","desc_position":"default","type":"file","required":false,"elementId":"file_968d392cdb35ef","name":"file_968d392cdb35ef","label":"Upload your photo(s)","upload_type":"droppable","uploadSize":"50","file_types":["images","docs","design"],"exts_supported":["jpg","jpeg","png","gif","webp","pdf","PSD"],"error":false,"hideImageIn_email":true,"multiple_upload":true,"max_file_count":"25","tooltip":"Upload a couple's photo or separate photos; we will combine both individuals together.","cartLabel":"Photo(s)","allowedFileTypes":".jpg,.jpeg,.png,.gif,.webp,.pdf,.PSD,image\/*,.doc,.docx,.xml,.dot,.docm,.dotm,.dotx,.htm,.html,.odt,.rtf,.txt,.wps,.xps,application\/msword,application\/vnd,.psd,.eps,.ai,.indd,.raw","gt_translate_keys":["label","tooltip"],"price_dependency":false,"cl_dependency":false,"value":""}],[{"active":true,"col":6,"relations":false,"cl_rule":"show","enableCl":false,"price":"","enablePrice":false,"className":"","label_position":"default","desc_position":"default","type":"checkbox","required":false,"elementId":"checkbox_468d392cdb360a","label":"View more options","name":"checkbox_468d392cdb360a","value":"","check_value":"Yes","checkUi":"","error":false,"hideFieldIn_cart":true,"hideFieldIn_order":true,"gt_translate_keys":["label","value","check_value"],"price_dependency":false,"cl_dependency":["text_868d392cdb366a","radio-group_268d392cdb3682","radio-group_368d392cdb3697"]}],[{"active":true,"col":6,"relations":[{"operator":false,"rules":[{"operator":"AND","rules":{"cl_field":"checkbox_468d392cdb360a","cl_relation":"is","cl_val":true}}]}],"cl_rule":"show","enableCl":true,"price":"","enablePrice":false,"className":"","label_position":"default","desc_position":"default","type":"text","subtype":"text","required":false,"elementId":"text_868d392cdb366a","label":"Add text to your T-shirt design (optional)","name":"text_868d392cdb366a","value":"","error":false,"tooltip":"Your text will be added to the top or bottom of the T-shirt design.","placeholder":"eg: Emma & John: Best Couple Ever","cartLabel":"Text","gt_translate_keys":["label","placeholder","value","tooltip"],"price_dependency":false,"cl_dependency":false}],[{"active":true,"col":6,"relations":[{"operator":false,"rules":[{"operator":"AND","rules":{"cl_field":"checkbox_468d392cdb360a","cl_relation":"is","cl_val":true}}]}],"cl_rule":"show","enableCl":true,"price":"","enablePrice":false,"className":"","label_position":"default","desc_position":"default","type":"radio-group","required":true,"elementId":"radio-group_268d392cdb3682","label":"Select t-shirt print location","name":"radio-group_268d392cdb3682","values":[{"label":"Front Side","value":"Front Side","selected":true,"tempId":"aco_5504","gt_translate_keys":["label"]},{"label":"Back Side","value":"Back Side","selected":false,"tempId":"aco_5505","gt_translate_keys":["label"]}],"layOut":"inline","error":false,"checkUi":"","cartLabel":"Print location","gt_translate_keys":["label"],"price_dependency":false,"cl_dependency":false,"value":""}],[{"active":true,"col":6,"relations":[{"operator":false,"rules":[{"operator":"AND","rules":{"cl_field":"checkbox_468d392cdb360a","cl_relation":"is","cl_val":true}}]}],"cl_rule":"show","enableCl":true,"price":"","enablePrice":false,"className":"","label_position":"default","desc_position":"default","type":"radio-group","required":false,"elementId":"radio-group_368d392cdb3697","label":"Would you like to review the design before printing?","name":"radio-group_368d392cdb3697","values":[{"label":"No","value":"No","selected":true,"tempId":"aco_6274","gt_translate_keys":["label"]},{"label":"Yes","value":"Yes","selected":false,"tempId":"aco_6275","price":"","gt_translate_keys":["label"]}],"layOut":"inline","error":false,"checkUi":"","priceOptions":"different_for_all","pricingType":"fixed","use_as_fee":false,"fee_label":"Preview Image","tooltip":"If yes, we\u2019ll email you a preview of the design before printing. This may add 1-2 days to delivery time.*","cartLabel":"Preview Image","hideFieldIn_cart":true,"hideFieldIn_order":false,"gt_translate_keys":["label","tooltip"],"price_dependency":false,"cl_dependency":["content_068d392cdb36ab"],"value":""}],[{"active":true,"col":6,"relations":[{"operator":false,"rules":[{"operator":"AND","rules":{"cl_field":"radio-group_368d392cdb3697","cl_relation":"is","cl_val":"Yes"}}]}],"cl_rule":"show","enableCl":true,"price":"","enablePrice":false,"className":"","label_position":"default","desc_position":"default","type":"content","required":false,"elementId":"content_068d392cdb36ab","label":"","name":"content_068d392cdb36ab","contentType":"plain","value":"Please check your inbox, including Spam or other folders, within 1-2 business days for the preview image","error":false,"subtype":"p","hideFieldIn_cart":true,"hideFieldIn_order":true,"gt_translate_keys":["label","value"],"price_dependency":false,"cl_dependency":false}]]}},"config":{"price_override":"","enable_recaptcha":false,"bind_quantity":false,"quantity_bind_formula":false,"disp_summ_show_option_price":false,"disp_summ_show_product_price":false,"disp_summ_show_total_price":false,"disp_summ_show_fee":false,"disp_summ_show_discount":false,"summary_title":"","options_total_label":"Options Price","total_label":"Total","options_product_label":"Product Price","fee_label":"Fee","discount_label":"Discount","has_price":true,"has_quantity_formula":false},"mc_unit":1,"tax_rate":1,"tax_rate_real":0,"discount":{"percentage":0,"fixed":0},"design":{"conf":{"LabelPosition":"above","DescPosition":"above","UploadField":"default","QuantityFieldStyle":"default"},"css":{"LeftLabelWidth":"120px"}},"formulas":[],"clones":false,"cartKey":false}},"_links":{"self":[{"href":"https:\/\/www.customywear.com\/cs\/wp-json\/wp\/v2\/product\/23281","targetHints":{"allow":["GET"]}}],"collection":[{"href":"https:\/\/www.customywear.com\/cs\/wp-json\/wp\/v2\/product"}],"about":[{"href":"https:\/\/www.customywear.com\/cs\/wp-json\/wp\/v2\/types\/product"}],"replies":[{"embeddable":true,"href":"https:\/\/www.customywear.com\/cs\/wp-json\/wp\/v2\/comments?post=23281"}],"wp:featuredmedia":[{"embeddable":true,"href":"https:\/\/www.customywear.com\/cs\/wp-json\/wp\/v2\/media\/97492"}],"wp:attachment":[{"href":"https:\/\/www.customywear.com\/cs\/wp-json\/wp\/v2\/media?parent=23281"}],"wp:term":[{"taxonomy":"product_brand","embeddable":true,"href":"https:\/\/www.customywear.com\/cs\/wp-json\/wp\/v2\/product_brand?post=23281"},{"taxonomy":"product_cat","embeddable":true,"href":"https:\/\/www.customywear.com\/cs\/wp-json\/wp\/v2\/product_cat?post=23281"},{"taxonomy":"product_tag","embeddable":true,"href":"https:\/\/www.customywear.com\/cs\/wp-json\/wp\/v2\/product_tag?post=23281"}],"curies":[{"name":"wp","href":"https:\/\/api.w.org\/{rel}","templated":true}]}}