{"id":34997,"date":"2024-05-01T13:32:49","date_gmt":"2024-05-01T13:32:49","guid":{"rendered":"https:\/\/www.customywear.com\/?post_type=product&#038;p=34997"},"modified":"2026-05-07T15:29:46","modified_gmt":"2026-05-07T15:29:46","slug":"tricka-materska-absolvovani","status":"publish","type":"product","link":"https:\/\/www.customywear.com\/cs\/kindergarten-graduation-t-shirts\/","title":{"rendered":"Tri\u010dko s n\u00e1pisem \u201ePromoce ve \u0161kolce\u201c \u2013 Tri\u010dko \u0161it\u00e9 na zak\u00e1zku"},"content":{"rendered":"<p>Na toto tri\u010dko s motivem promoce na m\u00edru digit\u00e1ln\u011b ru\u010dn\u011b nakresl\u00edme va\u0161i fotografii a vytvo\u0159\u00edme tak jedine\u010dnou postavu v promo\u010dn\u00edm outfitu. Na\u0161e tri\u010dka jsou vyrobena z m\u011bkk\u00e9 100% bavlny, tak\u017ee jsou pohodln\u00e1 a \u0161etrn\u00e1 k poko\u017ece. D\u00edky pr\u00e9miov\u00e9 kvalit\u011b a vysoce kvalitn\u00edmu DTG potisku bude design z\u00e1\u0159iv\u00fd a dlouhotrvaj\u00edc\u00ed. N\u00e1\u0161 b\u011b\u017en\u00fd st\u0159ih je ide\u00e1ln\u00ed pro ka\u017edodenn\u00ed no\u0161en\u00ed a proto\u017ee je unisex, padne ka\u017ed\u00e9mu! Ka\u017ed\u00fd design je odborn\u011b ru\u010dn\u011b kreslen, co\u017e zaji\u0161\u0165uje, \u017ee ten v\u00e1\u0161 je personalizovan\u00fd a jedine\u010dn\u00fd. Objednejte si je\u0161t\u011b dnes a oslavte sv\u00e9 \u00fasp\u011bchy stylov\u011b!<\/p>","protected":false},"excerpt":{"rendered":"<p>Oslavte ran\u00e9 studenty s tri\u010dky promoce ve \u0161kolce. Tri\u010dka vyroben\u00e1 na zak\u00e1zku prom\u011bn\u00ed jakoukoli fotografii v hravou, jedine\u010dnou ko\u0161ili.<\/p>","protected":false},"featured_media":142823,"comment_status":"open","ping_status":"closed","template":"","meta":{"_acf_changed":false},"product_brand":[],"product_cat":[6193,2090,6412,6428],"product_tag":[6433,6439,6221],"class_list":{"0":"post-34997","1":"product","2":"type-product","3":"status-publish","4":"has-post-thumbnail","6":"product_cat-girls-t-shirts","7":"product_cat-custom-gifts-graduation","8":"product_cat-photo-to-tees","9":"product_cat-translate-products","10":"product_tag-ai-artwork","11":"product_tag-ai-kids-artwork","12":"product_tag-custom-t-shirts-near-me","14":"first","15":"instock","16":"taxable","17":"shipping-taxable","18":"purchasable","19":"product-type-simple"},"acf":[],"wcpa_form_fields":null,"_links":{"self":[{"href":"https:\/\/www.customywear.com\/cs\/wp-json\/wp\/v2\/product\/34997","targetHints":{"allow":["GET"]}}],"collection":[{"href":"https:\/\/www.customywear.com\/cs\/wp-json\/wp\/v2\/product"}],"about":[{"href":"https:\/\/www.customywear.com\/cs\/wp-json\/wp\/v2\/types\/product"}],"replies":[{"embeddable":true,"href":"https:\/\/www.customywear.com\/cs\/wp-json\/wp\/v2\/comments?post=34997"}],"wp:featuredmedia":[{"embeddable":true,"href":"https:\/\/www.customywear.com\/cs\/wp-json\/wp\/v2\/media\/142823"}],"wp:attachment":[{"href":"https:\/\/www.customywear.com\/cs\/wp-json\/wp\/v2\/media?parent=34997"}],"wp:term":[{"taxonomy":"product_brand","embeddable":true,"href":"https:\/\/www.customywear.com\/cs\/wp-json\/wp\/v2\/product_brand?post=34997"},{"taxonomy":"product_cat","embeddable":true,"href":"https:\/\/www.customywear.com\/cs\/wp-json\/wp\/v2\/product_cat?post=34997"},{"taxonomy":"product_tag","embeddable":true,"href":"https:\/\/www.customywear.com\/cs\/wp-json\/wp\/v2\/product_tag?post=34997"}],"curies":[{"name":"wp","href":"https:\/\/api.w.org\/{rel}","templated":true}]}}