{"id":35613,"date":"2024-05-04T09:25:00","date_gmt":"2024-05-04T09:25:00","guid":{"rendered":"https:\/\/www.customywear.com\/?post_type=product&#038;p=35613"},"modified":"2026-05-07T15:29:46","modified_gmt":"2026-05-07T15:29:46","slug":"batoleci-letni-triko","status":"publish","type":"product","link":"https:\/\/www.customywear.com\/cs\/toddler-summer-tee\/","title":{"rendered":"Toddler girl&#8217;s Summer Tee &#8211; Cool and Comfy Tops for toddlers"},"content":{"rendered":"<p>Z\u00edskejte sv\u00e9 personalizovan\u00e9 turistick\u00e9 tri\u010dko je\u0161t\u011b dnes! Digit\u00e1ln\u011b ru\u010dn\u011b nakresl\u00edme va\u0161i fotografii a vytvo\u0159\u00edme jedine\u010dnou postavu turisty zdol\u00e1vaj\u00edc\u00edho vrchol hory. Na\u0161e tri\u010dka jsou vyrobena z m\u011bkk\u00e9 100% bavlny a nab\u00edzej\u00ed pohodl\u00ed a jemnost k poko\u017ece. D\u00edky pr\u00e9miov\u00e9 kvalit\u011b a vysoce kvalitn\u00edmu DTG potisku z\u016fst\u00e1v\u00e1 design z\u00e1\u0159iv\u00fd a odoln\u00fd. N\u00e1\u0161 st\u0159ih je unisex, vhodn\u00fd pro ka\u017edodenn\u00ed no\u0161en\u00ed, tak\u017ee padne ka\u017ed\u00e9mu! Ka\u017ed\u00fd design je odborn\u011b ru\u010dn\u011b kreslen, tak\u017ee ten v\u00e1\u0161 je personalizovan\u00fd a jedine\u010dn\u00fd. Objednejte si ho nyn\u00ed jako d\u00e1rek pro sebe nebo pro jak\u00e9hokoli nad\u0161ence do turistiky ve va\u0161em \u017eivot\u011b!<\/p>","protected":false},"excerpt":{"rendered":"<p>Z\u016fsta\u0148te v pohod\u011b s batolec\u00edmi letn\u00edmi tri\u010dky. Pohodln\u00e9 topy prom\u011bn\u00ed jakoukoli fotografii v z\u00e1bavn\u00e9, personalizovan\u00e9 tri\u010dko.<\/p>","protected":false},"featured_media":142858,"comment_status":"open","ping_status":"closed","template":"","meta":{"_acf_changed":false},"product_brand":[],"product_cat":[6207,558,6412,307,6428],"product_tag":[6433,6439,6221],"class_list":{"0":"post-35613","1":"product","2":"type-product","3":"status-publish","4":"has-post-thumbnail","6":"product_cat-toddler-girl-t-shirts","7":"product_cat-custom-gifts-hiking","8":"product_cat-photo-to-tees","9":"product_cat-summer","10":"product_cat-translate-products","11":"product_tag-ai-artwork","12":"product_tag-ai-kids-artwork","13":"product_tag-custom-t-shirts-near-me","15":"first","16":"instock","17":"taxable","18":"shipping-taxable","19":"purchasable","20":"product-type-simple"},"acf":[],"wcpa_form_fields":null,"_links":{"self":[{"href":"https:\/\/www.customywear.com\/cs\/wp-json\/wp\/v2\/product\/35613","targetHints":{"allow":["GET"]}}],"collection":[{"href":"https:\/\/www.customywear.com\/cs\/wp-json\/wp\/v2\/product"}],"about":[{"href":"https:\/\/www.customywear.com\/cs\/wp-json\/wp\/v2\/types\/product"}],"replies":[{"embeddable":true,"href":"https:\/\/www.customywear.com\/cs\/wp-json\/wp\/v2\/comments?post=35613"}],"wp:featuredmedia":[{"embeddable":true,"href":"https:\/\/www.customywear.com\/cs\/wp-json\/wp\/v2\/media\/142858"}],"wp:attachment":[{"href":"https:\/\/www.customywear.com\/cs\/wp-json\/wp\/v2\/media?parent=35613"}],"wp:term":[{"taxonomy":"product_brand","embeddable":true,"href":"https:\/\/www.customywear.com\/cs\/wp-json\/wp\/v2\/product_brand?post=35613"},{"taxonomy":"product_cat","embeddable":true,"href":"https:\/\/www.customywear.com\/cs\/wp-json\/wp\/v2\/product_cat?post=35613"},{"taxonomy":"product_tag","embeddable":true,"href":"https:\/\/www.customywear.com\/cs\/wp-json\/wp\/v2\/product_tag?post=35613"}],"curies":[{"name":"wp","href":"https:\/\/api.w.org\/{rel}","templated":true}]}}