{"id":37901,"date":"2024-05-24T11:34:54","date_gmt":"2024-05-24T11:34:54","guid":{"rendered":"https:\/\/www.customywear.com\/?post_type=product&#038;p=37901"},"modified":"2026-05-16T11:38:06","modified_gmt":"2026-05-16T11:38:06","slug":"tricka-k-jeho-a-jejimu-vyroci","status":"publish","type":"product","link":"https:\/\/www.customywear.com\/cs\/his-and-hers-anniversary-t-shirts\/","title":{"rendered":"Tri\u010dka k v\u00fdro\u010d\u00ed pro n\u011bj a pro ni \u2013 tri\u010dko na m\u00edru"},"content":{"rendered":"<p>Tri\u010dka k v\u00fdro\u010d\u00ed pro n\u011bj a pro ni: Oslavte svou trvalou l\u00e1sku s na\u0161imi okouzluj\u00edc\u00edmi tri\u010dky k v\u00fdro\u010d\u00ed pro n\u011bj a pro ni! N\u00e1\u0161 t\u00fdm odborn\u00edk\u016f prom\u011bn\u00ed va\u0161i fotografii v okouzluj\u00edc\u00ed postavi\u010dky, kter\u00e9 zobrazuj\u00ed \u0161\u0165astn\u00fd p\u00e1r v elegantn\u00edm oble\u010den\u00ed na pozad\u00ed slavnostn\u00ed v\u00fdzdoby a radostn\u00e9 atmosf\u00e9ry, p\u0159ipom\u00ednaj\u00edc\u00ed obr\u00e1zky na\u0161ich produkt\u016f. Na\u0161e tri\u010dka jsou vyrobena z pr\u00e9miov\u00e9 bavlny, nab\u00edzej\u00ed pohodln\u00fd st\u0159ih a zachov\u00e1vaj\u00ed si sv\u016fj z\u00e1\u0159iv\u00fd design pran\u00ed za pran\u00edm. A\u0165 u\u017e se jedn\u00e1 o miln\u00edky nebo ka\u017edodenn\u00ed no\u0161en\u00ed, tato tri\u010dka jsou perfektn\u00ed volbou pro p\u0159ipomenut\u00ed va\u0161\u00ed spole\u010dn\u00e9 cesty. Ka\u017ed\u00fd design je pe\u010dliv\u011b vytvo\u0159en na\u0161imi zku\u0161en\u00fdmi digit\u00e1ln\u00edmi um\u011blci, tak\u017ee va\u0161e tri\u010dka k v\u00fdro\u010d\u00ed pro n\u011bj a pro ni budou cenn\u00fdm suven\u00fdrem. P\u0159izp\u016fsobte si to sv\u00e9 vlastn\u00edm textem pro osobn\u00ed \u0161mrnc!<\/p>","protected":false},"excerpt":{"rendered":"<p>Mark Anniversaries sv\u00fdmi a jej\u00edmi v\u00fdro\u010dn\u00edmi tri\u010dky. Vlastn\u00ed tri\u010dka prom\u011bn\u00ed jakoukoli fotografii v odpov\u00eddaj\u00edc\u00ed, jedine\u010dn\u00e1 tri\u010dka.<\/p>","protected":false},"featured_media":144013,"comment_status":"open","ping_status":"closed","template":"","meta":{"_acf_changed":false},"product_brand":[],"product_cat":[6197,250,6371,6147,6412,6428],"product_tag":[6440,6329,6218,237,6442],"class_list":{"0":"post-37901","1":"product","2":"type-product","3":"status-publish","4":"has-post-thumbnail","6":"product_cat-t-shirts-couple","7":"product_cat-couple","8":"product_cat-couples-wedding-t-shirts","9":"product_cat-custom-gifts-wedding-rose","10":"product_cat-photo-to-tees","11":"product_cat-translate-products","12":"product_tag-ai-artwork-couple","13":"product_tag-custom-t-shirt-from-selfie-for-couples","14":"product_tag-making-your-own-t-shirts","15":"product_tag-personalized-t-shirts","16":"product_tag-top-artwork","18":"first","19":"instock","20":"taxable","21":"shipping-taxable","22":"purchasable","23":"product-type-simple"},"acf":[],"wcpa_form_fields":null,"_links":{"self":[{"href":"https:\/\/www.customywear.com\/cs\/wp-json\/wp\/v2\/product\/37901","targetHints":{"allow":["GET"]}}],"collection":[{"href":"https:\/\/www.customywear.com\/cs\/wp-json\/wp\/v2\/product"}],"about":[{"href":"https:\/\/www.customywear.com\/cs\/wp-json\/wp\/v2\/types\/product"}],"replies":[{"embeddable":true,"href":"https:\/\/www.customywear.com\/cs\/wp-json\/wp\/v2\/comments?post=37901"}],"wp:featuredmedia":[{"embeddable":true,"href":"https:\/\/www.customywear.com\/cs\/wp-json\/wp\/v2\/media\/144013"}],"wp:attachment":[{"href":"https:\/\/www.customywear.com\/cs\/wp-json\/wp\/v2\/media?parent=37901"}],"wp:term":[{"taxonomy":"product_brand","embeddable":true,"href":"https:\/\/www.customywear.com\/cs\/wp-json\/wp\/v2\/product_brand?post=37901"},{"taxonomy":"product_cat","embeddable":true,"href":"https:\/\/www.customywear.com\/cs\/wp-json\/wp\/v2\/product_cat?post=37901"},{"taxonomy":"product_tag","embeddable":true,"href":"https:\/\/www.customywear.com\/cs\/wp-json\/wp\/v2\/product_tag?post=37901"}],"curies":[{"name":"wp","href":"https:\/\/api.w.org\/{rel}","templated":true}]}}