{"id":38139,"date":"2024-05-24T12:22:40","date_gmt":"2024-05-24T12:22:40","guid":{"rendered":"https:\/\/www.customywear.com\/?post_type=product&#038;p=38139"},"modified":"2026-05-07T15:29:44","modified_gmt":"2026-05-07T15:29:44","slug":"svatebni-dar-pro-divky","status":"publish","type":"product","link":"https:\/\/www.customywear.com\/cs\/wedding-gift-for-girls\/","title":{"rendered":"Svatebn\u00ed d\u00e1rek pro d\u00edvky \u2013 tri\u010dko s vlastn\u00edm obr\u00e1zkem"},"content":{"rendered":"<p>Svatebn\u00ed dar pro d\u00edvky: Uka\u017ete sv\u00fdm d\u00edvk\u00e1m sv\u00e9 uzn\u00e1n\u00ed promy\u0161len\u00fdm svatebn\u00edm darem!<\/p>","protected":false},"excerpt":{"rendered":"<p>D\u00e1rek ve velk\u00e9m se svatebn\u00edmi dary pro d\u00edvky. Vlastn\u00ed image ko\u0161ile prom\u011bn\u00ed jakoukoli fotografii do jedine\u010dn\u00e9ho tri\u010dka.<\/p>","protected":false},"featured_media":143199,"comment_status":"open","ping_status":"closed","template":"","meta":{"_acf_changed":false},"product_brand":[],"product_cat":[6193,6147,6412,6428],"product_tag":[6433,6439,6221],"class_list":{"0":"post-38139","1":"product","2":"type-product","3":"status-publish","4":"has-post-thumbnail","6":"product_cat-girls-t-shirts","7":"product_cat-custom-gifts-wedding-rose","8":"product_cat-photo-to-tees","9":"product_cat-translate-products","10":"product_tag-ai-artwork","11":"product_tag-ai-kids-artwork","12":"product_tag-custom-t-shirts-near-me","14":"first","15":"instock","16":"taxable","17":"shipping-taxable","18":"purchasable","19":"product-type-simple"},"acf":[],"wcpa_form_fields":null,"_links":{"self":[{"href":"https:\/\/www.customywear.com\/cs\/wp-json\/wp\/v2\/product\/38139","targetHints":{"allow":["GET"]}}],"collection":[{"href":"https:\/\/www.customywear.com\/cs\/wp-json\/wp\/v2\/product"}],"about":[{"href":"https:\/\/www.customywear.com\/cs\/wp-json\/wp\/v2\/types\/product"}],"replies":[{"embeddable":true,"href":"https:\/\/www.customywear.com\/cs\/wp-json\/wp\/v2\/comments?post=38139"}],"wp:featuredmedia":[{"embeddable":true,"href":"https:\/\/www.customywear.com\/cs\/wp-json\/wp\/v2\/media\/143199"}],"wp:attachment":[{"href":"https:\/\/www.customywear.com\/cs\/wp-json\/wp\/v2\/media?parent=38139"}],"wp:term":[{"taxonomy":"product_brand","embeddable":true,"href":"https:\/\/www.customywear.com\/cs\/wp-json\/wp\/v2\/product_brand?post=38139"},{"taxonomy":"product_cat","embeddable":true,"href":"https:\/\/www.customywear.com\/cs\/wp-json\/wp\/v2\/product_cat?post=38139"},{"taxonomy":"product_tag","embeddable":true,"href":"https:\/\/www.customywear.com\/cs\/wp-json\/wp\/v2\/product_tag?post=38139"}],"curies":[{"name":"wp","href":"https:\/\/api.w.org\/{rel}","templated":true}]}}