{"id":38722,"date":"2024-06-04T13:14:06","date_gmt":"2024-06-04T13:14:06","guid":{"rendered":"https:\/\/www.customywear.com\/?post_type=product&#038;p=38722"},"modified":"2026-05-07T15:29:44","modified_gmt":"2026-05-07T15:29:44","slug":"batole-legracni-tricka-vesely-par-kosil","status":"publish","type":"product","link":"https:\/\/www.customywear.com\/cs\/toddler-funny-t-shirts-hilarious-couple-shirts\/","title":{"rendered":"Vtipn\u00e1 tri\u010dka pro batolata \u2013 Tri\u010dka pro vesel\u00e9 p\u00e1ry"},"content":{"rendered":"<p>Vtipn\u00e1 tri\u010dka pro batolata: O\u017eivte \u0161atn\u00edk sv\u00e9ho batolete trochou humoru s na\u0161imi vtipn\u00fdmi tri\u010dky! Tato tri\u010dka s vtipnou grafikou a vtipn\u00fdmi vzkazy jist\u011b vykouzl\u00ed \u00fasm\u011bv na tv\u00e1\u0159i ka\u017ed\u00e9mu.<\/p>","protected":false},"excerpt":{"rendered":"<p>P\u0159idejte humor s batolec\u00edmi vtipn\u00fdmi tri\u010dky. Vesel\u00e9 p\u00e1rov\u00e9 ko\u0161ile prom\u011bn\u00ed jakoukoli fotografii v hrav\u00e1, jedine\u010dn\u00e1 tri\u010dka.<\/p>","protected":false},"featured_media":142672,"comment_status":"open","ping_status":"closed","template":"","meta":{"_acf_changed":false},"product_brand":[],"product_cat":[6209,3604,6412,6428],"product_tag":[6433,6439,6221],"class_list":{"0":"post-38722","1":"product","2":"type-product","3":"status-publish","4":"has-post-thumbnail","6":"product_cat-toddler-boy-t-shirts","7":"product_cat-custom-gifts-dj-orange","8":"product_cat-photo-to-tees","9":"product_cat-translate-products","10":"product_tag-ai-artwork","11":"product_tag-ai-kids-artwork","12":"product_tag-custom-t-shirts-near-me","14":"first","15":"instock","16":"taxable","17":"shipping-taxable","18":"purchasable","19":"product-type-simple"},"acf":[],"wcpa_form_fields":null,"_links":{"self":[{"href":"https:\/\/www.customywear.com\/cs\/wp-json\/wp\/v2\/product\/38722","targetHints":{"allow":["GET"]}}],"collection":[{"href":"https:\/\/www.customywear.com\/cs\/wp-json\/wp\/v2\/product"}],"about":[{"href":"https:\/\/www.customywear.com\/cs\/wp-json\/wp\/v2\/types\/product"}],"replies":[{"embeddable":true,"href":"https:\/\/www.customywear.com\/cs\/wp-json\/wp\/v2\/comments?post=38722"}],"wp:featuredmedia":[{"embeddable":true,"href":"https:\/\/www.customywear.com\/cs\/wp-json\/wp\/v2\/media\/142672"}],"wp:attachment":[{"href":"https:\/\/www.customywear.com\/cs\/wp-json\/wp\/v2\/media?parent=38722"}],"wp:term":[{"taxonomy":"product_brand","embeddable":true,"href":"https:\/\/www.customywear.com\/cs\/wp-json\/wp\/v2\/product_brand?post=38722"},{"taxonomy":"product_cat","embeddable":true,"href":"https:\/\/www.customywear.com\/cs\/wp-json\/wp\/v2\/product_cat?post=38722"},{"taxonomy":"product_tag","embeddable":true,"href":"https:\/\/www.customywear.com\/cs\/wp-json\/wp\/v2\/product_tag?post=38722"}],"curies":[{"name":"wp","href":"https:\/\/api.w.org\/{rel}","templated":true}]}}