{"id":38726,"date":"2024-06-04T13:14:13","date_gmt":"2024-06-04T13:14:13","guid":{"rendered":"https:\/\/www.customywear.com\/?post_type=product&#038;p=38726"},"modified":"2026-05-07T15:29:44","modified_gmt":"2026-05-07T15:29:44","slug":"chlapecke-tricko-pro-dj-na-zakazku-vyrobene-tricko","status":"publish","type":"product","link":"https:\/\/www.customywear.com\/cs\/boys-custom-dj-t-shirt-custom-made-tee\/","title":{"rendered":"Chlapeck\u00e9 tri\u010dko s motivem DJe na zak\u00e1zku \u2013 tri\u010dko na m\u00edru"},"content":{"rendered":"<p>Chlapeck\u00e9 tri\u010dko s motivem DJe: Zvy\u0161te si hlasitost s na\u0161\u00edm chlapeck\u00fdm tri\u010dkem s motivem DJe! P\u0159idejte si jeho jm\u00e9no nebo logo obl\u00edben\u00e9ho DJe a vytvo\u0159te si tri\u010dko, kter\u00e9 je stejn\u011b jedine\u010dn\u00e9 jako jeho hudebn\u00ed vkus.<\/p>","protected":false},"excerpt":{"rendered":"<p>Rock style with Boy&#8217;s Custom DJ T-Shirts. Custom Made Tees turn any photo into a bold, one-of-a-kind t-shirt.<\/p>","protected":false},"featured_media":142658,"comment_status":"open","ping_status":"closed","template":"","meta":{"_acf_changed":false},"product_brand":[],"product_cat":[6189,3604,6412,6428,58],"product_tag":[6433,6439,6221,6330],"class_list":{"0":"post-38726","1":"product","2":"type-product","3":"status-publish","4":"has-post-thumbnail","6":"product_cat-boys-t-shirts","7":"product_cat-custom-gifts-dj-orange","8":"product_cat-photo-to-tees","9":"product_cat-translate-products","10":"product_cat-youth-kids","11":"product_tag-ai-artwork","12":"product_tag-ai-kids-artwork","13":"product_tag-custom-t-shirts-near-me","14":"product_tag-photo-print-t-shirt-for-boys","16":"first","17":"instock","18":"taxable","19":"shipping-taxable","20":"purchasable","21":"product-type-simple"},"acf":[],"wcpa_form_fields":null,"_links":{"self":[{"href":"https:\/\/www.customywear.com\/cs\/wp-json\/wp\/v2\/product\/38726","targetHints":{"allow":["GET"]}}],"collection":[{"href":"https:\/\/www.customywear.com\/cs\/wp-json\/wp\/v2\/product"}],"about":[{"href":"https:\/\/www.customywear.com\/cs\/wp-json\/wp\/v2\/types\/product"}],"replies":[{"embeddable":true,"href":"https:\/\/www.customywear.com\/cs\/wp-json\/wp\/v2\/comments?post=38726"}],"wp:featuredmedia":[{"embeddable":true,"href":"https:\/\/www.customywear.com\/cs\/wp-json\/wp\/v2\/media\/142658"}],"wp:attachment":[{"href":"https:\/\/www.customywear.com\/cs\/wp-json\/wp\/v2\/media?parent=38726"}],"wp:term":[{"taxonomy":"product_brand","embeddable":true,"href":"https:\/\/www.customywear.com\/cs\/wp-json\/wp\/v2\/product_brand?post=38726"},{"taxonomy":"product_cat","embeddable":true,"href":"https:\/\/www.customywear.com\/cs\/wp-json\/wp\/v2\/product_cat?post=38726"},{"taxonomy":"product_tag","embeddable":true,"href":"https:\/\/www.customywear.com\/cs\/wp-json\/wp\/v2\/product_tag?post=38726"}],"curies":[{"name":"wp","href":"https:\/\/api.w.org\/{rel}","templated":true}]}}