{"id":38765,"date":"2024-06-04T13:20:14","date_gmt":"2024-06-04T13:20:14","guid":{"rendered":"https:\/\/www.customywear.com\/?post_type=product&#038;p=38765"},"modified":"2026-05-07T15:29:44","modified_gmt":"2026-05-07T15:29:44","slug":"divci-modni-hudebni-tricka","status":"publish","type":"product","link":"https:\/\/www.customywear.com\/cs\/girls-trendy-music-t-shirts\/","title":{"rendered":"D\u00edv\u010d\u00ed m\u00f3dn\u00ed hudebn\u00ed tri\u010dka \u2013 nositeln\u00e9 um\u011bn\u00ed na zak\u00e1zku"},"content":{"rendered":"<p>D\u00edv\u010d\u00ed trendy hudebn\u00ed tri\u010dka: U\u017eijte si stylov\u00fd rock s na\u0161imi d\u00edv\u010d\u00edmi trendy hudebn\u00edmi tri\u010dky! Tato tri\u010dka s modern\u00edm designem a skv\u011blou grafikou jsou ide\u00e1ln\u00ed pro mlad\u00e9 milovnice hudby, kter\u00e9 cht\u011bj\u00ed d\u00e1t najevo svou v\u00e1\u0161e\u0148.<\/p>","protected":false},"excerpt":{"rendered":"<p>Trend with Girls&#8217; Music T-Shirts. Custom Wearable Art Tees transform any photo into unique, stylish t-shirts.<\/p>","protected":false},"featured_media":142665,"comment_status":"open","ping_status":"closed","template":"","meta":{"_acf_changed":false},"product_brand":[],"product_cat":[6193,3604,3605,152,1582,6412,6428,58],"product_tag":[6433,6439,6331,6221],"class_list":{"0":"post-38765","1":"product","2":"type-product","3":"status-publish","4":"has-post-thumbnail","6":"product_cat-girls-t-shirts","7":"product_cat-custom-gifts-dj-orange","8":"product_cat-dj-t-shirts","9":"product_cat-girls","10":"product_cat-music","11":"product_cat-photo-to-tees","12":"product_cat-translate-products","13":"product_cat-youth-kids","14":"product_tag-ai-artwork","15":"product_tag-ai-kids-artwork","16":"product_tag-custom-picture-t-shirt-for-girls","17":"product_tag-custom-t-shirts-near-me","19":"first","20":"instock","21":"taxable","22":"shipping-taxable","23":"purchasable","24":"product-type-simple"},"acf":[],"wcpa_form_fields":null,"_links":{"self":[{"href":"https:\/\/www.customywear.com\/cs\/wp-json\/wp\/v2\/product\/38765","targetHints":{"allow":["GET"]}}],"collection":[{"href":"https:\/\/www.customywear.com\/cs\/wp-json\/wp\/v2\/product"}],"about":[{"href":"https:\/\/www.customywear.com\/cs\/wp-json\/wp\/v2\/types\/product"}],"replies":[{"embeddable":true,"href":"https:\/\/www.customywear.com\/cs\/wp-json\/wp\/v2\/comments?post=38765"}],"wp:featuredmedia":[{"embeddable":true,"href":"https:\/\/www.customywear.com\/cs\/wp-json\/wp\/v2\/media\/142665"}],"wp:attachment":[{"href":"https:\/\/www.customywear.com\/cs\/wp-json\/wp\/v2\/media?parent=38765"}],"wp:term":[{"taxonomy":"product_brand","embeddable":true,"href":"https:\/\/www.customywear.com\/cs\/wp-json\/wp\/v2\/product_brand?post=38765"},{"taxonomy":"product_cat","embeddable":true,"href":"https:\/\/www.customywear.com\/cs\/wp-json\/wp\/v2\/product_cat?post=38765"},{"taxonomy":"product_tag","embeddable":true,"href":"https:\/\/www.customywear.com\/cs\/wp-json\/wp\/v2\/product_tag?post=38765"}],"curies":[{"name":"wp","href":"https:\/\/api.w.org\/{rel}","templated":true}]}}