{"id":38766,"date":"2024-06-04T13:20:16","date_gmt":"2024-06-04T13:20:16","guid":{"rendered":"https:\/\/www.customywear.com\/?post_type=product&#038;p=38766"},"modified":"2026-05-07T15:29:44","modified_gmt":"2026-05-07T15:29:44","slug":"tricko-toddler-divka-na-miru","status":"publish","type":"product","link":"https:\/\/www.customywear.com\/cs\/toddler-girl-custom-t-shirts\/","title":{"rendered":"D\u00edv\u010d\u00ed tri\u010dka na m\u00edru pro batolata \u2013 tri\u010dko na m\u00edru"},"content":{"rendered":"<p>Hol\u010di\u010d\u00ed tri\u010dka na m\u00edru: Nechte jej\u00ed osobnost zaz\u00e1\u0159it s na\u0161imi d\u00edv\u010d\u00edmi tri\u010dky na m\u00edru! P\u0159idejte jej\u00ed jm\u00e9no, obl\u00edben\u00e9 barvy nebo speci\u00e1ln\u00ed vzory a vytvo\u0159te si tri\u010dko, kter\u00e9 je jedine\u010dn\u00e9.<\/p>","protected":false},"excerpt":{"rendered":"<p>Oslavte mal\u00e9 d\u011bti na zak\u00e1zku batolec\u00edch tri\u010dek. Na zak\u00e1zku vyroben\u00e1 tri\u010dka prom\u011bn\u00ed jakoukoli fotografii v hrav\u00e1, jedine\u010dn\u00e1 tri\u010dka.<\/p>","protected":false},"featured_media":142678,"comment_status":"open","ping_status":"closed","template":"","meta":{"_acf_changed":false},"product_brand":[],"product_cat":[6207,3604,6412,6428],"product_tag":[6433,6439,6221],"class_list":{"0":"post-38766","1":"product","2":"type-product","3":"status-publish","4":"has-post-thumbnail","6":"product_cat-toddler-girl-t-shirts","7":"product_cat-custom-gifts-dj-orange","8":"product_cat-photo-to-tees","9":"product_cat-translate-products","10":"product_tag-ai-artwork","11":"product_tag-ai-kids-artwork","12":"product_tag-custom-t-shirts-near-me","14":"first","15":"instock","16":"taxable","17":"shipping-taxable","18":"purchasable","19":"product-type-simple"},"acf":[],"wcpa_form_fields":null,"_links":{"self":[{"href":"https:\/\/www.customywear.com\/cs\/wp-json\/wp\/v2\/product\/38766","targetHints":{"allow":["GET"]}}],"collection":[{"href":"https:\/\/www.customywear.com\/cs\/wp-json\/wp\/v2\/product"}],"about":[{"href":"https:\/\/www.customywear.com\/cs\/wp-json\/wp\/v2\/types\/product"}],"replies":[{"embeddable":true,"href":"https:\/\/www.customywear.com\/cs\/wp-json\/wp\/v2\/comments?post=38766"}],"wp:featuredmedia":[{"embeddable":true,"href":"https:\/\/www.customywear.com\/cs\/wp-json\/wp\/v2\/media\/142678"}],"wp:attachment":[{"href":"https:\/\/www.customywear.com\/cs\/wp-json\/wp\/v2\/media?parent=38766"}],"wp:term":[{"taxonomy":"product_brand","embeddable":true,"href":"https:\/\/www.customywear.com\/cs\/wp-json\/wp\/v2\/product_brand?post=38766"},{"taxonomy":"product_cat","embeddable":true,"href":"https:\/\/www.customywear.com\/cs\/wp-json\/wp\/v2\/product_cat?post=38766"},{"taxonomy":"product_tag","embeddable":true,"href":"https:\/\/www.customywear.com\/cs\/wp-json\/wp\/v2\/product_tag?post=38766"}],"curies":[{"name":"wp","href":"https:\/\/api.w.org\/{rel}","templated":true}]}}