{"id":38925,"date":"2024-06-13T12:38:50","date_gmt":"2024-06-13T12:38:50","guid":{"rendered":"https:\/\/www.customywear.com\/?post_type=product&#038;p=38925"},"modified":"2026-05-16T11:35:27","modified_gmt":"2026-05-16T11:35:27","slug":"kulturisticka-tricka-pro-muze-s-grafikou-na-zakazku","status":"publish","type":"product","link":"https:\/\/www.customywear.com\/cs\/bodybuilding-t-shirts-for-men-custom-graphic-shirt\/","title":{"rendered":"Kulturistika Tri\u010dka pro Mu\u017ee \u2013 Vlastn\u00ed grafick\u00e9 tri\u010dko"},"content":{"rendered":"<p>P\u00e1nsk\u00e1 tri\u010dka na kulturistiku: Oslavte s\u00edlu s na\u0161imi p\u00e1nsk\u00fdmi tri\u010dky na kulturistiku, vyroben\u00fdmi z m\u011bkk\u00e9 100% bavlny pro dlouhotrvaj\u00edc\u00ed pohodl\u00ed. Tato tri\u010dka se vyzna\u010duj\u00ed prvot\u0159\u00eddn\u00ed kvalitou a vysoce kvalitn\u00edm potiskem DTG a p\u0159edstavuj\u00ed z\u00e1\u0159iv\u00fd design, kter\u00fd odol\u00e1v\u00e1 blednut\u00ed. B\u011b\u017en\u00fd st\u0159ih padne mu\u017e\u016fm i \u017een\u00e1m a nab\u00edz\u00ed v\u0161estrannost ve va\u0161em \u0161atn\u00edku. Ka\u017ed\u00e9 tri\u010dko obsahuje digit\u00e1ln\u00ed um\u011bn\u00ed transformovan\u00e9 z va\u0161ich fotografi\u00ed, kter\u00e9 vytv\u00e1\u0159\u00ed personalizovan\u00fd kousek, jen\u017e odr\u00e1\u017e\u00ed va\u0161e oddanost kulturistice.<\/p>","protected":false},"excerpt":{"rendered":"<p>Uka\u017ete s\u00edlu s kulturistick\u00fdmi tri\u010dky pro mu\u017ee. Vlastn\u00ed grafick\u00e9 ko\u0161ile prom\u011bn\u00ed jakoukoli fotografii v odv\u00e1\u017en\u00e9, jedine\u010dn\u00e9 tri\u010dko.<\/p>","protected":false},"featured_media":135011,"comment_status":"open","ping_status":"closed","template":"","meta":{"_acf_changed":false},"product_brand":[],"product_cat":[6195,157,6149,186,6337,6348,6412,6428],"product_tag":[6433,6165,6216],"class_list":{"0":"post-38925","1":"product","2":"type-product","3":"status-publish","4":"has-post-thumbnail","6":"product_cat-t-shirts-men","7":"product_cat-best-sellers","8":"product_cat-custom-gifts-ai-bodybuilder","9":"product_cat-men","10":"product_cat-mens-gym-t-shirts","11":"product_cat-mens-summer-t-shirts","12":"product_cat-photo-to-tees","13":"product_cat-translate-products","14":"product_tag-ai-artwork","15":"product_tag-custom-gym-tees","16":"product_tag-mens-custom-t-shirts","18":"first","19":"instock","20":"taxable","21":"shipping-taxable","22":"purchasable","23":"product-type-simple"},"acf":[],"wcpa_form_fields":null,"_links":{"self":[{"href":"https:\/\/www.customywear.com\/cs\/wp-json\/wp\/v2\/product\/38925","targetHints":{"allow":["GET"]}}],"collection":[{"href":"https:\/\/www.customywear.com\/cs\/wp-json\/wp\/v2\/product"}],"about":[{"href":"https:\/\/www.customywear.com\/cs\/wp-json\/wp\/v2\/types\/product"}],"replies":[{"embeddable":true,"href":"https:\/\/www.customywear.com\/cs\/wp-json\/wp\/v2\/comments?post=38925"}],"wp:featuredmedia":[{"embeddable":true,"href":"https:\/\/www.customywear.com\/cs\/wp-json\/wp\/v2\/media\/135011"}],"wp:attachment":[{"href":"https:\/\/www.customywear.com\/cs\/wp-json\/wp\/v2\/media?parent=38925"}],"wp:term":[{"taxonomy":"product_brand","embeddable":true,"href":"https:\/\/www.customywear.com\/cs\/wp-json\/wp\/v2\/product_brand?post=38925"},{"taxonomy":"product_cat","embeddable":true,"href":"https:\/\/www.customywear.com\/cs\/wp-json\/wp\/v2\/product_cat?post=38925"},{"taxonomy":"product_tag","embeddable":true,"href":"https:\/\/www.customywear.com\/cs\/wp-json\/wp\/v2\/product_tag?post=38925"}],"curies":[{"name":"wp","href":"https:\/\/api.w.org\/{rel}","templated":true}]}}