{"id":38991,"date":"2024-06-13T13:51:35","date_gmt":"2024-06-13T13:51:35","guid":{"rendered":"https:\/\/www.customywear.com\/?post_type=product&#038;p=38991"},"modified":"2026-05-05T20:23:27","modified_gmt":"2026-05-05T20:23:27","slug":"tricka-do-telocvicny-pro-zeny-s-grafikou-na-zakazku","status":"publish","type":"product","link":"https:\/\/www.customywear.com\/cs\/gym-t-shirts-for-women-custom-graphic-shirt\/","title":{"rendered":"D\u00e1msk\u00e1 tri\u010dka do posilovny \u2013 tri\u010dko s vlastn\u00ed grafikou"},"content":{"rendered":"<p>D\u00e1msk\u00e1 tri\u010dka do posilovny: Vylep\u0161ete si sv\u016fj sportovn\u00ed \u0161atn\u00edk s na\u0161imi d\u00e1msk\u00fdmi tri\u010dky do posilovny, kter\u00e9 jsou vyrobeny z m\u011bkk\u00fdch a prody\u0161n\u00fdch materi\u00e1l\u016f pro optim\u00e1ln\u00ed pohodl\u00ed. Tato tri\u010dka jsou navr\u017eena tak, aby d\u00edky sv\u00e9 pr\u00e9miov\u00e9 kvalit\u011b a odoln\u00e9mu proveden\u00ed zv\u00fd\u0161ila v\u00e1\u0161 v\u00fdkon. D\u00edky stylov\u00e9mu designu a z\u00e1\u0159iv\u00fdm barv\u00e1m jsou ide\u00e1ln\u00ed pro v\u0161echny fitness nad\u0161ence, kte\u0159\u00ed cht\u011bj\u00ed v posilovn\u011b vyniknout.<\/p>","protected":false},"excerpt":{"rendered":"<p>Tr\u00e9nujte ve velk\u00e9m stylu s t\u011blocvi\u010dn\u00fdmi tri\u010dky pro \u017eeny. Vlastn\u00ed grafick\u00e9 ko\u0161ile prom\u011bn\u00ed jakoukoli fotografii v jedine\u010dn\u00e9 fitness tri\u010dko.<\/p>","protected":false},"featured_media":135028,"comment_status":"open","ping_status":"closed","template":"","meta":{"_acf_changed":false},"product_brand":[],"product_cat":[6191,6149,526,6412,6428,75,6351],"product_tag":[6214,6433,6328,229,6215],"class_list":{"0":"post-38991","1":"product","2":"type-product","3":"status-publish","4":"has-post-thumbnail","6":"product_cat-t-shirts-women","7":"product_cat-custom-gifts-ai-bodybuilder","8":"product_cat-gym-shirts","9":"product_cat-photo-to-tees","10":"product_cat-translate-products","11":"product_cat-women","12":"product_cat-womens-gym-t-shirts","13":"product_tag-affordable-custom-t-shirts","14":"product_tag-ai-artwork","15":"product_tag-custom-image-t-shirt-for-women","16":"product_tag-custom-tee-shirts","17":"product_tag-screen-printing-near-me","19":"first","20":"instock","21":"taxable","22":"shipping-taxable","23":"purchasable","24":"product-type-simple"},"acf":[],"wcpa_form_fields":null,"_links":{"self":[{"href":"https:\/\/www.customywear.com\/cs\/wp-json\/wp\/v2\/product\/38991","targetHints":{"allow":["GET"]}}],"collection":[{"href":"https:\/\/www.customywear.com\/cs\/wp-json\/wp\/v2\/product"}],"about":[{"href":"https:\/\/www.customywear.com\/cs\/wp-json\/wp\/v2\/types\/product"}],"replies":[{"embeddable":true,"href":"https:\/\/www.customywear.com\/cs\/wp-json\/wp\/v2\/comments?post=38991"}],"wp:featuredmedia":[{"embeddable":true,"href":"https:\/\/www.customywear.com\/cs\/wp-json\/wp\/v2\/media\/135028"}],"wp:attachment":[{"href":"https:\/\/www.customywear.com\/cs\/wp-json\/wp\/v2\/media?parent=38991"}],"wp:term":[{"taxonomy":"product_brand","embeddable":true,"href":"https:\/\/www.customywear.com\/cs\/wp-json\/wp\/v2\/product_brand?post=38991"},{"taxonomy":"product_cat","embeddable":true,"href":"https:\/\/www.customywear.com\/cs\/wp-json\/wp\/v2\/product_cat?post=38991"},{"taxonomy":"product_tag","embeddable":true,"href":"https:\/\/www.customywear.com\/cs\/wp-json\/wp\/v2\/product_tag?post=38991"}],"curies":[{"name":"wp","href":"https:\/\/api.w.org\/{rel}","templated":true}]}}