{"id":39076,"date":"2024-06-13T14:50:51","date_gmt":"2024-06-13T14:50:51","guid":{"rendered":"https:\/\/www.customywear.com\/?post_type=product&#038;p=39076"},"modified":"2026-05-07T15:29:44","modified_gmt":"2026-05-07T15:29:44","slug":"zakazkove-sportovni-tricko-pro-chlapce","status":"publish","type":"product","link":"https:\/\/www.customywear.com\/cs\/custom-gym-shirt-for-boys-custom-fashion-tee\/","title":{"rendered":"Chlapeck\u00e9 sportovn\u00ed tri\u010dko na m\u00edru \u2013 m\u00f3dn\u00ed tri\u010dko na m\u00edru"},"content":{"rendered":"<p>Tri\u010dko do posilovny na m\u00edru pro chlapce: Na\u0161e tri\u010dko do posilovny na m\u00edru pro chlapce v sob\u011b spojuje pohodl\u00ed a styl a je speci\u00e1ln\u011b navr\u017eeno pro mlad\u00e9 sportovce. Toto tri\u010dko je vyrobeno z m\u011bkk\u00e9 a odoln\u00e9 l\u00e1tky a zaji\u0161\u0165uje volnost pohybu b\u011bhem aktivn\u00ed hry. Ka\u017ed\u00e9 tri\u010dko je personalizov\u00e1no digit\u00e1ln\u00edm um\u011bn\u00edm zalo\u017een\u00fdm na v\u00e1mi vybran\u00fdch fotografi\u00edch, co\u017e z n\u011bj \u010din\u00ed jedine\u010dn\u00fd dopln\u011bk \u0161atn\u00edku ka\u017ed\u00e9ho mlad\u00e9ho nad\u0161ence do posilovny.<\/p>","protected":false},"excerpt":{"rendered":"<p>Vybudujte si sebev\u011bdom\u00ed s vlastn\u00edmi ko\u0161ilemi do t\u011blocvi\u010dny pro chlapce. Vlastn\u00ed m\u00f3dn\u00ed tri\u010dka prom\u011bn\u00ed jakoukoli fotografii na odv\u00e1\u017en\u00e9, sportovn\u00ed tri\u010dko.<\/p>","protected":false},"featured_media":95733,"comment_status":"open","ping_status":"closed","template":"","meta":{"_acf_changed":false},"product_brand":[],"product_cat":[6189,6149,6412,6428],"product_tag":[6433,6439,6221,6330],"class_list":{"0":"post-39076","1":"product","2":"type-product","3":"status-publish","4":"has-post-thumbnail","6":"product_cat-boys-t-shirts","7":"product_cat-custom-gifts-ai-bodybuilder","8":"product_cat-photo-to-tees","9":"product_cat-translate-products","10":"product_tag-ai-artwork","11":"product_tag-ai-kids-artwork","12":"product_tag-custom-t-shirts-near-me","13":"product_tag-photo-print-t-shirt-for-boys","15":"first","16":"instock","17":"taxable","18":"shipping-taxable","19":"purchasable","20":"product-type-simple"},"acf":[],"wcpa_form_fields":null,"_links":{"self":[{"href":"https:\/\/www.customywear.com\/cs\/wp-json\/wp\/v2\/product\/39076","targetHints":{"allow":["GET"]}}],"collection":[{"href":"https:\/\/www.customywear.com\/cs\/wp-json\/wp\/v2\/product"}],"about":[{"href":"https:\/\/www.customywear.com\/cs\/wp-json\/wp\/v2\/types\/product"}],"replies":[{"embeddable":true,"href":"https:\/\/www.customywear.com\/cs\/wp-json\/wp\/v2\/comments?post=39076"}],"wp:featuredmedia":[{"embeddable":true,"href":"https:\/\/www.customywear.com\/cs\/wp-json\/wp\/v2\/media\/95733"}],"wp:attachment":[{"href":"https:\/\/www.customywear.com\/cs\/wp-json\/wp\/v2\/media?parent=39076"}],"wp:term":[{"taxonomy":"product_brand","embeddable":true,"href":"https:\/\/www.customywear.com\/cs\/wp-json\/wp\/v2\/product_brand?post=39076"},{"taxonomy":"product_cat","embeddable":true,"href":"https:\/\/www.customywear.com\/cs\/wp-json\/wp\/v2\/product_cat?post=39076"},{"taxonomy":"product_tag","embeddable":true,"href":"https:\/\/www.customywear.com\/cs\/wp-json\/wp\/v2\/product_tag?post=39076"}],"curies":[{"name":"wp","href":"https:\/\/api.w.org\/{rel}","templated":true}]}}