{"id":39587,"date":"2024-06-16T11:02:45","date_gmt":"2024-06-16T11:02:45","guid":{"rendered":"https:\/\/www.customywear.com\/?post_type=product&#038;p=39587"},"modified":"2026-05-05T20:23:27","modified_gmt":"2026-05-05T20:23:27","slug":"damske-tricko-superhrdinky-na-zakazku","status":"publish","type":"product","link":"https:\/\/www.customywear.com\/cs\/custom-female-superhero-tee\/","title":{"rendered":"Tri\u010dko se superhrdinkou na zak\u00e1zku \u2013 Tri\u010dko s grafikou na zak\u00e1zku"},"content":{"rendered":"<p>Tri\u010dko s motivem \u017eensk\u00e9 superhrdinky na zak\u00e1zku: Podpo\u0159te sv\u016fj styl s na\u0161\u00edm tri\u010dkem s motivem \u017eensk\u00e9 superhrdinky na zak\u00e1zku. Toto tri\u010dko pr\u00e9miov\u00e9 kvality, vyroben\u00e9 z m\u011bkk\u00e9 100% bavlny, nab\u00edz\u00ed pohodl\u00ed a odolnost pro ka\u017edodenn\u00ed no\u0161en\u00ed. D\u00edky z\u00e1\u0159iv\u00fdm design\u016fm a vysoce kvalitn\u00edmu DTG potisku ka\u017ed\u00e9 tri\u010dko prom\u011bn\u00ed va\u0161e fotografie v personalizovanou postavu \u017eensk\u00e9 superhrdinky. A\u0165 u\u017e jako d\u00e1rek nebo pro osobn\u00ed no\u0161en\u00ed, na\u0161e tri\u010dko s motivem \u017eensk\u00e9 superhrdinky na zak\u00e1zku oslavuje s\u00edlu a individualitu.<\/p>","protected":false},"excerpt":{"rendered":"<p>Vybavte se vlastn\u00edmi \u017eensk\u00fdmi superhrdinsk\u00fdmi tri\u010dky. Vlastn\u00ed grafick\u00e9 ko\u0161ile prom\u011bn\u00ed jakoukoli fotografii v z\u00e1bavn\u00e9, jedine\u010dn\u00e9 hrdinsk\u00e9 tri\u010dko.<\/p>","protected":false},"featured_media":126856,"comment_status":"open","ping_status":"closed","template":"","meta":{"_acf_changed":false},"product_brand":[],"product_cat":[6191,6150,6412,515,6428,75,6350],"product_tag":[6214,6433,6328,229,6432,6215],"class_list":{"0":"post-39587","1":"product","2":"type-product","3":"status-publish","4":"has-post-thumbnail","6":"product_cat-t-shirts-women","7":"product_cat-custom-gifts-ai-superhero","8":"product_cat-photo-to-tees","9":"product_cat-superhero","10":"product_cat-translate-products","11":"product_cat-women","12":"product_cat-womens-superhero-t-shirts","13":"product_tag-affordable-custom-t-shirts","14":"product_tag-ai-artwork","15":"product_tag-custom-image-t-shirt-for-women","16":"product_tag-custom-tee-shirts","17":"product_tag-product-video","18":"product_tag-screen-printing-near-me","20":"first","21":"instock","22":"taxable","23":"shipping-taxable","24":"purchasable","25":"product-type-simple"},"acf":[],"wcpa_form_fields":null,"_links":{"self":[{"href":"https:\/\/www.customywear.com\/cs\/wp-json\/wp\/v2\/product\/39587","targetHints":{"allow":["GET"]}}],"collection":[{"href":"https:\/\/www.customywear.com\/cs\/wp-json\/wp\/v2\/product"}],"about":[{"href":"https:\/\/www.customywear.com\/cs\/wp-json\/wp\/v2\/types\/product"}],"replies":[{"embeddable":true,"href":"https:\/\/www.customywear.com\/cs\/wp-json\/wp\/v2\/comments?post=39587"}],"wp:featuredmedia":[{"embeddable":true,"href":"https:\/\/www.customywear.com\/cs\/wp-json\/wp\/v2\/media\/126856"}],"wp:attachment":[{"href":"https:\/\/www.customywear.com\/cs\/wp-json\/wp\/v2\/media?parent=39587"}],"wp:term":[{"taxonomy":"product_brand","embeddable":true,"href":"https:\/\/www.customywear.com\/cs\/wp-json\/wp\/v2\/product_brand?post=39587"},{"taxonomy":"product_cat","embeddable":true,"href":"https:\/\/www.customywear.com\/cs\/wp-json\/wp\/v2\/product_cat?post=39587"},{"taxonomy":"product_tag","embeddable":true,"href":"https:\/\/www.customywear.com\/cs\/wp-json\/wp\/v2\/product_tag?post=39587"}],"curies":[{"name":"wp","href":"https:\/\/api.w.org\/{rel}","templated":true}]}}