{"id":40255,"date":"2024-06-26T08:56:52","date_gmt":"2024-06-26T08:56:52","guid":{"rendered":"https:\/\/www.customywear.com\/?post_type=product&#038;p=40255"},"modified":"2026-05-07T15:29:44","modified_gmt":"2026-05-07T15:29:44","slug":"tricko-batole-superhrdina-na-miru","status":"publish","type":"product","link":"https:\/\/www.customywear.com\/cs\/custom-toddler-superhero-t-shirt\/","title":{"rendered":"Tri\u010dko na m\u00edru pro batolata \u2013 Tri\u010dko s fotkou pro superhrdinu"},"content":{"rendered":"<p>Tri\u010dko na m\u00edru pro batolata \u2013 Tri\u010dko s fotkou superhrdiny: Prom\u011b\u0148te hran\u00ed s na\u0161\u00edm tri\u010dkem na m\u00edru pro batolata \u2013 Tri\u010dko s fotkou superhrdiny! Toto tri\u010dko pr\u00e9miov\u00e9 kvality, vyroben\u00e9 z m\u011bkk\u00e9 100% bavlny, nab\u00edz\u00ed pohodl\u00ed a odolnost pro nejmen\u0161\u00ed. Ka\u017ed\u00e9 tri\u010dko je zdobeno fotografi\u00ed prom\u011bn\u011bnou v design superhrdiny, poti\u0161t\u011bnou vysoce kvalitn\u00edm DTG potiskem pro z\u00e1\u0159iv\u00fd a detailn\u00ed design. A\u0165 u\u017e se jedn\u00e1 o narozeniny nebo ka\u017edodenn\u00ed dobrodru\u017estv\u00ed, toto tri\u010dko s fotkou superhrdiny probouz\u00ed fantazii a radost.<\/p>","protected":false},"excerpt":{"rendered":"<p>Za\u010dn\u011bte brzy s tri\u010dkem na m\u00edru pro batole. Tri\u010dka s fotografi\u00ed na superhrdiny prom\u011bn\u00ed jakoukoli fotografii v personalizovan\u00e9, hrav\u00e9 tri\u010dko.<\/p>","protected":false},"featured_media":134973,"comment_status":"open","ping_status":"closed","template":"","meta":{"_acf_changed":false},"product_brand":[],"product_cat":[6209,6152,6412,6428],"product_tag":[6433,6439,6221],"class_list":{"0":"post-40255","1":"product","2":"type-product","3":"status-publish","4":"has-post-thumbnail","6":"product_cat-toddler-boy-t-shirts","7":"product_cat-custom-gifts-batman","8":"product_cat-photo-to-tees","9":"product_cat-translate-products","10":"product_tag-ai-artwork","11":"product_tag-ai-kids-artwork","12":"product_tag-custom-t-shirts-near-me","14":"first","15":"instock","16":"taxable","17":"shipping-taxable","18":"purchasable","19":"product-type-simple"},"acf":[],"wcpa_form_fields":null,"_links":{"self":[{"href":"https:\/\/www.customywear.com\/cs\/wp-json\/wp\/v2\/product\/40255","targetHints":{"allow":["GET"]}}],"collection":[{"href":"https:\/\/www.customywear.com\/cs\/wp-json\/wp\/v2\/product"}],"about":[{"href":"https:\/\/www.customywear.com\/cs\/wp-json\/wp\/v2\/types\/product"}],"replies":[{"embeddable":true,"href":"https:\/\/www.customywear.com\/cs\/wp-json\/wp\/v2\/comments?post=40255"}],"wp:featuredmedia":[{"embeddable":true,"href":"https:\/\/www.customywear.com\/cs\/wp-json\/wp\/v2\/media\/134973"}],"wp:attachment":[{"href":"https:\/\/www.customywear.com\/cs\/wp-json\/wp\/v2\/media?parent=40255"}],"wp:term":[{"taxonomy":"product_brand","embeddable":true,"href":"https:\/\/www.customywear.com\/cs\/wp-json\/wp\/v2\/product_brand?post=40255"},{"taxonomy":"product_cat","embeddable":true,"href":"https:\/\/www.customywear.com\/cs\/wp-json\/wp\/v2\/product_cat?post=40255"},{"taxonomy":"product_tag","embeddable":true,"href":"https:\/\/www.customywear.com\/cs\/wp-json\/wp\/v2\/product_tag?post=40255"}],"curies":[{"name":"wp","href":"https:\/\/api.w.org\/{rel}","templated":true}]}}