{"id":40256,"date":"2024-06-26T08:56:53","date_gmt":"2024-06-26T08:56:53","guid":{"rendered":"https:\/\/www.customywear.com\/?post_type=product&#038;p=40256"},"modified":"2026-05-16T11:41:45","modified_gmt":"2026-05-16T11:41:45","slug":"zakazkova-chlapecka-superhrdinska-kosile","status":"publish","type":"product","link":"https:\/\/www.customywear.com\/cs\/custom-boys-superhero-shirt\/","title":{"rendered":"Tri\u010dko na m\u00edru pro chlapce \u2013 Navrhn\u011bte si vlastn\u00ed tri\u010dko se superhrdinou"},"content":{"rendered":"<p>Tri\u010dko na m\u00edru pro chlapce \u2013 Navrhni si vlastn\u00ed tri\u010dko se superhrdinou: Podpo\u0159te kreativitu s na\u0161\u00edm tri\u010dkem na m\u00edru pro chlapce \u2013 Navrhni si vlastn\u00ed tri\u010dko se superhrdinou! Toto tri\u010dko pr\u00e9miov\u00e9 kvality, vyroben\u00e9 z m\u011bkk\u00e9 100% bavlny, poskytuje pohodl\u00ed a odolnost pro aktivn\u00ed hran\u00ed. Ka\u017ed\u00e9 tri\u010dko umo\u017e\u0148uje chlapc\u016fm navrhnout si vlastn\u00ed postavy superhrdin\u016f, poti\u0161t\u011bn\u00e9 vysoce kvalitn\u00edm DTG potiskem pro z\u00e1\u0159iv\u00e9 a detailn\u00ed grafiku. A\u0165 u\u017e do \u0161koly nebo na hran\u00ed, toto tri\u010dko se superhrdinou, kter\u00e9 si m\u016f\u017eete navrhnout sami, je personalizovan\u00fdm pl\u00e1tnem pro jejich fantazii.<\/p>","protected":false},"excerpt":{"rendered":"<p>Navrhn\u011bte sv\u00e9ho hrdinu s vlastn\u00edm tri\u010dkem pro chlapce. Vytvo\u0159te si vlastn\u00ed superhrdinsk\u00e9 ko\u0161ile prom\u011bn\u00ed jakoukoli fotografii v odv\u00e1\u017en\u00e9, jedine\u010dn\u00e9 tri\u010dko.<\/p>","protected":false},"featured_media":134952,"comment_status":"open","ping_status":"closed","template":"","meta":{"_acf_changed":false},"product_brand":[],"product_cat":[6189,6152,6412,6428,58],"product_tag":[6433,6439,6221],"class_list":{"0":"post-40256","1":"product","2":"type-product","3":"status-publish","4":"has-post-thumbnail","6":"product_cat-boys-t-shirts","7":"product_cat-custom-gifts-batman","8":"product_cat-photo-to-tees","9":"product_cat-translate-products","10":"product_cat-youth-kids","11":"product_tag-ai-artwork","12":"product_tag-ai-kids-artwork","13":"product_tag-custom-t-shirts-near-me","15":"first","16":"instock","17":"taxable","18":"shipping-taxable","19":"purchasable","20":"product-type-simple"},"acf":[],"wcpa_form_fields":null,"_links":{"self":[{"href":"https:\/\/www.customywear.com\/cs\/wp-json\/wp\/v2\/product\/40256","targetHints":{"allow":["GET"]}}],"collection":[{"href":"https:\/\/www.customywear.com\/cs\/wp-json\/wp\/v2\/product"}],"about":[{"href":"https:\/\/www.customywear.com\/cs\/wp-json\/wp\/v2\/types\/product"}],"replies":[{"embeddable":true,"href":"https:\/\/www.customywear.com\/cs\/wp-json\/wp\/v2\/comments?post=40256"}],"wp:featuredmedia":[{"embeddable":true,"href":"https:\/\/www.customywear.com\/cs\/wp-json\/wp\/v2\/media\/134952"}],"wp:attachment":[{"href":"https:\/\/www.customywear.com\/cs\/wp-json\/wp\/v2\/media?parent=40256"}],"wp:term":[{"taxonomy":"product_brand","embeddable":true,"href":"https:\/\/www.customywear.com\/cs\/wp-json\/wp\/v2\/product_brand?post=40256"},{"taxonomy":"product_cat","embeddable":true,"href":"https:\/\/www.customywear.com\/cs\/wp-json\/wp\/v2\/product_cat?post=40256"},{"taxonomy":"product_tag","embeddable":true,"href":"https:\/\/www.customywear.com\/cs\/wp-json\/wp\/v2\/product_tag?post=40256"}],"curies":[{"name":"wp","href":"https:\/\/api.w.org\/{rel}","templated":true}]}}