{"id":40352,"date":"2024-06-26T09:01:31","date_gmt":"2024-06-26T09:01:31","guid":{"rendered":"https:\/\/www.customywear.com\/?post_type=product&#038;p=40352"},"modified":"2026-05-05T20:23:27","modified_gmt":"2026-05-05T20:23:27","slug":"damske-tricko-se-superhrdiny-na-zakazku","status":"publish","type":"product","link":"https:\/\/www.customywear.com\/cs\/womens-custom-superhero-tee\/","title":{"rendered":"D\u00e1msk\u00e9 tri\u010dko se superhrdinou \u2013 tri\u010dko se superhrdinou na zak\u00e1zku"},"content":{"rendered":"<p>D\u00e1msk\u00e9 tri\u010dko se superhrdinou \u2013 tri\u010dko se superhrdinou na zak\u00e1zku: Popus\u0165te uzdu sv\u00e9 kreativit\u011b s na\u0161\u00edm d\u00e1msk\u00fdm tri\u010dkem se superhrdinou \u2013 tri\u010dkem se superhrdinou na zak\u00e1zku! Toto tri\u010dko pr\u00e9miov\u00e9 kvality, vyroben\u00e9 z m\u011bkk\u00e9 100% bavlny, nab\u00edz\u00ed pohodl\u00ed a odolnost v klasick\u00e9m st\u0159ihu, ide\u00e1ln\u00ed pro ka\u017edodenn\u00ed dobrodru\u017estv\u00ed. Ka\u017ed\u00e9 tri\u010dko je na zak\u00e1zku s postavi\u010dkou superhrdiny, kter\u00e1 je jedine\u010dn\u011b navr\u017eena dle va\u0161ich n\u00e1pad\u016f a je poti\u0161t\u011bna vysoce kvalitn\u00edm DTG potiskem pro z\u00e1\u0159iv\u00fd a detailn\u00ed design. A\u0165 u\u017e jde o sebevyj\u00e1d\u0159en\u00ed nebo promy\u0161len\u00fd d\u00e1rek, toto tri\u010dko se superhrdinou na zak\u00e1zku podtrhne v\u00e1\u0161 individu\u00e1ln\u00ed styl s ka\u017ed\u00fdm no\u0161en\u00edm.<\/p>","protected":false},"excerpt":{"rendered":"<p>Posilte \u017eeny d\u00e1mskou ko\u0161il\u00ed superhrdiny. Custom Creation Superhero Tees prom\u011bn\u00ed jakoukoli fotografii v z\u00e1bavn\u00e9, jedine\u010dn\u00e9 tri\u010dko.<\/p>","protected":false},"featured_media":134910,"comment_status":"open","ping_status":"closed","template":"","meta":{"_acf_changed":false},"product_brand":[],"product_cat":[6191,6152,6412,515,6428,75,6350],"product_tag":[6214,6433,6328,229,6215],"class_list":{"0":"post-40352","1":"product","2":"type-product","3":"status-publish","4":"has-post-thumbnail","6":"product_cat-t-shirts-women","7":"product_cat-custom-gifts-batman","8":"product_cat-photo-to-tees","9":"product_cat-superhero","10":"product_cat-translate-products","11":"product_cat-women","12":"product_cat-womens-superhero-t-shirts","13":"product_tag-affordable-custom-t-shirts","14":"product_tag-ai-artwork","15":"product_tag-custom-image-t-shirt-for-women","16":"product_tag-custom-tee-shirts","17":"product_tag-screen-printing-near-me","19":"first","20":"instock","21":"taxable","22":"shipping-taxable","23":"purchasable","24":"product-type-simple"},"acf":[],"wcpa_form_fields":null,"_links":{"self":[{"href":"https:\/\/www.customywear.com\/cs\/wp-json\/wp\/v2\/product\/40352","targetHints":{"allow":["GET"]}}],"collection":[{"href":"https:\/\/www.customywear.com\/cs\/wp-json\/wp\/v2\/product"}],"about":[{"href":"https:\/\/www.customywear.com\/cs\/wp-json\/wp\/v2\/types\/product"}],"replies":[{"embeddable":true,"href":"https:\/\/www.customywear.com\/cs\/wp-json\/wp\/v2\/comments?post=40352"}],"wp:featuredmedia":[{"embeddable":true,"href":"https:\/\/www.customywear.com\/cs\/wp-json\/wp\/v2\/media\/134910"}],"wp:attachment":[{"href":"https:\/\/www.customywear.com\/cs\/wp-json\/wp\/v2\/media?parent=40352"}],"wp:term":[{"taxonomy":"product_brand","embeddable":true,"href":"https:\/\/www.customywear.com\/cs\/wp-json\/wp\/v2\/product_brand?post=40352"},{"taxonomy":"product_cat","embeddable":true,"href":"https:\/\/www.customywear.com\/cs\/wp-json\/wp\/v2\/product_cat?post=40352"},{"taxonomy":"product_tag","embeddable":true,"href":"https:\/\/www.customywear.com\/cs\/wp-json\/wp\/v2\/product_tag?post=40352"}],"curies":[{"name":"wp","href":"https:\/\/api.w.org\/{rel}","templated":true}]}}