{"id":40377,"date":"2024-06-26T09:02:51","date_gmt":"2024-06-26T09:02:51","guid":{"rendered":"https:\/\/www.customywear.com\/?post_type=product&#038;p=40377"},"modified":"2026-05-07T15:29:44","modified_gmt":"2026-05-07T15:29:44","slug":"mladeznicke-superhrdinske-tricko","status":"publish","type":"product","link":"https:\/\/www.customywear.com\/cs\/youth-girl-superhero-tee\/","title":{"rendered":"D\u00edv\u010d\u00ed tri\u010dko se superhrdinou \u2013 na m\u00edru vyr\u00e1b\u011bn\u00e9 tri\u010dko se superhrdinou"},"content":{"rendered":"<p>D\u00edv\u010d\u00ed tri\u010dko se superhrdinkou \u2013 tri\u010dko na m\u00edru se superhrdinkou: Vyj\u00e1d\u0159ete svou individualitu s na\u0161\u00edm d\u00edv\u010d\u00edm tri\u010dkem se superhrdinkou \u2013 tri\u010dkem na m\u00edru se superhrdinkou! Toto tri\u010dko pr\u00e9miov\u00e9 kvality, vyroben\u00e9 z m\u011bkk\u00e9 100% bavlny, nab\u00edz\u00ed pohodl\u00ed a odolnost pro rostouc\u00ed d\u00edvky. Ka\u017ed\u00e9 tri\u010dko m\u00e1 zak\u00e1zkov\u00e9 designy superhrdinek, poti\u0161t\u011bn\u00e9 vysoce kvalitn\u00edm DTG potiskem pro z\u00e1\u0159iv\u00e9 a detailn\u00ed grafiku. A\u0165 u\u017e jde o \u0161koln\u00ed akce nebo posezen\u00ed s p\u0159\u00e1teli, toto tri\u010dko se superhrdinkou na m\u00edru umo\u017e\u0148uje mlad\u00fdm d\u00edvk\u00e1m uk\u00e1zat jejich jedine\u010dnou osobnost.<\/p>","protected":false},"excerpt":{"rendered":"<p>Inspirujte ml\u00e1d\u00ed superhrdinsk\u00fdm tri\u010dkem Youth Girl. Vlastn\u00ed superhrdinsk\u00e1 tri\u010dka prom\u011bn\u00ed jakoukoli fotografii na hrav\u00e9, jedine\u010dn\u00e9 tri\u010dko.<\/p>","protected":false},"featured_media":134889,"comment_status":"open","ping_status":"closed","template":"","meta":{"_acf_changed":false},"product_brand":[],"product_cat":[6193,6152,152,6412,6428,58],"product_tag":[6433,6439,6153,6331,6154,6155],"class_list":{"0":"post-40377","1":"product","2":"type-product","3":"status-publish","4":"has-post-thumbnail","6":"product_cat-girls-t-shirts","7":"product_cat-custom-gifts-batman","8":"product_cat-girls","9":"product_cat-photo-to-tees","10":"product_cat-translate-products","11":"product_cat-youth-kids","12":"product_tag-ai-artwork","13":"product_tag-ai-kids-artwork","14":"product_tag-batman","15":"product_tag-custom-picture-t-shirt-for-girls","16":"product_tag-dc-comic","17":"product_tag-marvel","19":"first","20":"instock","21":"taxable","22":"shipping-taxable","23":"purchasable","24":"product-type-simple"},"acf":[],"wcpa_form_fields":null,"_links":{"self":[{"href":"https:\/\/www.customywear.com\/cs\/wp-json\/wp\/v2\/product\/40377","targetHints":{"allow":["GET"]}}],"collection":[{"href":"https:\/\/www.customywear.com\/cs\/wp-json\/wp\/v2\/product"}],"about":[{"href":"https:\/\/www.customywear.com\/cs\/wp-json\/wp\/v2\/types\/product"}],"replies":[{"embeddable":true,"href":"https:\/\/www.customywear.com\/cs\/wp-json\/wp\/v2\/comments?post=40377"}],"wp:featuredmedia":[{"embeddable":true,"href":"https:\/\/www.customywear.com\/cs\/wp-json\/wp\/v2\/media\/134889"}],"wp:attachment":[{"href":"https:\/\/www.customywear.com\/cs\/wp-json\/wp\/v2\/media?parent=40377"}],"wp:term":[{"taxonomy":"product_brand","embeddable":true,"href":"https:\/\/www.customywear.com\/cs\/wp-json\/wp\/v2\/product_brand?post=40377"},{"taxonomy":"product_cat","embeddable":true,"href":"https:\/\/www.customywear.com\/cs\/wp-json\/wp\/v2\/product_cat?post=40377"},{"taxonomy":"product_tag","embeddable":true,"href":"https:\/\/www.customywear.com\/cs\/wp-json\/wp\/v2\/product_tag?post=40377"}],"curies":[{"name":"wp","href":"https:\/\/api.w.org\/{rel}","templated":true}]}}