{"id":40399,"date":"2024-06-26T09:03:48","date_gmt":"2024-06-26T09:03:48","guid":{"rendered":"https:\/\/www.customywear.com\/?post_type=product&#038;p=40399"},"modified":"2026-05-05T20:24:06","modified_gmt":"2026-05-05T20:24:06","slug":"tricko-s-motivem-superhrdiny-temneho-rytire","status":"publish","type":"product","link":"https:\/\/www.customywear.com\/cs\/the-dark-knight-superhero-tee\/","title":{"rendered":"Tri\u010dko Temn\u00fd ryt\u00ed\u0159 \u2013 personalizovan\u00e9 grafick\u00e9 tri\u010dko se superhrdinou"},"content":{"rendered":"<p>Tri\u010dko Temn\u00fd ryt\u00ed\u0159 \u2013 personalizovan\u00e9 grafick\u00e9 tri\u010dko se superhrdinou: Objevte temnotu s tri\u010dkem Temn\u00fd ryt\u00ed\u0159 \u2013 personalizovan\u00fdm grafick\u00fdm tri\u010dkem se superhrdinou! Toto tri\u010dko pr\u00e9miov\u00e9 kvality, vyroben\u00e9 z m\u011bkk\u00e9 100% bavlny, nab\u00edz\u00ed pohodl\u00ed a odolnost v klasick\u00e9m st\u0159ihu, kter\u00fd je ide\u00e1ln\u00ed pro tajemn\u00e9 k\u0159i\u017e\u00e1ky. Ka\u017ed\u00e9 tri\u010dko m\u00e1 personalizovanou grafiku superhrdiny, pe\u010dliv\u011b navr\u017eenou a poti\u0161t\u011bnou vysoce kvalitn\u00edm DTG potiskem. A\u0165 u\u017e jste fanou\u0161kem vigilante justice nebo prost\u011b milujete jedine\u010dn\u00fd styl, toto personalizovan\u00e9 grafick\u00e9 tri\u010dko superhrdiny ud\u011bl\u00e1 odv\u00e1\u017en\u00fd dojem, a\u0165 jste kdekoli.<\/p>","protected":false},"excerpt":{"rendered":"<p>Obejmi noc tri\u010dkem Temn\u00e9ho ryt\u00ed\u0159e. Personalizovan\u00e1 grafick\u00e1 superhrdinsk\u00e1 tri\u010dka prom\u011bn\u00ed jakoukoli fotografii v odv\u00e1\u017en\u00e9, jedine\u010dn\u00e9 tri\u010dko.<\/p>","protected":false},"featured_media":134985,"comment_status":"open","ping_status":"closed","template":"","meta":{"_acf_changed":false},"product_brand":[],"product_cat":[6195,157,6152,186,6336,6412,515,6428],"product_tag":[6433,6153,6327,6154,6155,6216,6168],"class_list":{"0":"post-40399","1":"product","2":"type-product","3":"status-publish","4":"has-post-thumbnail","6":"product_cat-t-shirts-men","7":"product_cat-best-sellers","8":"product_cat-custom-gifts-batman","9":"product_cat-men","10":"product_cat-mens-superhero-t-shirts","11":"product_cat-photo-to-tees","12":"product_cat-superhero","13":"product_cat-translate-products","14":"product_tag-ai-artwork","15":"product_tag-batman","16":"product_tag-custom-photo-t-shirt-for-men","17":"product_tag-dc-comic","18":"product_tag-marvel","19":"product_tag-mens-custom-t-shirts","20":"product_tag-unique-superhero-tees","22":"first","23":"instock","24":"taxable","25":"shipping-taxable","26":"purchasable","27":"product-type-simple"},"acf":[],"wcpa_form_fields":null,"_links":{"self":[{"href":"https:\/\/www.customywear.com\/cs\/wp-json\/wp\/v2\/product\/40399","targetHints":{"allow":["GET"]}}],"collection":[{"href":"https:\/\/www.customywear.com\/cs\/wp-json\/wp\/v2\/product"}],"about":[{"href":"https:\/\/www.customywear.com\/cs\/wp-json\/wp\/v2\/types\/product"}],"replies":[{"embeddable":true,"href":"https:\/\/www.customywear.com\/cs\/wp-json\/wp\/v2\/comments?post=40399"}],"wp:featuredmedia":[{"embeddable":true,"href":"https:\/\/www.customywear.com\/cs\/wp-json\/wp\/v2\/media\/134985"}],"wp:attachment":[{"href":"https:\/\/www.customywear.com\/cs\/wp-json\/wp\/v2\/media?parent=40399"}],"wp:term":[{"taxonomy":"product_brand","embeddable":true,"href":"https:\/\/www.customywear.com\/cs\/wp-json\/wp\/v2\/product_brand?post=40399"},{"taxonomy":"product_cat","embeddable":true,"href":"https:\/\/www.customywear.com\/cs\/wp-json\/wp\/v2\/product_cat?post=40399"},{"taxonomy":"product_tag","embeddable":true,"href":"https:\/\/www.customywear.com\/cs\/wp-json\/wp\/v2\/product_tag?post=40399"}],"curies":[{"name":"wp","href":"https:\/\/api.w.org\/{rel}","templated":true}]}}