{"id":41116,"date":"2024-07-24T09:23:21","date_gmt":"2024-07-24T09:23:21","guid":{"rendered":"https:\/\/www.customywear.com\/?post_type=product&#038;p=41116"},"modified":"2026-05-05T20:24:06","modified_gmt":"2026-05-05T20:24:06","slug":"panske-personalizovane-pavouci-triko","status":"publish","type":"product","link":"https:\/\/www.customywear.com\/cs\/men-personalized-spider-tee\/","title":{"rendered":"P\u00e1nsk\u00e9 tri\u010dko na m\u00edru \u2013 personalizovan\u00e9 tri\u010dko se superhrdinou pavoukem"},"content":{"rendered":"<p>P\u00e1nsk\u00e9 tri\u010dko na m\u00edru \u2013 personalizovan\u00e9 tri\u010dko se superhrdinou Spider: Prom\u011b\u0148te sv\u00e9 fotografie v \u00fa\u017easn\u00e9ho superhrdinu s na\u0161\u00edm p\u00e1nsk\u00fdm tri\u010dkem na m\u00edru \u2013 personalizovan\u00fdm tri\u010dkem se superhrdinou Spider! Toto tri\u010dko se vyzna\u010duje va\u0161\u00edm vlastn\u00edm jedine\u010dn\u00fdm superhrdinsk\u00fdm designem, poti\u0161t\u011bn\u00fdm vysoce kvalitn\u00ed technologi\u00ed DTG na m\u011bkk\u00e9 100% bavln\u011b pro pohodl\u00ed a odolnost. B\u011b\u017en\u00fd st\u0159ih je ide\u00e1ln\u00ed pro ka\u017edodenn\u00ed no\u0161en\u00ed a unisex design je ide\u00e1ln\u00ed pro ka\u017ed\u00e9ho. Ka\u017ed\u00e9 tri\u010dko je vyrobeno zku\u0161en\u00fdmi um\u011blci, aby vytvo\u0159ilo z\u00e1\u0159iv\u00fd a personalizovan\u00fd kousek, kter\u00fd vynik\u00e1.<\/p>","protected":false},"excerpt":{"rendered":"<p>Houpejte se do akce s tri\u010dkem na m\u00edru pro mu\u017ee. Personalizovan\u00e1 tri\u010dka Spider Superhero prom\u011bn\u00ed jakoukoli fotografii na jedine\u010dn\u00e9 tri\u010dko.<\/p>","protected":false},"featured_media":135244,"comment_status":"open","ping_status":"closed","template":"","meta":{"_acf_changed":false},"product_brand":[],"product_cat":[6195,6151,186,6336,6412,515,6428],"product_tag":[6433,6327,6216,6168],"class_list":{"0":"post-41116","1":"product","2":"type-product","3":"status-publish","4":"has-post-thumbnail","6":"product_cat-t-shirts-men","7":"product_cat-custom-gifts-spiderman","8":"product_cat-men","9":"product_cat-mens-superhero-t-shirts","10":"product_cat-photo-to-tees","11":"product_cat-superhero","12":"product_cat-translate-products","13":"product_tag-ai-artwork","14":"product_tag-custom-photo-t-shirt-for-men","15":"product_tag-mens-custom-t-shirts","16":"product_tag-unique-superhero-tees","18":"first","19":"instock","20":"taxable","21":"shipping-taxable","22":"purchasable","23":"product-type-simple"},"acf":[],"wcpa_form_fields":null,"_links":{"self":[{"href":"https:\/\/www.customywear.com\/cs\/wp-json\/wp\/v2\/product\/41116","targetHints":{"allow":["GET"]}}],"collection":[{"href":"https:\/\/www.customywear.com\/cs\/wp-json\/wp\/v2\/product"}],"about":[{"href":"https:\/\/www.customywear.com\/cs\/wp-json\/wp\/v2\/types\/product"}],"replies":[{"embeddable":true,"href":"https:\/\/www.customywear.com\/cs\/wp-json\/wp\/v2\/comments?post=41116"}],"wp:featuredmedia":[{"embeddable":true,"href":"https:\/\/www.customywear.com\/cs\/wp-json\/wp\/v2\/media\/135244"}],"wp:attachment":[{"href":"https:\/\/www.customywear.com\/cs\/wp-json\/wp\/v2\/media?parent=41116"}],"wp:term":[{"taxonomy":"product_brand","embeddable":true,"href":"https:\/\/www.customywear.com\/cs\/wp-json\/wp\/v2\/product_brand?post=41116"},{"taxonomy":"product_cat","embeddable":true,"href":"https:\/\/www.customywear.com\/cs\/wp-json\/wp\/v2\/product_cat?post=41116"},{"taxonomy":"product_tag","embeddable":true,"href":"https:\/\/www.customywear.com\/cs\/wp-json\/wp\/v2\/product_tag?post=41116"}],"curies":[{"name":"wp","href":"https:\/\/api.w.org\/{rel}","templated":true}]}}