{"id":41159,"date":"2024-07-24T09:24:24","date_gmt":"2024-07-24T09:24:24","guid":{"rendered":"https:\/\/www.customywear.com\/?post_type=product&#038;p=41159"},"modified":"2026-05-05T20:23:27","modified_gmt":"2026-05-05T20:23:27","slug":"damske-tricko-s-pavoukem","status":"publish","type":"product","link":"https:\/\/www.customywear.com\/cs\/female-spider-tee\/","title":{"rendered":"Tri\u010dka pro \u017eeny se superhrdinkami \u2013 M\u00f3dn\u00ed tri\u010dko se superhrdinkou na zak\u00e1zku"},"content":{"rendered":"<p>Tri\u010dka se superhrdinkami pro \u017eeny \u2013 m\u00f3dn\u00ed tri\u010dko se pavou\u010d\u00edm motivem superhrdinky na zak\u00e1zku: Oslavte sv\u016fj superhrdinsk\u00fd styl s na\u0161imi tri\u010dky se superhrdinkami pro \u017eeny \u2013 m\u00f3dn\u00edm tri\u010dkem se pavou\u010d\u00edm motivem superhrdinky na zak\u00e1zku! Toto tri\u010dko na zak\u00e1zku se vyzna\u010duje superhrdinsk\u00fdm designem zalo\u017een\u00fdm na va\u0161\u00ed fotografii, poti\u0161t\u011bn\u00fdm na m\u011bkk\u00e9 100% bavln\u011b s pou\u017eit\u00edm vysoce kvalitn\u00ed technologie DTG. D\u00edky b\u011b\u017en\u00e9mu st\u0159ihu a unisex stylu je ide\u00e1ln\u00ed pro ka\u017edodenn\u00ed no\u0161en\u00ed a zku\u0161en\u00ed um\u011blci vytv\u00e1\u0159ej\u00ed z\u00e1\u0159ivou, personalizovanou grafiku superhrdinky, kter\u00e1 je stylov\u00e1 i jedine\u010dn\u00e1 z\u00e1rove\u0148.<\/p>","protected":false},"excerpt":{"rendered":"<p>Zmocn\u011bte se \u017eensk\u00fdch superhrdinsk\u00fdch tri\u010dek. Custom Spider Superhero Fashion Tees prom\u011bn\u00ed jakoukoli fotografii v odv\u00e1\u017en\u00e9, stylov\u00e9 tri\u010dko.<\/p>","protected":false},"featured_media":135223,"comment_status":"open","ping_status":"closed","template":"","meta":{"_acf_changed":false},"product_brand":[],"product_cat":[6191,6151,6412,515,6428,75],"product_tag":[6214,6433,6328,229,6215],"class_list":{"0":"post-41159","1":"product","2":"type-product","3":"status-publish","4":"has-post-thumbnail","6":"product_cat-t-shirts-women","7":"product_cat-custom-gifts-spiderman","8":"product_cat-photo-to-tees","9":"product_cat-superhero","10":"product_cat-translate-products","11":"product_cat-women","12":"product_tag-affordable-custom-t-shirts","13":"product_tag-ai-artwork","14":"product_tag-custom-image-t-shirt-for-women","15":"product_tag-custom-tee-shirts","16":"product_tag-screen-printing-near-me","18":"first","19":"instock","20":"taxable","21":"shipping-taxable","22":"purchasable","23":"product-type-simple"},"acf":[],"wcpa_form_fields":null,"_links":{"self":[{"href":"https:\/\/www.customywear.com\/cs\/wp-json\/wp\/v2\/product\/41159","targetHints":{"allow":["GET"]}}],"collection":[{"href":"https:\/\/www.customywear.com\/cs\/wp-json\/wp\/v2\/product"}],"about":[{"href":"https:\/\/www.customywear.com\/cs\/wp-json\/wp\/v2\/types\/product"}],"replies":[{"embeddable":true,"href":"https:\/\/www.customywear.com\/cs\/wp-json\/wp\/v2\/comments?post=41159"}],"wp:featuredmedia":[{"embeddable":true,"href":"https:\/\/www.customywear.com\/cs\/wp-json\/wp\/v2\/media\/135223"}],"wp:attachment":[{"href":"https:\/\/www.customywear.com\/cs\/wp-json\/wp\/v2\/media?parent=41159"}],"wp:term":[{"taxonomy":"product_brand","embeddable":true,"href":"https:\/\/www.customywear.com\/cs\/wp-json\/wp\/v2\/product_brand?post=41159"},{"taxonomy":"product_cat","embeddable":true,"href":"https:\/\/www.customywear.com\/cs\/wp-json\/wp\/v2\/product_cat?post=41159"},{"taxonomy":"product_tag","embeddable":true,"href":"https:\/\/www.customywear.com\/cs\/wp-json\/wp\/v2\/product_tag?post=41159"}],"curies":[{"name":"wp","href":"https:\/\/api.w.org\/{rel}","templated":true}]}}