{"id":41241,"date":"2024-07-24T09:26:15","date_gmt":"2024-07-24T09:26:15","guid":{"rendered":"https:\/\/www.customywear.com\/?post_type=product&#038;p=41241"},"modified":"2026-05-07T15:29:43","modified_gmt":"2026-05-07T15:29:43","slug":"divci-spider-superhrdina-kosile","status":"publish","type":"product","link":"https:\/\/www.customywear.com\/cs\/girls-spider-superhero-shirt\/","title":{"rendered":"Tri\u010dko na zak\u00e1zku pro d\u00edvky \u2013 Tri\u010dko se superhrdinou na zak\u00e1zku s pavoukem"},"content":{"rendered":"<p>Tri\u010dko na m\u00edru pro d\u00edvky \u2013 tri\u010dko se superhrdinkou na m\u00edru s um\u011bleck\u00fdm pavoukem: Dop\u0159ejte sv\u00e9 mal\u00e9 superhrdince na\u0161e d\u00edv\u010d\u00ed tri\u010dko na m\u00edru \u2013 tri\u010dko se superhrdinkou na m\u00edru s um\u011bleck\u00fdm pavoukem! Toto personalizovan\u00e9 tri\u010dko se py\u0161n\u00ed designem superhrdinky inspirovan\u00fdm jej\u00ed fotografi\u00ed, poti\u0161t\u011bn\u00fdm na m\u011bkk\u00e9 100% bavln\u011b s pou\u017eit\u00edm vysoce kvalitn\u00ed technologie DTG. B\u011b\u017en\u00fd st\u0159ih a unisex styl nab\u00edzej\u00ed pohodl\u00ed pro ka\u017edodenn\u00ed dobrodru\u017estv\u00ed a ka\u017ed\u00e9 tri\u010dko je jedine\u010dn\u011b vyrobeno s z\u00e1\u0159ivou grafikou superhrdinky na m\u00edru, d\u00edky kter\u00e9 vynikne.<\/p>","protected":false},"excerpt":{"rendered":"<p>Posilte mlad\u00fdm d\u00edvk\u00e1m vlastn\u00ed tri\u010dko pro d\u00edvky. Custom Art Spider Superhero Shirts prom\u011bn\u00ed jakoukoli fotografii v z\u00e1bavn\u00e9, jedine\u010dn\u00e9 tri\u010dko.<\/p>","protected":false},"featured_media":135135,"comment_status":"open","ping_status":"closed","template":"","meta":{"_acf_changed":false},"product_brand":[],"product_cat":[6193,496,6151,152,6412,515,6428],"product_tag":[6433,6439,6331,6221],"class_list":{"0":"post-41241","1":"product","2":"type-product","3":"status-publish","4":"has-post-thumbnail","6":"product_cat-girls-t-shirts","7":"product_cat-birthday","8":"product_cat-custom-gifts-spiderman","9":"product_cat-girls","10":"product_cat-photo-to-tees","11":"product_cat-superhero","12":"product_cat-translate-products","13":"product_tag-ai-artwork","14":"product_tag-ai-kids-artwork","15":"product_tag-custom-picture-t-shirt-for-girls","16":"product_tag-custom-t-shirts-near-me","18":"first","19":"instock","20":"taxable","21":"shipping-taxable","22":"purchasable","23":"product-type-simple"},"acf":[],"wcpa_form_fields":null,"_links":{"self":[{"href":"https:\/\/www.customywear.com\/cs\/wp-json\/wp\/v2\/product\/41241","targetHints":{"allow":["GET"]}}],"collection":[{"href":"https:\/\/www.customywear.com\/cs\/wp-json\/wp\/v2\/product"}],"about":[{"href":"https:\/\/www.customywear.com\/cs\/wp-json\/wp\/v2\/types\/product"}],"replies":[{"embeddable":true,"href":"https:\/\/www.customywear.com\/cs\/wp-json\/wp\/v2\/comments?post=41241"}],"wp:featuredmedia":[{"embeddable":true,"href":"https:\/\/www.customywear.com\/cs\/wp-json\/wp\/v2\/media\/135135"}],"wp:attachment":[{"href":"https:\/\/www.customywear.com\/cs\/wp-json\/wp\/v2\/media?parent=41241"}],"wp:term":[{"taxonomy":"product_brand","embeddable":true,"href":"https:\/\/www.customywear.com\/cs\/wp-json\/wp\/v2\/product_brand?post=41241"},{"taxonomy":"product_cat","embeddable":true,"href":"https:\/\/www.customywear.com\/cs\/wp-json\/wp\/v2\/product_cat?post=41241"},{"taxonomy":"product_tag","embeddable":true,"href":"https:\/\/www.customywear.com\/cs\/wp-json\/wp\/v2\/product_tag?post=41241"}],"curies":[{"name":"wp","href":"https:\/\/api.w.org\/{rel}","templated":true}]}}