{"id":42490,"date":"2024-09-11T15:27:47","date_gmt":"2024-09-11T15:27:47","guid":{"rendered":"https:\/\/www.customywear.com\/?post_type=product&#038;p=42490"},"modified":"2026-05-05T20:24:06","modified_gmt":"2026-05-05T20:24:06","slug":"panske-tricko-s-kytarou","status":"publish","type":"product","link":"https:\/\/www.customywear.com\/cs\/guitar-t-shirt-men\/","title":{"rendered":"Guitar T-Shirt \u2013 Custom Guitar T-shirt pro Mu\u017ee"},"content":{"rendered":"<p>Tri\u010dko s n\u00e1pisem Kytara \u2013 Pozvedn\u011bte sv\u016fj styl s na\u0161\u00edm p\u00e1nsk\u00fdm tri\u010dkem s n\u00e1pisem Kytara na m\u00edru, kde se va\u0161e obl\u00edben\u00e9 fotografie prom\u011bn\u00ed v jedine\u010dn\u00e9 um\u011bleck\u00e9 d\u00edlo. Toto tri\u010dko s n\u00e1pisem Kytara na m\u00edru, vyroben\u00e9 z m\u011bkk\u00e9 100% bavlny, nab\u00edz\u00ed v\u00fdjime\u010dn\u00e9 pohodl\u00ed a prvot\u0159\u00eddn\u00ed kvalitu pro dlouhou \u017eivotnost. D\u00edky st\u0159ihu Regular Fit je ide\u00e1ln\u00ed pro ka\u017edodenn\u00ed no\u0161en\u00ed, zat\u00edmco unisex design padne ka\u017ed\u00e9mu. U\u017eijte si z\u00e1\u0159iv\u00e9 a trvanliv\u00e9 designy s vysoce kvalitn\u00edm DTG potiskem a p\u0159edve\u010fte sv\u00e9 personalizovan\u00e9 digit\u00e1ln\u00ed um\u011bn\u00ed s ka\u017ed\u00fdm no\u0161en\u00edm.<\/p>","protected":false},"excerpt":{"rendered":"<p>Rock Out s kytarov\u00fdm tri\u010dkem. Vlastn\u00ed kytarov\u00e1 tri\u010dka pro mu\u017ee prom\u011bn\u00ed jakoukoli fotografii v odv\u00e1\u017en\u00e9, jedine\u010dn\u00e9 tri\u010dko.<\/p>","protected":false},"featured_media":95462,"comment_status":"open","ping_status":"closed","template":"","meta":{"_acf_changed":false},"product_brand":[],"product_cat":[6195,6123,186,6340,1582,6412,6428],"product_tag":[6433,6327,6216,6219,6220],"class_list":{"0":"post-42490","1":"product","2":"type-product","3":"status-publish","4":"has-post-thumbnail","6":"product_cat-t-shirts-men","7":"product_cat-custom-gifts-ai-guitar","8":"product_cat-men","9":"product_cat-mens-music-t-shirts","10":"product_cat-music","11":"product_cat-photo-to-tees","12":"product_cat-translate-products","13":"product_tag-ai-artwork","14":"product_tag-custom-photo-t-shirt-for-men","15":"product_tag-mens-custom-t-shirts","16":"product_tag-order-custom-shirts","17":"product_tag-t-shirt-printing-near-me","19":"first","20":"instock","21":"taxable","22":"shipping-taxable","23":"purchasable","24":"product-type-simple"},"acf":[],"wcpa_form_fields":null,"_links":{"self":[{"href":"https:\/\/www.customywear.com\/cs\/wp-json\/wp\/v2\/product\/42490","targetHints":{"allow":["GET"]}}],"collection":[{"href":"https:\/\/www.customywear.com\/cs\/wp-json\/wp\/v2\/product"}],"about":[{"href":"https:\/\/www.customywear.com\/cs\/wp-json\/wp\/v2\/types\/product"}],"replies":[{"embeddable":true,"href":"https:\/\/www.customywear.com\/cs\/wp-json\/wp\/v2\/comments?post=42490"}],"wp:featuredmedia":[{"embeddable":true,"href":"https:\/\/www.customywear.com\/cs\/wp-json\/wp\/v2\/media\/95462"}],"wp:attachment":[{"href":"https:\/\/www.customywear.com\/cs\/wp-json\/wp\/v2\/media?parent=42490"}],"wp:term":[{"taxonomy":"product_brand","embeddable":true,"href":"https:\/\/www.customywear.com\/cs\/wp-json\/wp\/v2\/product_brand?post=42490"},{"taxonomy":"product_cat","embeddable":true,"href":"https:\/\/www.customywear.com\/cs\/wp-json\/wp\/v2\/product_cat?post=42490"},{"taxonomy":"product_tag","embeddable":true,"href":"https:\/\/www.customywear.com\/cs\/wp-json\/wp\/v2\/product_tag?post=42490"}],"curies":[{"name":"wp","href":"https:\/\/api.w.org\/{rel}","templated":true}]}}