{"id":7243,"date":"2024-09-27T07:25:56","date_gmt":"2024-09-27T07:25:56","guid":{"rendered":"https:\/\/www.customywear.com\/?page_id=7243"},"modified":"2024-10-15T15:35:53","modified_gmt":"2024-10-15T15:35:53","slug":"faqs","status":"publish","type":"page","link":"https:\/\/www.customywear.com\/de\/faqs\/","title":{"rendered":"FAQs"},"content":{"rendered":"<h2 class=\"wp-block-heading alignfull has-text-align-center has-white-color has-text-color has-background has-link-color wp-elements-acc56bf3ea8d88e38c69b4c747345d3b\" style=\"background:linear-gradient(180deg,rgb(35,154,221) 0%,rgb(30,59,102) 100%)\">FAQs<\/h2>\n\n\n<div id=\"rank-math-faq\" class=\"rank-math-block\">\n<div class=\"rank-math-list\">\n<div id=\"faq-question-1729006435376\" class=\"rank-math-list-item\">\n<h3 class=\"rank-math-question\"><a>Wie bestelle ich ma\u00dfgeschneiderte Produkte?<\/a><\/h3>\n<div class=\"rank-math-answer\">\n\n<p>St\u00f6bern Sie in unseren Kollektionen und w\u00e4hlen Sie das gew\u00fcnschte Produkt aus. W\u00e4hlen Sie auf der Produktseite Gr\u00f6\u00dfe und Farbe aus, laden Sie Ihr Foto hoch und f\u00fcgen Sie Beschreibungen hinzu (z. B. benutzerdefinierte Texte, Schriftart usw.). Wenn Sie kaufen m\u00f6chten, senden wir Ihnen per E-Mail Bestellaktualisierungen.<\/p>\n\n<\/div>\n<\/div>\n<div id=\"faq-question-1729006444323\" class=\"rank-math-list-item\">\n<h3 class=\"rank-math-question\"><a>Wie hoch sind die Versandkosten und wie lange dauert die Lieferung?<\/a><\/h3>\n<div class=\"rank-math-answer\">\n\n<p>St\u00f6bern Sie in unseren Kollektionen und w\u00e4hlen Sie das gew\u00fcnschte Produkt aus. W\u00e4hlen Sie auf der Produktseite Gr\u00f6\u00dfe und Farbe aus, laden Sie Ihr Foto hoch und f\u00fcgen Sie Beschreibungen hinzu (z. B. benutzerdefinierte Texte, Schriftart usw.). Wenn Sie kaufen m\u00f6chten, senden wir Ihnen per E-Mail Bestellaktualisierungen.<\/p>\n\n<\/div>\n<\/div>\n<div id=\"faq-question-1729006488594\" class=\"rank-math-list-item\">\n<h3 class=\"rank-math-question\"><a>Ich kann keine Fotos hochladen, wie kann ich bestellen?<\/a><\/h3>\n<div class=\"rank-math-answer\">\n\n<p>Bitte warten Sie einen Moment, bevor Sie die Fotos hochladen k\u00f6nnen, nachdem Sie auf \u201eIn den Warenkorb\u201c geklickt haben. Falls ein Problem auftritt, k\u00f6nnen Sie den Upload \u00fcberspringen und zur Kasse gehen. Senden Sie uns Ihre Fotos zusammen mit Ihrer Bestellnummer direkt an unsere E-Mail-Adresse: <a href=\"mailto:support@customywear.com\"><strong>support@customywear.com<\/strong><\/a><\/p>\n<p>Wir werden Sie auch kontaktieren, wenn ein Foto fehlt.<\/p>\n\n<\/div>\n<\/div>\n<div id=\"faq-question-1729006503315\" class=\"rank-math-list-item\">\n<h3 class=\"rank-math-question\"><a>Akzeptieren Sie Fotos in niedriger Qualit\u00e4t?<\/a><\/h3>\n<div class=\"rank-math-answer\">\n\n<p>Es kommt darauf an. Solange das Foto auf dem Telefon- oder Monitorbildschirm klar aussieht, sollte es in Ordnung sein.<\/p>\n\n<\/div>\n<\/div>\n<div id=\"faq-question-1729006532466\" class=\"rank-math-list-item\">\n<h3 class=\"rank-math-question\"><a>Ich kann kein Produkt in der Gr\u00f6\u00dfe f\u00fcr Kinder\/Erwachsene\/Kleinkinder finden. Was kann ich tun?<\/a><\/h3>\n<div class=\"rank-math-answer\">\n\n<p>Wir haben alle Designs f\u00fcr alle Geschlechter und Altersgruppen verf\u00fcgbar. Manchmal k\u00f6nnen wir nicht alle Produktstile problemlos pr\u00e4sentieren. Kontaktieren Sie uns daher einfach per Live-Chat oder E-Mail, um das gew\u00fcnschte Produkt zu finden.<\/p>\n\n<\/div>\n<\/div>\n<\/div>\n<\/div>\n\n\n<p><br><br><\/p>\n\n\n\n<p><\/p>","protected":false},"excerpt":{"rendered":"<p>FAQs<\/p>","protected":false},"author":2,"featured_media":0,"parent":0,"menu_order":0,"comment_status":"closed","ping_status":"closed","template":"template-fullwidth-no-heading.php","meta":{"_acf_changed":false,"footnotes":""},"class_list":["post-7243","page","type-page","status-publish","hentry"],"acf":[],"_links":{"self":[{"href":"https:\/\/www.customywear.com\/de\/wp-json\/wp\/v2\/pages\/7243","targetHints":{"allow":["GET"]}}],"collection":[{"href":"https:\/\/www.customywear.com\/de\/wp-json\/wp\/v2\/pages"}],"about":[{"href":"https:\/\/www.customywear.com\/de\/wp-json\/wp\/v2\/types\/page"}],"author":[{"embeddable":true,"href":"https:\/\/www.customywear.com\/de\/wp-json\/wp\/v2\/users\/2"}],"replies":[{"embeddable":true,"href":"https:\/\/www.customywear.com\/de\/wp-json\/wp\/v2\/comments?post=7243"}],"version-history":[{"count":0,"href":"https:\/\/www.customywear.com\/de\/wp-json\/wp\/v2\/pages\/7243\/revisions"}],"wp:attachment":[{"href":"https:\/\/www.customywear.com\/de\/wp-json\/wp\/v2\/media?parent=7243"}],"curies":[{"name":"wp","href":"https:\/\/api.w.org\/{rel}","templated":true}]}}