{"id":7277,"date":"2024-09-27T07:53:31","date_gmt":"2024-09-27T07:53:31","guid":{"rendered":"https:\/\/www.customywear.com\/?page_id=7277"},"modified":"2024-09-27T08:01:12","modified_gmt":"2024-09-27T08:01:12","slug":"ruckgaberecht","status":"publish","type":"page","link":"https:\/\/www.customywear.com\/de\/return-policy\/","title":{"rendered":"R\u00fcckerstattungs- und R\u00fcckgabebedingungen"},"content":{"rendered":"<h1 class=\"wp-block-heading alignfull has-text-align-center has-white-color has-text-color has-background has-link-color wp-elements-6a1b5e9f5e86f55beaf71c896b001019\" style=\"background:linear-gradient(180deg,rgb(35,154,221) 0%,rgb(30,59,102) 100%)\">R\u00fcckerstattungs- und R\u00fcckgabebedingungen<\/h1>\n\n\n\n<p><strong>R\u00dcCKGABERECHT<br><\/strong><\/p>\n\n\n\n<p><strong>Zuletzt aktualisiert: 17. August 2024<\/strong><\/p>\n\n\n\n<p>Vielen Dank f\u00fcr Ihren Einkauf. Wir hoffen, Sie sind zufrieden. Sollten Sie dennoch aus irgendeinem Grund nicht zufrieden sein und Ihr Produkt zur R\u00fcckgabe berechtigt sein, k\u00f6nnen Sie es gerne an uns zur\u00fccksenden und erhalten eine volle R\u00fcckerstattung oder einen Umtausch. Weitere Informationen zu unseren R\u00fcckgabebedingungen finden Sie weiter unten.<br><br><strong>BERECHTIGTE PRODUKTE<br><br><\/strong>F\u00fcr Sonderanfertigungen und Produkte:&nbsp;<\/p>\n\n\n\n<ol class=\"wp-block-list\">\n<li><strong>Wenn wir Ihnen falsche Produkte und Designs senden<\/strong><\/li>\n\n\n\n<li><strong>Wenn Produkte defekt sind<\/strong><\/li>\n<\/ol>\n\n\n\n<p><strong><br><\/strong>F\u00fcr nicht kundenspezifische Bestellungen und Produkte:&nbsp;<\/p>\n\n\n\n<ol class=\"wp-block-list\">\n<li><strong>Sie k\u00f6nnen alle Artikel zur\u00fcckgeben, wenn Sie nicht zufrieden sind<\/strong><\/li>\n<\/ol>\n\n\n\n<p><strong>R\u00fcckversand<br><\/strong><\/p>\n\n\n\n<p>Alle R\u00fccksendungen m\u00fcssen innerhalb von 45 Tagen nach dem Lieferdatum abgestempelt sein. Alle zur\u00fcckgesendeten Artikel m\u00fcssen neu und unbenutzt sein und alle Originaletiketten und -anh\u00e4nger m\u00fcssen noch angebracht sein.<\/p>\n\n\n\n<p><strong>R\u00dcCKGABEPROZESS<br><\/strong><\/p>\n\n\n\n<p>Um einen Artikel zur\u00fcckzusenden, wenden Sie sich bitte per E-Mail an den Kundenservice unter support@customywear.com, um eine RMA-Nummer (Return Merchandise Authorization) zu erhalten. Nachdem Sie die RMA-Nummer erhalten haben, verpacken Sie den Artikel sicher in der Originalverpackung, legen Sie Ihren Kaufbeleg bei und senden Sie die R\u00fccksendung an folgende Adresse:<\/p>\n\n\n\n<p>CustomyWear<\/p>\n\n\n\n<p>Achtung: R\u00fccksendungen<\/p>\n\n\n\n<p>RMA #<\/p>\n\n\n\n<p>11201 Ed Brown Rd<\/p>\n\n\n\n<p>Charlotte, NC 28273<\/p>\n\n\n\n<p>Vereinigte Staaten<\/p>\n\n\n\n<p>Bitte beachten Sie, dass Sie f\u00fcr alle R\u00fccksendekosten verantwortlich sind. Wir empfehlen Ihnen dringend, Ihre R\u00fccksendung per Sendungsverfolgung zu versenden.&nbsp;<\/p>\n\n\n\n<p><strong>R\u00dcCKERSTATTUNGEN<br><\/strong><\/p>\n\n\n\n<p>Nachdem wir Ihre R\u00fccksendung erhalten und deren Zustand gepr\u00fcft haben, bearbeiten wir Ihre R\u00fccksendung oder Ihren Umtausch. Bitte rechnen Sie mit einer Bearbeitungsdauer von mindestens drei\u00dfig (30) Tagen ab Erhalt Ihrer R\u00fccksendung. Wir benachrichtigen Sie per E-Mail, sobald Ihre R\u00fccksendung bearbeitet wurde.<\/p>\n\n\n\n<p><strong>AUSNAHMEN<\/strong><\/p>\n\n\n\n<p>Bei defekten oder besch\u00e4digten Produkten kontaktieren Sie uns bitte unter den unten angegebenen Kontaktdaten, um eine R\u00fcckerstattung oder einen Umtausch zu vereinbaren.<\/p>\n\n\n\n<p><strong>Bitte beachten Sie<br><\/strong><\/p>\n\n\n\n<p><strong>&nbsp; &nbsp; &nbsp;\u25cf&nbsp;&nbsp; &nbsp;&nbsp;<\/strong>Ausverkaufte Artikel sind ENDG\u00dcLTIG VERKAUFT und k\u00f6nnen nicht zur\u00fcckgegeben werden.<\/p>\n\n\n\n<p><strong>FRAGEN<br><\/strong><\/p>\n\n\n\n<p>Wenn Sie Fragen zu unseren R\u00fcckgaberichtlinien haben, kontaktieren Sie uns bitte unter:<\/p>\n\n\n\n<p><a href=\"mailto:support@customywear.com\"><strong>support@customywear.com<\/strong><\/a><\/p>","protected":false},"excerpt":{"rendered":"<p>Refund and Returns Policy RETURN POLICY Last updated August 17, 2024 Thank you for your purchase. We hope you are happy with your purchase. However, if you are not completely satisfied with your purchase for any reason and your product is eligible to return, you may return it to us for&nbsp;a full refund or an [&hellip;]<\/p>\n","protected":false},"author":2,"featured_media":0,"parent":0,"menu_order":0,"comment_status":"closed","ping_status":"closed","template":"template-fullwidth-no-heading.php","meta":{"_acf_changed":false,"footnotes":""},"class_list":["post-7277","page","type-page","status-publish","hentry"],"acf":[],"_links":{"self":[{"href":"https:\/\/www.customywear.com\/de\/wp-json\/wp\/v2\/pages\/7277","targetHints":{"allow":["GET"]}}],"collection":[{"href":"https:\/\/www.customywear.com\/de\/wp-json\/wp\/v2\/pages"}],"about":[{"href":"https:\/\/www.customywear.com\/de\/wp-json\/wp\/v2\/types\/page"}],"author":[{"embeddable":true,"href":"https:\/\/www.customywear.com\/de\/wp-json\/wp\/v2\/users\/2"}],"replies":[{"embeddable":true,"href":"https:\/\/www.customywear.com\/de\/wp-json\/wp\/v2\/comments?post=7277"}],"version-history":[{"count":0,"href":"https:\/\/www.customywear.com\/de\/wp-json\/wp\/v2\/pages\/7277\/revisions"}],"wp:attachment":[{"href":"https:\/\/www.customywear.com\/de\/wp-json\/wp\/v2\/media?parent=7277"}],"curies":[{"name":"wp","href":"https:\/\/api.w.org\/{rel}","templated":true}]}}