{"id":127763,"date":"2025-03-04T14:47:48","date_gmt":"2025-03-04T14:47:48","guid":{"rendered":"https:\/\/www.customywear.com\/?post_type=product&#038;p=127763"},"modified":"2026-05-07T15:29:41","modified_gmt":"2026-05-07T15:29:41","slug":"personalisierte-disc-golf-tshirt-madchen","status":"publish","type":"product","link":"https:\/\/www.customywear.com\/de\/personalized-disc-golf-tshirt-girls\/","title":{"rendered":"Personalisiertes Disc Golf T-Shirt f\u00fcr M\u00e4dchen \u2013 Individuelles Jugend-Disc Golf Shirt mit digitaler Kunst"},"content":{"rendered":"<p>Dieses individuelle Discgolf-T-Shirt f\u00fcr junge M\u00e4dchen vereint Spa\u00df und Individualit\u00e4t. Wir machen Fotos von Ihrem Kind und verwandeln es digital in eine individuelle Figur, die es als talentierte Discgolferin pr\u00e4sentiert. Hergestellt aus superweicher 100 % Baumwolle garantiert dieses T-Shirt h\u00f6chsten Tragekomfort und Strapazierf\u00e4higkeit. Dank hochwertigem DTG-Druck sind die lebendigen Designs langlebig und somit das perfekte Geschenk f\u00fcr jeden Discgolf-Enthusiasten oder -Spieler. Ideal f\u00fcr Geburtstage, Weihnachten, Hochzeiten oder einfach, um Ihrem Nachwuchs eine Freude zu machen \u2013 jedes Design ist ein einzigartiges Meisterwerk, geschaffen von talentierten K\u00fcnstlern. Feiern Sie die Discgolf-Liebe Ihres Kindes mit etwas Besonderem und Pers\u00f6nlichem!<\/p>","protected":false},"excerpt":{"rendered":"<p>Ace das Spiel mit einem personalisierten Disc-Golf-T-Shirt f\u00fcr M\u00e4dchen. Benutzerdefinierte Jugend-Disc-Golf-Shirts verwandeln jedes Foto in ein verspieltes, sportliches T-Shirt.<\/p>","protected":false},"featured_media":127913,"comment_status":"open","ping_status":"closed","template":"","meta":{"_acf_changed":false},"product_brand":[],"product_cat":[6193,6315,152,6412,6428,58],"product_tag":[6433,6439,6331,6221],"class_list":{"0":"post-127763","1":"product","2":"type-product","3":"status-publish","4":"has-post-thumbnail","6":"product_cat-girls-t-shirts","7":"product_cat-custom-gifts-disc-golf","8":"product_cat-girls","9":"product_cat-photo-to-tees","10":"product_cat-translate-products","11":"product_cat-youth-kids","12":"product_tag-ai-artwork","13":"product_tag-ai-kids-artwork","14":"product_tag-custom-picture-t-shirt-for-girls","15":"product_tag-custom-t-shirts-near-me","17":"first","18":"instock","19":"taxable","20":"shipping-taxable","21":"purchasable","22":"product-type-simple"},"acf":[],"wcpa_form_fields":null,"_links":{"self":[{"href":"https:\/\/www.customywear.com\/de\/wp-json\/wp\/v2\/product\/127763","targetHints":{"allow":["GET"]}}],"collection":[{"href":"https:\/\/www.customywear.com\/de\/wp-json\/wp\/v2\/product"}],"about":[{"href":"https:\/\/www.customywear.com\/de\/wp-json\/wp\/v2\/types\/product"}],"replies":[{"embeddable":true,"href":"https:\/\/www.customywear.com\/de\/wp-json\/wp\/v2\/comments?post=127763"}],"wp:featuredmedia":[{"embeddable":true,"href":"https:\/\/www.customywear.com\/de\/wp-json\/wp\/v2\/media\/127913"}],"wp:attachment":[{"href":"https:\/\/www.customywear.com\/de\/wp-json\/wp\/v2\/media?parent=127763"}],"wp:term":[{"taxonomy":"product_brand","embeddable":true,"href":"https:\/\/www.customywear.com\/de\/wp-json\/wp\/v2\/product_brand?post=127763"},{"taxonomy":"product_cat","embeddable":true,"href":"https:\/\/www.customywear.com\/de\/wp-json\/wp\/v2\/product_cat?post=127763"},{"taxonomy":"product_tag","embeddable":true,"href":"https:\/\/www.customywear.com\/de\/wp-json\/wp\/v2\/product_tag?post=127763"}],"curies":[{"name":"wp","href":"https:\/\/api.w.org\/{rel}","templated":true}]}}