{"id":127797,"date":"2025-03-04T14:47:49","date_gmt":"2025-03-04T14:47:49","guid":{"rendered":"https:\/\/www.customywear.com\/?post_type=product&#038;p=127797"},"modified":"2026-05-07T15:29:41","modified_gmt":"2026-05-07T15:29:41","slug":"personalisierte-disc-golf-tshirt-kleinkind-jungen","status":"publish","type":"product","link":"https:\/\/www.customywear.com\/de\/personalized-disc-golf-tshirt-toddler-boys\/","title":{"rendered":"Personalisiertes Disc Golf T-Shirt f\u00fcr Kleinkinder Jungen \u2013 Individuelles Disc Golf Shirt f\u00fcr Jugendliche"},"content":{"rendered":"<p>Wir pr\u00e4sentieren unser individuelles Discgolf-T-Shirt speziell f\u00fcr Kleinkinder! Wir machen Fotos von Ihrem Kind und verwandeln es in einzigartige, lebendige Discgolf-Spielerfiguren, die perfekt dazu geeignet sind, die Liebe zum Sport zu zeigen. Dieses Shirt aus 100 % weicher Baumwolle ist nicht nur bequem, sondern auch strapazierf\u00e4hig und langlebig. Unser hochwertiger DTG-Druck sorgt f\u00fcr gestochen scharfe, lebendige und langlebige Designs. Ob zum Geburtstag, zu Weihnachten oder zu einem anderen besonderen Anlass \u2013 dieses personalisierte T-Shirt ist das perfekte Geschenk f\u00fcr junge Discgolf-Fans und -Spieler.<\/p>","protected":false},"excerpt":{"rendered":"<p>Beginnen Sie jung mit einem personalisierten Disc-Golf-T-Shirt f\u00fcr Kleinkinder. Benutzerdefinierte Jugend-Disc-Golf-Shirts verwandeln jedes Foto in ein verspieltes, einzigartiges T-Shirt.<\/p>","protected":false},"featured_media":127955,"comment_status":"open","ping_status":"closed","template":"","meta":{"_acf_changed":false},"product_brand":[],"product_cat":[6209,6315,6412,6428],"product_tag":[6433,6439,6221],"class_list":{"0":"post-127797","1":"product","2":"type-product","3":"status-publish","4":"has-post-thumbnail","6":"product_cat-toddler-boy-t-shirts","7":"product_cat-custom-gifts-disc-golf","8":"product_cat-photo-to-tees","9":"product_cat-translate-products","10":"product_tag-ai-artwork","11":"product_tag-ai-kids-artwork","12":"product_tag-custom-t-shirts-near-me","14":"first","15":"instock","16":"taxable","17":"shipping-taxable","18":"purchasable","19":"product-type-simple"},"acf":[],"wcpa_form_fields":null,"_links":{"self":[{"href":"https:\/\/www.customywear.com\/de\/wp-json\/wp\/v2\/product\/127797","targetHints":{"allow":["GET"]}}],"collection":[{"href":"https:\/\/www.customywear.com\/de\/wp-json\/wp\/v2\/product"}],"about":[{"href":"https:\/\/www.customywear.com\/de\/wp-json\/wp\/v2\/types\/product"}],"replies":[{"embeddable":true,"href":"https:\/\/www.customywear.com\/de\/wp-json\/wp\/v2\/comments?post=127797"}],"wp:featuredmedia":[{"embeddable":true,"href":"https:\/\/www.customywear.com\/de\/wp-json\/wp\/v2\/media\/127955"}],"wp:attachment":[{"href":"https:\/\/www.customywear.com\/de\/wp-json\/wp\/v2\/media?parent=127797"}],"wp:term":[{"taxonomy":"product_brand","embeddable":true,"href":"https:\/\/www.customywear.com\/de\/wp-json\/wp\/v2\/product_brand?post=127797"},{"taxonomy":"product_cat","embeddable":true,"href":"https:\/\/www.customywear.com\/de\/wp-json\/wp\/v2\/product_cat?post=127797"},{"taxonomy":"product_tag","embeddable":true,"href":"https:\/\/www.customywear.com\/de\/wp-json\/wp\/v2\/product_tag?post=127797"}],"curies":[{"name":"wp","href":"https:\/\/api.w.org\/{rel}","templated":true}]}}