{"id":130179,"date":"2025-04-25T11:07:09","date_gmt":"2025-04-25T11:07:09","guid":{"rendered":"https:\/\/www.customywear.com\/?post_type=product&#038;p=130179"},"modified":"2026-05-07T15:29:31","modified_gmt":"2026-05-07T15:29:31","slug":"individuelles-maedchen-koch-tshirt","status":"publish","type":"product","link":"https:\/\/www.customywear.com\/de\/personalized-girls-chef-cooking-shirt\/","title":{"rendered":"Personalisierte M\u00e4dchen Chef T-Shirt \u2013 Custom-Kochen-Shirt f\u00fcr Junge die B\u00e4ckerei, Future Head Chefs, BBQ Stars &amp; Kulinarische Enthusiasten"},"content":{"rendered":"<p>Kraftstoff Ihre K\u00fcche Tr\u00e4ume mit unseren Personalisierten Girls&#039; Chef T-Shirt, entworfen, um drehen Ihre kleinen Foto in eine bunte benutzerdefinierte K\u00fcchenchef portrait! Gefertigt aus ultra-weichem 100% Baumwolle, diese premium shirt bietet dauerhaften Komfort und Stil f\u00fcr zuk\u00fcnftige K\u00fcchenchefs, junior-B\u00e4cker, Grill-champs, und der kulinarische Schule Hoffnungstr\u00e4ger. Mithilfe der erweiterten DTG-Druck, jedes lebendige design f\u00e4ngt Ihre Leidenschaft f\u00fcr das Kochen und bleibt hell, selbst nach vielen W\u00e4schen. Eine perfekte Geburtstag, Urlaub oder besonderen Anlass Geschenk zu inspirieren, junge M\u00e4dchen zu jagen, Ihre kulinarischen Ambitionen mit stolz!<\/p>","protected":false},"excerpt":{"rendered":"<p>Celebrate culinary passion with a Personalized Girls&#8217; Chef T-Shirt. Custom Cooking Shirts turn any photo into a one-of-a-kind t-shirt for young bakers.<\/p>","protected":false},"featured_media":130346,"comment_status":"open","ping_status":"closed","template":"","meta":{"_acf_changed":false},"product_brand":[],"product_cat":[6193,6325,152,6412,6428,58],"product_tag":[6433,6439,6331,6221],"class_list":{"0":"post-130179","1":"product","2":"type-product","3":"status-publish","4":"has-post-thumbnail","6":"product_cat-girls-t-shirts","7":"product_cat-custom-gifts-chef-artworks","8":"product_cat-girls","9":"product_cat-photo-to-tees","10":"product_cat-translate-products","11":"product_cat-youth-kids","12":"product_tag-ai-artwork","13":"product_tag-ai-kids-artwork","14":"product_tag-custom-picture-t-shirt-for-girls","15":"product_tag-custom-t-shirts-near-me","17":"first","18":"instock","19":"taxable","20":"shipping-taxable","21":"purchasable","22":"product-type-simple"},"acf":[],"wcpa_form_fields":null,"_links":{"self":[{"href":"https:\/\/www.customywear.com\/de\/wp-json\/wp\/v2\/product\/130179","targetHints":{"allow":["GET"]}}],"collection":[{"href":"https:\/\/www.customywear.com\/de\/wp-json\/wp\/v2\/product"}],"about":[{"href":"https:\/\/www.customywear.com\/de\/wp-json\/wp\/v2\/types\/product"}],"replies":[{"embeddable":true,"href":"https:\/\/www.customywear.com\/de\/wp-json\/wp\/v2\/comments?post=130179"}],"wp:featuredmedia":[{"embeddable":true,"href":"https:\/\/www.customywear.com\/de\/wp-json\/wp\/v2\/media\/130346"}],"wp:attachment":[{"href":"https:\/\/www.customywear.com\/de\/wp-json\/wp\/v2\/media?parent=130179"}],"wp:term":[{"taxonomy":"product_brand","embeddable":true,"href":"https:\/\/www.customywear.com\/de\/wp-json\/wp\/v2\/product_brand?post=130179"},{"taxonomy":"product_cat","embeddable":true,"href":"https:\/\/www.customywear.com\/de\/wp-json\/wp\/v2\/product_cat?post=130179"},{"taxonomy":"product_tag","embeddable":true,"href":"https:\/\/www.customywear.com\/de\/wp-json\/wp\/v2\/product_tag?post=130179"}],"curies":[{"name":"wp","href":"https:\/\/api.w.org\/{rel}","templated":true}]}}