{"id":130213,"date":"2025-04-25T11:07:10","date_gmt":"2025-04-25T11:07:10","guid":{"rendered":"https:\/\/www.customywear.com\/?post_type=product&#038;p=130213"},"modified":"2026-05-07T15:29:31","modified_gmt":"2026-05-07T15:29:31","slug":"kleinkind-junge-chef-tshirt","status":"publish","type":"product","link":"https:\/\/www.customywear.com\/de\/toddler-boy-custom-chef-tshirt\/","title":{"rendered":"Benutzerdefinierte Chef T-Shirt f\u00fcr Kleinkind Jungen \u2013 Personalisierte Foto Geschenk f\u00fcr Kleine Zuk\u00fcnftige K\u00f6che, Grill-Meister, Geb\u00e4ck Experten &amp; Mehr"},"content":{"rendered":"<p>Entz\u00fcnden Sie Ihre toddler boy &#039; s imagination mit unserem Custom Chef T-Shirt, entworfen, um drehen Sie Ihr wenig ein zu einer kulinarischen Sterne! Laden Sie Ihr Kind ist reizend Foto und Uhr es verwandeln Chefkoch Meisterwerk, mit einer Kochm\u00fctze und leckere Gerichte in der hand. Perfekt f\u00fcr Geburtstage, Feiertage und Besondere Anl\u00e4sse, diese einzigartige und lustige t-shirt inspiriert die Kreativit\u00e4t und spielerische Abenteuer. Gemacht von ultra-weiche 100% premium-Baumwolle und bedruckt mit leuchtenden, langlebigen und DTG-Technologie, es bietet sowohl Komfort und bleibende Erinnerungen. Ein muss-haben personalisierte Geschenk f\u00fcr alle kleinen angehenden chef!<\/p>","protected":false},"excerpt":{"rendered":"<p>Inspirieren Sie zuk\u00fcnftige K\u00f6che mit einem ma\u00dfgeschneiderten Koch-T-Shirt f\u00fcr Kleinkinder. Personalisierte Fotogeschenke verwandeln jedes Foto in ein lustiges, einzigartiges T-Shirt.<\/p>","protected":false},"featured_media":130368,"comment_status":"open","ping_status":"closed","template":"","meta":{"_acf_changed":false},"product_brand":[],"product_cat":[6209,6325,6412,6428],"product_tag":[6433,6439,6221],"class_list":{"0":"post-130213","1":"product","2":"type-product","3":"status-publish","4":"has-post-thumbnail","6":"product_cat-toddler-boy-t-shirts","7":"product_cat-custom-gifts-chef-artworks","8":"product_cat-photo-to-tees","9":"product_cat-translate-products","10":"product_tag-ai-artwork","11":"product_tag-ai-kids-artwork","12":"product_tag-custom-t-shirts-near-me","14":"first","15":"instock","16":"taxable","17":"shipping-taxable","18":"purchasable","19":"product-type-simple"},"acf":[],"wcpa_form_fields":null,"_links":{"self":[{"href":"https:\/\/www.customywear.com\/de\/wp-json\/wp\/v2\/product\/130213","targetHints":{"allow":["GET"]}}],"collection":[{"href":"https:\/\/www.customywear.com\/de\/wp-json\/wp\/v2\/product"}],"about":[{"href":"https:\/\/www.customywear.com\/de\/wp-json\/wp\/v2\/types\/product"}],"replies":[{"embeddable":true,"href":"https:\/\/www.customywear.com\/de\/wp-json\/wp\/v2\/comments?post=130213"}],"wp:featuredmedia":[{"embeddable":true,"href":"https:\/\/www.customywear.com\/de\/wp-json\/wp\/v2\/media\/130368"}],"wp:attachment":[{"href":"https:\/\/www.customywear.com\/de\/wp-json\/wp\/v2\/media?parent=130213"}],"wp:term":[{"taxonomy":"product_brand","embeddable":true,"href":"https:\/\/www.customywear.com\/de\/wp-json\/wp\/v2\/product_brand?post=130213"},{"taxonomy":"product_cat","embeddable":true,"href":"https:\/\/www.customywear.com\/de\/wp-json\/wp\/v2\/product_cat?post=130213"},{"taxonomy":"product_tag","embeddable":true,"href":"https:\/\/www.customywear.com\/de\/wp-json\/wp\/v2\/product_tag?post=130213"}],"curies":[{"name":"wp","href":"https:\/\/api.w.org\/{rel}","templated":true}]}}