{"id":130253,"date":"2025-04-25T11:07:10","date_gmt":"2025-04-25T11:07:10","guid":{"rendered":"https:\/\/www.customywear.com\/?post_type=product&#038;p=130253"},"modified":"2026-05-05T20:24:06","modified_gmt":"2026-05-05T20:24:06","slug":"massgeschneidertes-koch-herren-tshirt-geschenk","status":"publish","type":"product","link":"https:\/\/www.customywear.com\/de\/custom-mens-chef-tshirt-gift-for-cooks\/","title":{"rendered":"Custom Men &#039; s Chef T-Shirt \u2013 Personalisierte Geschenk f\u00fcr K\u00f6che, Grill Masters BBQ K\u00f6che, Kulinarische Studenten &amp; Restaurant Professionals"},"content":{"rendered":"<p>Feiern Sie Ihre Liebe f\u00fcr das Kochen mit diesem Custom Men &#039; s Chef T-Shirt \u2013 personalisierte Geschenk ideal f\u00fcr K\u00f6che, grill masters BBQ-Liebhaber, kulinarische Studenten und food-Enthusiasten. Hergestellt aus 100% premium-Baumwolle mit langlebiger DTG-Druck, dieses shirt verf\u00fcgt \u00fcber benutzerdefinierte digitale Kunstwerk basierend auf Ihre Fotos, drehen Sie in der Chefkoch in Ihrer K\u00fcche. Ideal f\u00fcr Geburtstage, Jubil\u00e4en, Promotionen, oder einfach nur, um zu pr\u00e4sentieren, kulinarische stolz, ein einzigartiges Andenken und ein stilvolles St\u00fcck tragbare Kunst.<\/p>","protected":false},"excerpt":{"rendered":"<p>Celebrate culinary professionals with a Custom Men&#8217;s Chef T-Shirt. Personalized Gifts for Cooks transform any photo into a unique, one-of-a-kind t-shirt.<\/p>","protected":false},"featured_media":130397,"comment_status":"open","ping_status":"closed","template":"","meta":{"_acf_changed":false},"product_brand":[],"product_cat":[6195,6325,186,6341,6412,6428],"product_tag":[6433,6327,6216],"class_list":{"0":"post-130253","1":"product","2":"type-product","3":"status-publish","4":"has-post-thumbnail","6":"product_cat-t-shirts-men","7":"product_cat-custom-gifts-chef-artworks","8":"product_cat-men","9":"product_cat-mens-profession-t-shirts","10":"product_cat-photo-to-tees","11":"product_cat-translate-products","12":"product_tag-ai-artwork","13":"product_tag-custom-photo-t-shirt-for-men","14":"product_tag-mens-custom-t-shirts","16":"first","17":"instock","18":"taxable","19":"shipping-taxable","20":"purchasable","21":"product-type-simple"},"acf":[],"wcpa_form_fields":null,"_links":{"self":[{"href":"https:\/\/www.customywear.com\/de\/wp-json\/wp\/v2\/product\/130253","targetHints":{"allow":["GET"]}}],"collection":[{"href":"https:\/\/www.customywear.com\/de\/wp-json\/wp\/v2\/product"}],"about":[{"href":"https:\/\/www.customywear.com\/de\/wp-json\/wp\/v2\/types\/product"}],"replies":[{"embeddable":true,"href":"https:\/\/www.customywear.com\/de\/wp-json\/wp\/v2\/comments?post=130253"}],"wp:featuredmedia":[{"embeddable":true,"href":"https:\/\/www.customywear.com\/de\/wp-json\/wp\/v2\/media\/130397"}],"wp:attachment":[{"href":"https:\/\/www.customywear.com\/de\/wp-json\/wp\/v2\/media?parent=130253"}],"wp:term":[{"taxonomy":"product_brand","embeddable":true,"href":"https:\/\/www.customywear.com\/de\/wp-json\/wp\/v2\/product_brand?post=130253"},{"taxonomy":"product_cat","embeddable":true,"href":"https:\/\/www.customywear.com\/de\/wp-json\/wp\/v2\/product_cat?post=130253"},{"taxonomy":"product_tag","embeddable":true,"href":"https:\/\/www.customywear.com\/de\/wp-json\/wp\/v2\/product_tag?post=130253"}],"curies":[{"name":"wp","href":"https:\/\/api.w.org\/{rel}","templated":true}]}}