{"id":133690,"date":"2025-05-17T14:53:19","date_gmt":"2025-05-17T14:53:19","guid":{"rendered":"https:\/\/www.customywear.com\/?post_type=product&#038;p=133690"},"modified":"2026-05-07T15:29:31","modified_gmt":"2026-05-07T15:29:31","slug":"arzt-schule-inspiration-maedchen-tshirt","status":"publish","type":"product","link":"https:\/\/www.customywear.com\/de\/doctor-school-inspiration-tshirt-girls\/","title":{"rendered":"Individuelles T-Shirt zur Inspiration der Arztschule f\u00fcr M\u00e4dchen \u2013 Premium-Baumwolle DTG, personalisiertes Fotogeschenk zur Inspiration junger Heiler"},"content":{"rendered":"<p>Erwecken Sie die medizinischen Tr\u00e4ume Ihrer Tochter mit unserem personalisierten Doctor School Inspiration T-Shirt f\u00fcr M\u00e4dchen. Hergestellt aus ultraweicher, hochwertiger Baumwolle und bedruckt mit hochwertiger DTG-Technologie, verwandelt jedes T-Shirt ihr Foto in ein bezauberndes Bild von ihr in einer Arztuniform. Strapazierf\u00e4hig genug f\u00fcr Alltag und Freizeit, ist dieses personalisierte Shirt ein liebevolles Geschenk zum Geburtstag, Schulabschluss oder zu jedem Anlass, der ihre Ambitionen im medizinischen Bereich feiert.<\/p>","protected":false},"excerpt":{"rendered":"<p>Inspirieren Sie junge Heiler mit einem individuellen T-Shirt f\u00fcr die Arztschule f\u00fcr M\u00e4dchen. Premium-Baumwoll-DTG-Pers\u00f6nliche T-Shirts verwandeln jedes Foto in ein einzigartiges Geschenk.<\/p>","protected":false},"featured_media":133817,"comment_status":"open","ping_status":"closed","template":"","meta":{"_acf_changed":false},"product_brand":[],"product_cat":[6193,6380,152,6412,6428,58],"product_tag":[6433,6439,6331,6221,6381],"class_list":{"0":"post-133690","1":"product","2":"type-product","3":"status-publish","4":"has-post-thumbnail","6":"product_cat-girls-t-shirts","7":"product_cat-custom-gifts-doctor-tees","8":"product_cat-girls","9":"product_cat-photo-to-tees","10":"product_cat-translate-products","11":"product_cat-youth-kids","12":"product_tag-ai-artwork","13":"product_tag-ai-kids-artwork","14":"product_tag-custom-picture-t-shirt-for-girls","15":"product_tag-custom-t-shirts-near-me","16":"product_tag-personalized-gifts-doctor-tees","18":"first","19":"instock","20":"taxable","21":"shipping-taxable","22":"purchasable","23":"product-type-simple"},"acf":[],"wcpa_form_fields":null,"_links":{"self":[{"href":"https:\/\/www.customywear.com\/de\/wp-json\/wp\/v2\/product\/133690","targetHints":{"allow":["GET"]}}],"collection":[{"href":"https:\/\/www.customywear.com\/de\/wp-json\/wp\/v2\/product"}],"about":[{"href":"https:\/\/www.customywear.com\/de\/wp-json\/wp\/v2\/types\/product"}],"replies":[{"embeddable":true,"href":"https:\/\/www.customywear.com\/de\/wp-json\/wp\/v2\/comments?post=133690"}],"wp:featuredmedia":[{"embeddable":true,"href":"https:\/\/www.customywear.com\/de\/wp-json\/wp\/v2\/media\/133817"}],"wp:attachment":[{"href":"https:\/\/www.customywear.com\/de\/wp-json\/wp\/v2\/media?parent=133690"}],"wp:term":[{"taxonomy":"product_brand","embeddable":true,"href":"https:\/\/www.customywear.com\/de\/wp-json\/wp\/v2\/product_brand?post=133690"},{"taxonomy":"product_cat","embeddable":true,"href":"https:\/\/www.customywear.com\/de\/wp-json\/wp\/v2\/product_cat?post=133690"},{"taxonomy":"product_tag","embeddable":true,"href":"https:\/\/www.customywear.com\/de\/wp-json\/wp\/v2\/product_tag?post=133690"}],"curies":[{"name":"wp","href":"https:\/\/api.w.org\/{rel}","templated":true}]}}