{"id":133695,"date":"2025-05-17T14:53:19","date_gmt":"2025-05-17T14:53:19","guid":{"rendered":"https:\/\/www.customywear.com\/?post_type=product&#038;p=133695"},"modified":"2026-05-07T15:29:31","modified_gmt":"2026-05-07T15:29:31","slug":"arzt-inspiration-jungen-tshirt","status":"publish","type":"product","link":"https:\/\/www.customywear.com\/de\/doctor-inspiration-tshirt-boys\/","title":{"rendered":"Custom Doctor Inspiration T-Shirt for Boys  Kids Aspiring Doctors \u2013 Cotton DTG Personalized Photo Gift"},"content":{"rendered":"<p>Erwecken Sie die Tr\u00e4ume Ihres Sohnes mit unserem personalisierten Arzt-T-Shirt f\u00fcr Jungen. Hergestellt aus ultraweicher, hochwertiger Baumwolle und bedruckt mit hochwertiger DTG-Technologie, zeigt jedes T-Shirt Ihr Kind als engagierten Arzt in Uniform. Robust genug f\u00fcr den Alltag, inspiriert dieses personalisierte Shirt junge K\u00f6pfe und ist ein perfektes Geschenk zum Geburtstag, Schulabschluss oder einfach, um die Leidenschaft f\u00fcr andere zu f\u00f6rdern.<\/p>","protected":false},"excerpt":{"rendered":"<p>Ermutigen Sie zuk\u00fcnftige \u00c4rzte mit einem benutzerdefinierten Arzt-Inspirations-T-Shirt f\u00fcr Jungen. Premium Cotton DTG Personalisierte T-Shirts verwandeln jedes Foto in ein einzigartiges medizinisches T-Shirt.<\/p>","protected":false},"featured_media":133796,"comment_status":"open","ping_status":"closed","template":"","meta":{"_acf_changed":false},"product_brand":[],"product_cat":[6189,6380,6412,6428],"product_tag":[6433,6439,6221,6381,6330],"class_list":{"0":"post-133695","1":"product","2":"type-product","3":"status-publish","4":"has-post-thumbnail","6":"product_cat-boys-t-shirts","7":"product_cat-custom-gifts-doctor-tees","8":"product_cat-photo-to-tees","9":"product_cat-translate-products","10":"product_tag-ai-artwork","11":"product_tag-ai-kids-artwork","12":"product_tag-custom-t-shirts-near-me","13":"product_tag-personalized-gifts-doctor-tees","14":"product_tag-photo-print-t-shirt-for-boys","16":"first","17":"instock","18":"taxable","19":"shipping-taxable","20":"purchasable","21":"product-type-simple"},"acf":[],"wcpa_form_fields":null,"_links":{"self":[{"href":"https:\/\/www.customywear.com\/de\/wp-json\/wp\/v2\/product\/133695","targetHints":{"allow":["GET"]}}],"collection":[{"href":"https:\/\/www.customywear.com\/de\/wp-json\/wp\/v2\/product"}],"about":[{"href":"https:\/\/www.customywear.com\/de\/wp-json\/wp\/v2\/types\/product"}],"replies":[{"embeddable":true,"href":"https:\/\/www.customywear.com\/de\/wp-json\/wp\/v2\/comments?post=133695"}],"wp:featuredmedia":[{"embeddable":true,"href":"https:\/\/www.customywear.com\/de\/wp-json\/wp\/v2\/media\/133796"}],"wp:attachment":[{"href":"https:\/\/www.customywear.com\/de\/wp-json\/wp\/v2\/media?parent=133695"}],"wp:term":[{"taxonomy":"product_brand","embeddable":true,"href":"https:\/\/www.customywear.com\/de\/wp-json\/wp\/v2\/product_brand?post=133695"},{"taxonomy":"product_cat","embeddable":true,"href":"https:\/\/www.customywear.com\/de\/wp-json\/wp\/v2\/product_cat?post=133695"},{"taxonomy":"product_tag","embeddable":true,"href":"https:\/\/www.customywear.com\/de\/wp-json\/wp\/v2\/product_tag?post=133695"}],"curies":[{"name":"wp","href":"https:\/\/api.w.org\/{rel}","templated":true}]}}