{"id":136604,"date":"2025-07-29T13:09:19","date_gmt":"2025-07-29T13:09:19","guid":{"rendered":"https:\/\/www.customywear.com\/?post_type=product&#038;p=136604"},"modified":"2026-05-05T20:23:26","modified_gmt":"2026-05-05T20:23:26","slug":"individuelles-damen-laeufer-jogger-t-shirt","status":"publish","type":"product","link":"https:\/\/www.customywear.com\/de\/custom-womens-runner-jogger-tshirt\/","title":{"rendered":"Individuelles Damen T-Shirt f\u00fcr L\u00e4uferinnen und Joggerinnen \u2013 Personalisiertes Geschenk f\u00fcr M\u00fctter, Schwestern, Ehefrauen und Freundinnen"},"content":{"rendered":"<p>Feiern Sie einen aktiven Lebensstil mit unserem individuellen Lauf- und Jogging-T-Shirt f\u00fcr Damen, individuell gestaltet nach Ihrem Foto. Dieses personalisierte T-Shirt wurde f\u00fcr L\u00e4uferinnen, Joggerinnen, M\u00fctter, Schwestern, Ehefrauen und Freundinnen entworfen und vereint digitale Kunst mit hochwertiger, weicher Baumwolle f\u00fcr dauerhaften Komfort und Lebendigkeit. Ob beim Wandern oder Entspannen zu Hause \u2013 es ist das perfekte motivierende Geschenk, das Ihre Leidenschaft f\u00fcr Outdoor-Fitness w\u00fcrdigt und wertvolle Erinnerungen in tragbare Kunst verwandelt.<\/p>","protected":false},"excerpt":{"rendered":"<p>Empower women runners with a Custom Women&#8217;s T-Shirt. Personalized Gifts for Mothers, Sisters, Wives, and Girlfriends transform any photo into a sporty, unique tee.<\/p>","protected":false},"featured_media":136636,"comment_status":"open","ping_status":"closed","template":"","meta":{"_acf_changed":false},"product_brand":[],"product_cat":[6191,6411,6412,6428,75,6352],"product_tag":[6214,6433,6328,229,6215],"class_list":{"0":"post-136604","1":"product","2":"type-product","3":"status-publish","4":"has-post-thumbnail","6":"product_cat-t-shirts-women","7":"product_cat-custom-gifts-ai-jogging-runner","8":"product_cat-photo-to-tees","9":"product_cat-translate-products","10":"product_cat-women","11":"product_cat-womens-sports-t-shirts","12":"product_tag-affordable-custom-t-shirts","13":"product_tag-ai-artwork","14":"product_tag-custom-image-t-shirt-for-women","15":"product_tag-custom-tee-shirts","16":"product_tag-screen-printing-near-me","18":"first","19":"instock","20":"taxable","21":"shipping-taxable","22":"purchasable","23":"product-type-simple"},"acf":[],"wcpa_form_fields":null,"_links":{"self":[{"href":"https:\/\/www.customywear.com\/de\/wp-json\/wp\/v2\/product\/136604","targetHints":{"allow":["GET"]}}],"collection":[{"href":"https:\/\/www.customywear.com\/de\/wp-json\/wp\/v2\/product"}],"about":[{"href":"https:\/\/www.customywear.com\/de\/wp-json\/wp\/v2\/types\/product"}],"replies":[{"embeddable":true,"href":"https:\/\/www.customywear.com\/de\/wp-json\/wp\/v2\/comments?post=136604"}],"wp:featuredmedia":[{"embeddable":true,"href":"https:\/\/www.customywear.com\/de\/wp-json\/wp\/v2\/media\/136636"}],"wp:attachment":[{"href":"https:\/\/www.customywear.com\/de\/wp-json\/wp\/v2\/media?parent=136604"}],"wp:term":[{"taxonomy":"product_brand","embeddable":true,"href":"https:\/\/www.customywear.com\/de\/wp-json\/wp\/v2\/product_brand?post=136604"},{"taxonomy":"product_cat","embeddable":true,"href":"https:\/\/www.customywear.com\/de\/wp-json\/wp\/v2\/product_cat?post=136604"},{"taxonomy":"product_tag","embeddable":true,"href":"https:\/\/www.customywear.com\/de\/wp-json\/wp\/v2\/product_tag?post=136604"}],"curies":[{"name":"wp","href":"https:\/\/api.w.org\/{rel}","templated":true}]}}