{"id":21396,"date":"2023-07-28T13:49:45","date_gmt":"2023-07-28T13:49:45","guid":{"rendered":"https:\/\/www.customywear.com\/?post_type=product&#038;p=21396"},"modified":"2026-05-05T20:24:07","modified_gmt":"2026-05-05T20:24:07","slug":"personalisiertes-einhorn-reiter-shirt-magie","status":"publish","type":"product","link":"https:\/\/www.customywear.com\/de\/personalized-unicorn-rider-shirt-magic\/","title":{"rendered":"Personalisiertes Einhorn-Reiter-Shirt \u2013 Umarme die Magie!"},"content":{"rendered":"<p>Tauche ein in eine Welt voller Zauber mit unserem personalisierten Einhorn-Reiter-Shirt! Anhand deines Fotos gestalten wir eine magische Illustration, die dich auf einem majest\u00e4tischen Einhorn zeigt. Lass deiner Fantasie freien Lauf und trage dieses personalisierte T-Shirt, um deine Liebe zu Fabelwesen und allem Magischen auszudr\u00fccken. Dieses Unisex-Shirt ist f\u00fcr Einhorn-Fans jeden Alters geeignet \u2013 von Erwachsenen \u00fcber Jugendliche bis hin zu den Kleinen, die an das Wunder der Einh\u00f6rner glauben. Dank unserer hochwertigen Vektorgrafiken und des pr\u00e4zisen DTG-Drucks erwacht das Kunstwerk auf diesem Shirt zum Leben. Es f\u00e4ngt die \u00e4therische Essenz des Einhorns lebendig ein und schafft ein wahrhaft auff\u00e4lliges Design. Wenn du das perfekte Geschenk f\u00fcr Einhorn-Liebhaber suchst oder einfach deine Faszination f\u00fcr das Mystische zum Ausdruck bringen m\u00f6chtest, ist unser personalisiertes Einhorn-Reiter-Shirt die ideale Wahl. Lass dich von der Magie verzaubern, verbreite Freude und erg\u00e4nze deine Sammlung mit diesem personalisierten T-Shirt. Bei Fragen oder f\u00fcr weitere Unterst\u00fctzung wende dich gerne an uns. Lassen Sie sich mit unserem personalisierten Unicorn Rider-Shirt verzaubern und zeigen Sie der Welt, dass die Magie in Ihrem Herzen lebendig ist!<\/p>","protected":false},"excerpt":{"rendered":"<p>Umfassen Sie Magie mit einem personalisierten Einhorn-Reiter-Shirt. Benutzerdefinierte T-Shirts verwandeln jedes Foto in ein lustiges, einzigartiges magisches T-Shirt.<\/p>","protected":false},"featured_media":126419,"comment_status":"open","ping_status":"closed","template":"","meta":{"_acf_changed":false},"product_brand":[],"product_cat":[6195,360,6269,186,6374,6347,6412,6434,6428],"product_tag":[560,943,6216,298,5762,803],"class_list":{"0":"post-21396","1":"product","2":"type-product","3":"status-publish","4":"has-post-thumbnail","6":"product_cat-t-shirts-men","7":"product_cat-animal-lovers","8":"product_cat-custom-gifts-unicorn","9":"product_cat-men","10":"product_cat-mens-animal-t-shirts","11":"product_cat-mens-wedding-t-shirts","12":"product_cat-photo-to-tees","13":"product_cat-t-shirts-for-men-v2","14":"product_cat-translate-products","15":"product_tag-adventure_shirt","16":"product_tag-animal_shirt","17":"product_tag-mens-custom-t-shirts","18":"product_tag-outdoor_shirt","19":"product_tag-unicorn-graphic-tee","20":"product_tag-wedding_gift","21":"wcpa_has_options","23":"first","24":"instock","25":"taxable","26":"shipping-taxable","27":"purchasable","28":"product-type-simple"},"acf":[],"wcpa_form_fields":{"wcpaData":{"product":{"product_price":24.99,"price_html":"<span class=\"wmc-wc-price\" ><span class=\"woocommerce-Price-amount amount\"><bdi><span class=\"woocommerce-Price-currencySymbol\">&euro;<\/span>24,99<\/bdi><\/span><span data-wmc_price_cache=\"{&quot;USD&quot;:&quot;&lt;span class=\\&quot;woocommerce-Price-amount amount\\&quot;&gt;&lt;bdi&gt;&lt;span class=\\&quot;woocommerce-Price-currencySymbol\\&quot;&gt;&amp;#36;&lt;\\\/span&gt;29,24&lt;\\\/bdi&gt;&lt;\\\/span&gt;&quot;,&quot;EUR&quot;:&quot;&lt;span class=\\&quot;woocommerce-Price-amount amount\\&quot;&gt;&lt;bdi&gt;&lt;span class=\\&quot;woocommerce-Price-currencySymbol\\&quot;&gt;&amp;euro;&lt;\\\/span&gt;24,99&lt;\\\/bdi&gt;&lt;\\\/span&gt;&quot;,&quot;CAD&quot;:&quot;&lt;span class=\\&quot;woocommerce-Price-amount amount\\&quot;&gt;&lt;bdi&gt;&lt;span class=\\&quot;woocommerce-Price-currencySymbol\\&quot;&gt;CAD$ &lt;\\\/span&gt;40,23&lt;\\\/bdi&gt;&lt;\\\/span&gt;&quot;,&quot;GBP&quot;:&quot;&lt;span class=\\&quot;woocommerce-Price-amount amount\\&quot;&gt;&lt;bdi&gt;&lt;span class=\\&quot;woocommerce-Price-currencySymbol\\&quot;&gt;&amp;pound;&lt;\\\/span&gt;21,74&lt;\\\/bdi&gt;&lt;\\\/span&gt;&quot;,&quot;PLN&quot;:&quot;&lt;span class=\\&quot;woocommerce-Price-amount amount\\&quot;&gt;&lt;bdi&gt;&lt;span class=\\&quot;woocommerce-Price-currencySymbol\\&quot;&gt;z\\u0142 &lt;\\\/span&gt;106,21&lt;\\\/bdi&gt;&lt;\\\/span&gt;&quot;,&quot;SEK&quot;:&quot;&lt;span class=\\&quot;woocommerce-Price-amount amount\\&quot;&gt;&lt;bdi&gt;&lt;span class=\\&quot;woocommerce-Price-currencySymbol\\&quot;&gt;kr &lt;\\\/span&gt;272,14&lt;\\\/bdi&gt;&lt;\\\/span&gt;&quot;,&quot;AUD&quot;:&quot;&lt;span class=\\&quot;woocommerce-Price-amount amount\\&quot;&gt;&lt;bdi&gt;&lt;span class=\\&quot;woocommerce-Price-currencySymbol\\&quot;&gt;AUD$ &lt;\\\/span&gt;40,73&lt;\\\/bdi&gt;&lt;\\\/span&gt;&quot;,&quot;JPY&quot;:&quot;&lt;span class=\\&quot;woocommerce-Price-amount amount\\&quot;&gt;&lt;bdi&gt;&lt;span class=\\&quot;woocommerce-Price-currencySymbol\\&quot;&gt;&amp;yen;&lt;\\\/span&gt;4.627,15&lt;\\\/bdi&gt;&lt;\\\/span&gt;&quot;,&quot;CZK&quot;:&quot;&lt;span class=\\&quot;woocommerce-Price-amount amount\\&quot;&gt;&lt;bdi&gt;&lt;span class=\\&quot;woocommerce-Price-currencySymbol\\&quot;&gt;K\\u010d &lt;\\\/span&gt;608,01&lt;\\\/bdi&gt;&lt;\\\/span&gt;&quot;,&quot;NZD&quot;:&quot;&lt;span class=\\&quot;woocommerce-Price-amount amount\\&quot;&gt;&lt;bdi&gt;&lt;span class=\\&quot;woocommerce-Price-currencySymbol\\&quot;&gt;NZD$ &lt;\\\/span&gt;49,48&lt;\\\/bdi&gt;&lt;\\\/span&gt;&quot;,&quot;CHF&quot;:&quot;&lt;span class=\\&quot;woocommerce-Price-amount amount\\&quot;&gt;&lt;bdi&gt;&lt;span class=\\&quot;woocommerce-Price-currencySymbol\\&quot;&gt;CHF &lt;\\\/span&gt;22,99&lt;\\\/bdi&gt;&lt;\\\/span&gt;&quot;}\" style=\"display: none;\" class=\"wmc-price-cache-list\"><\/span><\/span>","original_product_price":24.99,"price_including_tax":24.99,"price_excluding_tax":20.825,"product_id":{"parent":21396,"variation":false},"is_variable":false,"stock_status":"instock","stock_quantity":null,"parent_sku":"custom-tees-593","product_attributes":{"pa_style":{"is_variation":false,"values":["mens-t-shirt"]},"pa_customization":{"is_variation":false,"values":["add-your-photo","add-your-text-or-name","add-your-logo"]},"pa_material":{"is_variation":false,"values":["100-cotton"]},"pa_key-details":{"is_variation":false,"values":["unisex","regular-fit","premium-quality","digital-art"]},"pa_brand":{"is_variation":false,"values":["customywear"]},"pa_age-group":{"is_variation":false,"values":["adult"]},"pa_color":{"is_variation":false,"values":["black","white","navy","red"]},"pa_print-type":{"is_variation":false,"values":["dtg-print-direct-to-garment"]},"pa_gender":{"is_variation":false,"values":["male"]},"pa_size":{"is_variation":false,"values":["xs","s","m","l","xl","2xl","3xl"]}},"custom_fields":[],"is_taxable":true,"product_name":"Personalized Unicorn Rider Shirt - Embrace the Magic!"},"fields":{"sec_1068de9b44c0f6f":{"extra":{"key":"sec_1068de9b44c0f6f","section_id":"sec_1068de9b44c0f6f","name":"T-shirt size and color","status":1,"cl_rule":"show","enableCl":false,"relations":[],"toggle":true,"title_tag":"h4","show_title":false,"showPrice":"default","form_id":137485,"form_rules":{"exclude_from_discount":false,"fee_label":"Fee","disp_hide_options_price":false,"disp_show_section_price":false,"disp_show_field_price":true,"layout_option":"standard","pric_use_as_fee":false,"process_fee_as":"woo_fee"},"layout_option":"standard"},"fields":[[{"active":true,"col":6,"relations":false,"cl_rule":"show","enableCl":false,"price":"","enablePrice":false,"className":"","label_position":"default","desc_position":"default","type":"color-group","required":false,"elementId":"color_group_4192445621","label":"Color","name":"color_group_4192445621","disp_type":"circle","values":[{"label":"Black","value":"Black","selected":false,"color":"#000000","tempId":"aco_50","gt_translate_keys":["label"]},{"label":"White","value":"White","selected":false,"color":"#ffffff","tempId":"aco_51","gt_translate_keys":["label"]},{"label":"Navy","value":"Navy","selected":false,"color":"#213a92","tempId":"aco_52","gt_translate_keys":["label"]},{"label":"Red","value":"Red","selected":false,"color":"#d0021b","tempId":"aco_123","gt_translate_keys":["label"]}],"layOut":"inline","error":false,"selection_type":"tick-border","show_selected_option":true,"adjust_width":true,"cart_display_type":"text","gt_translate_keys":["label"],"price_dependency":false,"cl_dependency":false,"value":""}],[{"active":true,"col":6,"relations":false,"cl_rule":"show","enableCl":false,"price":"","enablePrice":false,"className":"","label_position":"default","desc_position":"default","type":"radio-group","required":false,"elementId":"radio-group_068de9b44c0fb0","label":"Size ","name":"radio-group_068de9b44c0fb0","values":[{"label":"XS","value":"XS","selected":false,"tempId":"aco_80","gt_translate_keys":["label"]},{"label":"S","value":"S","selected":false,"tempId":"aco_81","gt_translate_keys":["label"]},{"label":"M","value":"M","selected":false,"tempId":"aco_82","gt_translate_keys":["label"]},{"label":"L","value":"L","selected":false,"tempId":"aco_155","gt_translate_keys":["label"]},{"label":"XL","value":"XL","selected":false,"tempId":"aco_165","gt_translate_keys":["label"]},{"label":"2Xl","value":"2Xl","selected":false,"tempId":"aco_175","gt_translate_keys":["label"]},{"label":"3XL","value":"3XL","selected":false,"tempId":"aco_185","gt_translate_keys":["label"]}],"layOut":"inline","error":false,"checkUi":"button","show_selected_option":true,"gt_translate_keys":["label"],"price_dependency":false,"cl_dependency":false,"value":""}],[{"active":true,"col":6,"relations":[{"operator":false,"rules":[{"operator":"AND","rules":{"cl_field":"select_1672e1bffc57b9","cl_relation":"is_empty","cl_val":true}}]}],"cl_rule":"hide","enableCl":false,"price":"","enablePrice":false,"className":"","label_position":"default","desc_position":"default","type":"file","required":false,"elementId":"file_868de9b44c0fc8","name":"file_868de9b44c0fc8","label":"Upload your photo(s)","upload_type":"droppable","uploadSize":"50","file_types":["images","docs","design"],"exts_supported":[],"error":false,"hideImageIn_email":true,"multiple_upload":true,"max_file_count":"25","tooltip":"Please upload clear photos where the person is looking directly at the camera","cartLabel":"Photo(s)","allowedFileTypes":"image\/*,.doc,.docx,.xml,.dot,.docm,.dotm,.dotx,.htm,.html,.odt,.pdf,.rtf,.txt,.wps,.xps,application\/msword,application\/vnd,.psd,.eps,.ai,.indd,.raw","gt_translate_keys":["label","tooltip"],"price_dependency":false,"cl_dependency":false,"value":""}],[{"active":true,"col":6,"relations":false,"cl_rule":"show","enableCl":false,"price":"","enablePrice":false,"className":"","label_position":"default","desc_position":"default","type":"checkbox","required":false,"elementId":"checkbox_268de9b44c0fdd","label":"View more options","name":"checkbox_268de9b44c0fdd","value":"","check_value":"Yes","checkUi":"","error":false,"hideFieldIn_cart":true,"hideFieldIn_order":true,"gt_translate_keys":["label","value","check_value"],"price_dependency":false,"cl_dependency":["text_068de9b44c0fef","radio-group_368de9b44c1005","radio-group_868de9b44c101a"]}],[{"active":true,"col":6,"relations":[{"operator":false,"rules":[{"operator":"AND","rules":{"cl_field":"checkbox_268de9b44c0fdd","cl_relation":"is","cl_val":true}}]}],"cl_rule":"show","enableCl":true,"price":"","enablePrice":false,"className":"","label_position":"default","desc_position":"default","type":"text","subtype":"text","required":false,"elementId":"text_068de9b44c0fef","label":"Add text to your T-shirt design (optional)","name":"text_068de9b44c0fef","value":"","error":false,"tooltip":"Your text will be added to the top or bottom of the T-shirt design.","placeholder":"eg: \"Michael: The best man ever\"","cartLabel":"Text","gt_translate_keys":["label","placeholder","value","tooltip"],"price_dependency":false,"cl_dependency":false}],[{"active":true,"col":6,"relations":[{"operator":false,"rules":[{"operator":"AND","rules":{"cl_field":"checkbox_268de9b44c0fdd","cl_relation":"is","cl_val":true}}]}],"cl_rule":"show","enableCl":true,"price":"","enablePrice":false,"className":"","label_position":"default","desc_position":"default","type":"radio-group","required":true,"elementId":"radio-group_368de9b44c1005","label":"Select t-shirt print location","name":"radio-group_368de9b44c1005","values":[{"label":"Front Side","value":"Front Side","selected":true,"tempId":"aco_5504","gt_translate_keys":["label"]},{"label":"Back Side","value":"Back Side","selected":false,"tempId":"aco_5505","gt_translate_keys":["label"]}],"layOut":"inline","error":false,"checkUi":"","hideFieldIn_cart":false,"cartLabel":"Print location","gt_translate_keys":["label"],"price_dependency":false,"cl_dependency":false,"value":""}],[{"active":true,"col":6,"relations":[{"operator":false,"rules":[{"operator":"AND","rules":{"cl_field":"checkbox_268de9b44c0fdd","cl_relation":"is","cl_val":true}}]}],"cl_rule":"show","enableCl":true,"price":"","enablePrice":false,"className":"","label_position":"default","desc_position":"default","type":"radio-group","required":false,"elementId":"radio-group_868de9b44c101a","label":"Would you like to review the design before printing?","name":"radio-group_868de9b44c101a","values":[{"label":"No","value":"No","selected":true,"tempId":"aco_6274","gt_translate_keys":["label"]},{"label":"Yes","value":"Yes","selected":false,"tempId":"aco_6275","price":"","gt_translate_keys":["label"]}],"layOut":"inline","error":false,"checkUi":"","priceOptions":"different_for_all","pricingType":"fixed","use_as_fee":false,"fee_label":"Preview Image","tooltip":"If yes, we\u2019ll email you a preview of the design before printing. This may add 1-2 days to delivery time.*","hideFieldIn_cart":true,"gt_translate_keys":["label","tooltip"],"price_dependency":false,"cl_dependency":["content_968de9b44c102d"],"value":""}],[{"active":true,"col":6,"relations":[{"operator":false,"rules":[{"operator":"AND","rules":{"cl_field":"radio-group_868de9b44c101a","cl_relation":"is","cl_val":"Yes"}}]}],"cl_rule":"show","enableCl":true,"price":"","enablePrice":false,"className":"","label_position":"default","desc_position":"default","type":"content","required":false,"elementId":"content_968de9b44c102d","label":"","name":"content_968de9b44c102d","contentType":"plain","value":"Please check your inbox, including Spam or other folders, within 1-2 business days for the preview image","error":false,"subtype":"p","hideFieldIn_cart":true,"hideFieldIn_order":true,"gt_translate_keys":["label","value"],"price_dependency":false,"cl_dependency":false}]]}},"config":{"price_override":"","enable_recaptcha":false,"bind_quantity":false,"quantity_bind_formula":false,"disp_summ_show_option_price":false,"disp_summ_show_product_price":false,"disp_summ_show_total_price":false,"disp_summ_show_fee":false,"disp_summ_show_discount":false,"summary_title":"","options_total_label":"Options Price","total_label":"Total","options_product_label":"Product Price","fee_label":"Fee","discount_label":"Discount","has_price":true,"has_quantity_formula":false},"mc_unit":1,"tax_rate":1,"tax_rate_real":0,"discount":{"percentage":0,"fixed":0},"design":{"conf":{"LabelPosition":"above","DescPosition":"above","UploadField":"default","QuantityFieldStyle":"default"},"css":{"LeftLabelWidth":"120px"}},"formulas":[],"clones":false,"cartKey":false}},"_links":{"self":[{"href":"https:\/\/www.customywear.com\/de\/wp-json\/wp\/v2\/product\/21396","targetHints":{"allow":["GET"]}}],"collection":[{"href":"https:\/\/www.customywear.com\/de\/wp-json\/wp\/v2\/product"}],"about":[{"href":"https:\/\/www.customywear.com\/de\/wp-json\/wp\/v2\/types\/product"}],"replies":[{"embeddable":true,"href":"https:\/\/www.customywear.com\/de\/wp-json\/wp\/v2\/comments?post=21396"}],"wp:featuredmedia":[{"embeddable":true,"href":"https:\/\/www.customywear.com\/de\/wp-json\/wp\/v2\/media\/126419"}],"wp:attachment":[{"href":"https:\/\/www.customywear.com\/de\/wp-json\/wp\/v2\/media?parent=21396"}],"wp:term":[{"taxonomy":"product_brand","embeddable":true,"href":"https:\/\/www.customywear.com\/de\/wp-json\/wp\/v2\/product_brand?post=21396"},{"taxonomy":"product_cat","embeddable":true,"href":"https:\/\/www.customywear.com\/de\/wp-json\/wp\/v2\/product_cat?post=21396"},{"taxonomy":"product_tag","embeddable":true,"href":"https:\/\/www.customywear.com\/de\/wp-json\/wp\/v2\/product_tag?post=21396"}],"curies":[{"name":"wp","href":"https:\/\/api.w.org\/{rel}","templated":true}]}}