{"id":31490,"date":"2024-04-09T23:46:20","date_gmt":"2024-04-09T23:46:20","guid":{"rendered":"https:\/\/www.customywear.com\/?post_type=product&#038;p=31490"},"modified":"2026-05-13T19:50:29","modified_gmt":"2026-05-13T19:50:29","slug":"golfshirt-fur-paare","status":"publish","type":"product","link":"https:\/\/www.customywear.com\/de\/couples-golf-shirt\/","title":{"rendered":"Golf-T-Shirts f\u00fcr Paare \u2013 Personalisierte T-Shirts f\u00fcr stilvolle Golf-Duos"},"content":{"rendered":"<p><span data-sheets-root=\"1\" data-sheets-value=\"{&quot;1&quot;:2,&quot;2&quot;:&quot;Couples Golf Shirt - Hit the fairways in style with our custom couples golf shirts! Whether you're teeing off with your significant other or hitting the links with a friend, these shirts are perfect for both men and women, boys and girls, even toddlers! Each shirt features unique artwork hand-drawn from your photos, ensuring you and your partner stand out on the course with personalized designs that reflect your shared love of golf.&quot;}\" data-sheets-userformat=\"{&quot;2&quot;:4993,&quot;3&quot;:{&quot;1&quot;:0},&quot;10&quot;:1,&quot;11&quot;:3,&quot;12&quot;:0,&quot;15&quot;:&quot;Arial&quot;}\">Golf-Shirt f\u00fcr Paare \u2013 Mit unseren individuellen Golf-Shirts f\u00fcr Paare sind Sie stilvoll auf dem Golfplatz! Ob Sie mit Ihrem Partner oder mit einem Freund abschlagen \u2013 diese Shirts sind perfekt f\u00fcr M\u00e4nner und Frauen, Jungen und M\u00e4dchen und sogar Kleinkinder! Jedes Shirt besticht durch ein einzigartiges, von Hand gezeichnetes Motiv Ihrer Fotos. So fallen Sie und Ihr Partner auf dem Platz mit personalisierten Designs auf, die Ihre gemeinsame Liebe zum Golf widerspiegeln.<\/span><\/p>","protected":false},"excerpt":{"rendered":"<p>Abschlag zusammen mit Paaren Golf Shirts. Personalisierte T-Shirts f\u00fcr stilvolle Golf-Duos verwandeln jedes Foto in passende, einzigartige T-Shirts.<\/p>","protected":false},"featured_media":143873,"comment_status":"open","ping_status":"closed","template":"","meta":{"_acf_changed":false},"product_brand":[],"product_cat":[6197,6365,6369,933,6412,6428],"product_tag":[6440,6218,237],"class_list":{"0":"post-31490","1":"product","2":"type-product","3":"status-publish","4":"has-post-thumbnail","6":"product_cat-t-shirts-couple","7":"product_cat-couples-sports-t-shirts","8":"product_cat-couples-summer-t-shirts","9":"product_cat-custom-gifts-golf-players","10":"product_cat-photo-to-tees","11":"product_cat-translate-products","12":"product_tag-ai-artwork-couple","13":"product_tag-making-your-own-t-shirts","14":"product_tag-personalized-t-shirts","16":"first","17":"instock","18":"taxable","19":"shipping-taxable","20":"purchasable","21":"product-type-simple"},"acf":[],"wcpa_form_fields":null,"_links":{"self":[{"href":"https:\/\/www.customywear.com\/de\/wp-json\/wp\/v2\/product\/31490","targetHints":{"allow":["GET"]}}],"collection":[{"href":"https:\/\/www.customywear.com\/de\/wp-json\/wp\/v2\/product"}],"about":[{"href":"https:\/\/www.customywear.com\/de\/wp-json\/wp\/v2\/types\/product"}],"replies":[{"embeddable":true,"href":"https:\/\/www.customywear.com\/de\/wp-json\/wp\/v2\/comments?post=31490"}],"wp:featuredmedia":[{"embeddable":true,"href":"https:\/\/www.customywear.com\/de\/wp-json\/wp\/v2\/media\/143873"}],"wp:attachment":[{"href":"https:\/\/www.customywear.com\/de\/wp-json\/wp\/v2\/media?parent=31490"}],"wp:term":[{"taxonomy":"product_brand","embeddable":true,"href":"https:\/\/www.customywear.com\/de\/wp-json\/wp\/v2\/product_brand?post=31490"},{"taxonomy":"product_cat","embeddable":true,"href":"https:\/\/www.customywear.com\/de\/wp-json\/wp\/v2\/product_cat?post=31490"},{"taxonomy":"product_tag","embeddable":true,"href":"https:\/\/www.customywear.com\/de\/wp-json\/wp\/v2\/product_tag?post=31490"}],"curies":[{"name":"wp","href":"https:\/\/api.w.org\/{rel}","templated":true}]}}