{"id":34997,"date":"2024-05-01T13:32:49","date_gmt":"2024-05-01T13:32:49","guid":{"rendered":"https:\/\/www.customywear.com\/?post_type=product&#038;p=34997"},"modified":"2026-05-07T15:29:46","modified_gmt":"2026-05-07T15:29:46","slug":"kindergarten-abschluss-t-shirts","status":"publish","type":"product","link":"https:\/\/www.customywear.com\/de\/kindergarten-graduation-t-shirts\/","title":{"rendered":"Kindergarten-Abschluss-T-Shirt \u2013 T-Shirt auf Bestellung"},"content":{"rendered":"<p>F\u00fcr dieses individuelle Abschluss-T-Shirt zeichnen wir Ihr Foto digital von Hand und kreieren so eine einzigartige Figur im Abschlussoutfit. Unsere Shirts aus 100 % weicher Baumwolle sind bequem und angenehm auf der Haut. Dank Premium-Qualit\u00e4t und hochwertigem DTG-Druck ist das Design lebendig und langlebig. Unsere regul\u00e4re Passform ist perfekt f\u00fcr den Alltag und passt als Unisex-Shirt jedem! Jedes Design wird fachm\u00e4nnisch von Hand gezeichnet, sodass Ihr T-Shirt individuell und einzigartig ist. Bestellen Sie noch heute und feiern Sie Ihre Erfolge mit Stil!<\/p>","protected":false},"excerpt":{"rendered":"<p>Feiern Sie fr\u00fche Lernende mit Kindergarten-Abschluss-T-Shirts. Auf Bestellung gefertigte T-Shirts verwandeln jedes Foto in ein verspieltes, einzigartiges Shirt.<\/p>","protected":false},"featured_media":142823,"comment_status":"open","ping_status":"closed","template":"","meta":{"_acf_changed":false},"product_brand":[],"product_cat":[6193,2090,6412,6428],"product_tag":[6433,6439,6221],"class_list":{"0":"post-34997","1":"product","2":"type-product","3":"status-publish","4":"has-post-thumbnail","6":"product_cat-girls-t-shirts","7":"product_cat-custom-gifts-graduation","8":"product_cat-photo-to-tees","9":"product_cat-translate-products","10":"product_tag-ai-artwork","11":"product_tag-ai-kids-artwork","12":"product_tag-custom-t-shirts-near-me","14":"first","15":"instock","16":"taxable","17":"shipping-taxable","18":"purchasable","19":"product-type-simple"},"acf":[],"wcpa_form_fields":null,"_links":{"self":[{"href":"https:\/\/www.customywear.com\/de\/wp-json\/wp\/v2\/product\/34997","targetHints":{"allow":["GET"]}}],"collection":[{"href":"https:\/\/www.customywear.com\/de\/wp-json\/wp\/v2\/product"}],"about":[{"href":"https:\/\/www.customywear.com\/de\/wp-json\/wp\/v2\/types\/product"}],"replies":[{"embeddable":true,"href":"https:\/\/www.customywear.com\/de\/wp-json\/wp\/v2\/comments?post=34997"}],"wp:featuredmedia":[{"embeddable":true,"href":"https:\/\/www.customywear.com\/de\/wp-json\/wp\/v2\/media\/142823"}],"wp:attachment":[{"href":"https:\/\/www.customywear.com\/de\/wp-json\/wp\/v2\/media?parent=34997"}],"wp:term":[{"taxonomy":"product_brand","embeddable":true,"href":"https:\/\/www.customywear.com\/de\/wp-json\/wp\/v2\/product_brand?post=34997"},{"taxonomy":"product_cat","embeddable":true,"href":"https:\/\/www.customywear.com\/de\/wp-json\/wp\/v2\/product_cat?post=34997"},{"taxonomy":"product_tag","embeddable":true,"href":"https:\/\/www.customywear.com\/de\/wp-json\/wp\/v2\/product_tag?post=34997"}],"curies":[{"name":"wp","href":"https:\/\/api.w.org\/{rel}","templated":true}]}}